{"id":22851,"date":"2023-04-20T13:51:55","date_gmt":"2023-04-20T11:51:55","guid":{"rendered":"https:\/\/wateryou.eu\/product\/pond-net-daphnia-teleskopisch-stahl-teichnetz\/"},"modified":"2023-04-20T13:51:55","modified_gmt":"2023-04-20T11:51:55","slug":"pond-net-daphnia-teleskopisch-stahl-teichnetz","status":"publish","type":"product","link":"https:\/\/wateryou.eu\/de\/produkt\/pond-net-daphnia-teleskopisch-stahl-teichnetz\/","title":{"rendered":"Pond Net Daphnia + teleskopisch. Stahl &#8211; Teichnetz"},"content":{"rendered":"<p>Diese multifunktionalen Angel- und Teichkescher sind ein Muss f\u00fcr jeden Angler und Teichliebhaber. Durch den Teleskopstiel k\u00f6nnen Sie die L\u00e4nge des Keschers selbst bestimmen. Das Netz ist in vier verschiedenen Ausf\u00fchrungen erh\u00e4ltlich: 25 x 25 cm, 30 x 30 cm, 35 x 35 cm und Daphnia. Die Netze sind aus hochwertigen, langlebigen Materialien wie Polyester und Stahl gefertigt und verf\u00fcgen \u00fcber einen stabilen, komfortablen Griff. Es ist leicht, sodass sich das Netz einfach tragen l\u00e4sst, und dennoch stark genug, um gr\u00f6\u00dfere Fischarten zu fangen. Die Teichkescher sind f\u00fcr den Fang kleinerer Fischarten und Wasserpflanzen konzipiert und schonen gleichzeitig die Umwelt. Die Netze sind au\u00dferdem mit feinen Maschen ausgestattet, sodass die gefangenen Fische oder Pflanzen leicht zu sehen und freizulassen sind.      <\/p>\n","protected":false},"excerpt":{"rendered":"<p>feinmaschiger Kescher mit Teleskopstiel<\/p>\n","protected":false},"featured_media":21856,"comment_status":"closed","ping_status":"closed","template":"","meta":{"_acf_changed":false,"_seopress_robots_primary_cat":"","_seopress_titles_title":"","_seopress_titles_desc":"","_seopress_robots_index":""},"product_brand":[],"product_cat":[1183,1143,1148],"product_tag":[1193],"class_list":{"0":"post-22851","1":"product","2":"type-product","3":"status-publish","4":"has-post-thumbnail","6":"product_cat-setzkescher","7":"product_cat-teile-und-wartung","8":"product_cat-wartung","9":"product_tag-teichnetz","10":"product_shipping_class-nl-standard-de","11":"pa_formaat-25-x-25-cm-de","12":"yith_product_brand-vt-de-2","13":"entry","14":"has-media","16":"first","17":"instock","18":"taxable","19":"shipping-taxable","20":"purchasable","21":"product-type-simple","22":"col","23":"span_1_of_4","24":"wvn-content-left","25":"wvn-thumbs-layout-vertical","26":"wvn-btn-normal","27":"wvn-tabs-layout-vertical"},"acf":[],"_links":{"self":[{"href":"https:\/\/wateryou.eu\/de\/wp-json\/wp\/v2\/product\/22851","targetHints":{"allow":["GET"]}}],"collection":[{"href":"https:\/\/wateryou.eu\/de\/wp-json\/wp\/v2\/product"}],"about":[{"href":"https:\/\/wateryou.eu\/de\/wp-json\/wp\/v2\/types\/product"}],"replies":[{"embeddable":true,"href":"https:\/\/wateryou.eu\/de\/wp-json\/wp\/v2\/comments?post=22851"}],"wp:featuredmedia":[{"embeddable":true,"href":"https:\/\/wateryou.eu\/de\/wp-json\/wp\/v2\/media\/21856"}],"wp:attachment":[{"href":"https:\/\/wateryou.eu\/de\/wp-json\/wp\/v2\/media?parent=22851"}],"wp:term":[{"taxonomy":"product_brand","embeddable":true,"href":"https:\/\/wateryou.eu\/de\/wp-json\/wp\/v2\/product_brand?post=22851"},{"taxonomy":"product_cat","embeddable":true,"href":"https:\/\/wateryou.eu\/de\/wp-json\/wp\/v2\/product_cat?post=22851"},{"taxonomy":"product_tag","embeddable":true,"href":"https:\/\/wateryou.eu\/de\/wp-json\/wp\/v2\/product_tag?post=22851"}],"curies":[{"name":"wp","href":"https:\/\/api.w.org\/{rel}","templated":true}]}}