{"id":22847,"date":"2023-04-20T13:51:55","date_gmt":"2023-04-20T11:51:55","guid":{"rendered":"https:\/\/wateryou.eu\/product\/mineral-plus-2\/"},"modified":"2023-04-20T13:51:55","modified_gmt":"2023-04-20T11:51:55","slug":"mineral-plus-2","status":"publish","type":"product","link":"https:\/\/wateryou.eu\/de\/produkt\/mineral-plus-2\/","title":{"rendered":"Mineral Plus"},"content":{"rendered":"<p>Mit Mineral Plus verf\u00fcgt Ihr Teich \u00fcber das optimale Mineraliengleichgewicht, um eine stabile und gesunde Teichumgebung zu schaffen. Diese Fl\u00fcssigkeit enth\u00e4lt ausschlie\u00dflich nat\u00fcrliche Mineralien und Spurenelemente und ist umweltfreundlich. Mit einer Mineralh\u00e4rte von mindestens 8 ?DH erh\u00f6ht Mineral Plus die H\u00e4rte und f\u00f6rdert einen ausgeglichenen Mineralhaushalt.<\/p>\n<p>Mineral Plus ist in Packungen zu 1000 und 1500 ml erh\u00e4ltlich. Diese Fl\u00fcssigkeit enth\u00e4lt:<br \/>\n&#8211; Nat\u00fcrliche Mineralien<br \/>\n&#8211; Spurenelemente<br \/>\n&#8211; Keine chemischen Zus\u00e4tze <\/p>\n<p>Mit Mineral Plus verf\u00fcgt Ihr Teich \u00fcber das optimale Mineraliengleichgewicht, um eine stabile und gesunde Teichumgebung zu schaffen. Diese umweltfreundliche Fl\u00fcssigkeit f\u00f6rdert einen ausgeglichenen Mineralhaushalt und wirkt h\u00e4rtesteigernd bei einer Mineralh\u00e4rte von mindestens 8 ?DH. Bestellen Sie Mineral Plus noch heute in den 1000 und 1500 ml Packungen.<\/p>\n","protected":false},"excerpt":{"rendered":"<p>verbessert die H\u00e4rte und Wasserqualit\u00e4t<\/p>\n","protected":false},"featured_media":21649,"comment_status":"closed","ping_status":"closed","template":"","meta":{"_acf_changed":false,"_seopress_robots_primary_cat":"none","_seopress_titles_title":"","_seopress_titles_desc":"","_seopress_robots_index":""},"product_brand":[],"product_cat":[1241],"product_tag":[],"class_list":{"0":"post-22847","1":"product","2":"type-product","3":"status-publish","4":"has-post-thumbnail","6":"product_cat-wasserverbesserung","7":"product_shipping_class-nl-standard-de","8":"pa_formaat-1000-ml-de","9":"pa_formaat-1500-ml-de","10":"pa_geschikt-voor-fuer-9000-liter-wasser","11":"yith_product_brand-velda-de","12":"entry","13":"has-media","15":"first","16":"outofstock","17":"taxable","18":"shipping-taxable","19":"purchasable","20":"product-type-variable","21":"has-default-attributes","22":"col","23":"span_1_of_4","24":"wvn-content-left","25":"wvn-thumbs-layout-vertical","26":"wvn-btn-normal","27":"wvn-tabs-layout-vertical","28":"has-no-thumbnails"},"acf":[],"_links":{"self":[{"href":"https:\/\/wateryou.eu\/de\/wp-json\/wp\/v2\/product\/22847","targetHints":{"allow":["GET"]}}],"collection":[{"href":"https:\/\/wateryou.eu\/de\/wp-json\/wp\/v2\/product"}],"about":[{"href":"https:\/\/wateryou.eu\/de\/wp-json\/wp\/v2\/types\/product"}],"replies":[{"embeddable":true,"href":"https:\/\/wateryou.eu\/de\/wp-json\/wp\/v2\/comments?post=22847"}],"wp:featuredmedia":[{"embeddable":true,"href":"https:\/\/wateryou.eu\/de\/wp-json\/wp\/v2\/media\/21649"}],"wp:attachment":[{"href":"https:\/\/wateryou.eu\/de\/wp-json\/wp\/v2\/media?parent=22847"}],"wp:term":[{"taxonomy":"product_brand","embeddable":true,"href":"https:\/\/wateryou.eu\/de\/wp-json\/wp\/v2\/product_brand?post=22847"},{"taxonomy":"product_cat","embeddable":true,"href":"https:\/\/wateryou.eu\/de\/wp-json\/wp\/v2\/product_cat?post=22847"},{"taxonomy":"product_tag","embeddable":true,"href":"https:\/\/wateryou.eu\/de\/wp-json\/wp\/v2\/product_tag?post=22847"}],"curies":[{"name":"wp","href":"https:\/\/api.w.org\/{rel}","templated":true}]}}