{"id":22846,"date":"2023-04-20T13:52:28","date_gmt":"2023-04-20T11:52:28","guid":{"rendered":"https:\/\/wateryou.eu\/product\/sanikoi-colour-hi-grow-mix-3-mm-3l\/"},"modified":"2023-04-20T13:52:28","modified_gmt":"2023-04-20T11:52:28","slug":"sanikoi-colour-hi-grow-mix-3-mm-3l","status":"publish","type":"product","link":"https:\/\/wateryou.eu\/de\/produkt\/sanikoi-colour-hi-grow-mix-3-mm-3l\/","title":{"rendered":"SaniKoi &#8211; Colour Hi-Grow Mix 3 mm 3L"},"content":{"rendered":"<p>SaniKoi Colour Hi-Grow Mix ist ein hochwertiges Futter mit hohem Proteingehalt, das das Wachstum und die nat\u00fcrliche Farbpigmentierung der Fische f\u00f6rdert. Dieses Futter besteht aus Fischprodukten, pflanzlichen Proteinen, Fetten, Kohlenhydraten und ist mit Krillmehl und Weizenkeimen erg\u00e4nzt. Um eine lebendige, leuchtende Farbe zu f\u00f6rdern, wurde dem Futter Astaxanthin zugesetzt. Besonderes Augenmerk wurde auf die zugesetzten Spurenelemente und Vitamine, darunter stabilisiertes Vitamin C, gelegt. Das Futter ist f\u00fcr Wassertemperaturen ab 15\u00baC geeignet. Das Futter hat eine schwimmende Konsistenz, d. h. es tr\u00fcbt das Wasser nicht. Dieses Futter ist als 3 und 6 mm Pellets im praktischen 3 und 10 Liter Standbeutel erh\u00e4ltlich. Die Hauptzutaten im SaniKoi Colour Hi-Grow Mix sind:      <\/p>\n<p>&#8211; Astaxanthin<br \/>\n&#8211; Spirulina<br \/>\n&#8211; Krillmehl<br \/>\n&#8211; Weizenkeime<\/p>\n<p>Alle SaniKoi-Fischfutter sind frei von genetischen Ver\u00e4nderungen (GVO-frei). F\u00fcttern Sie mehrmals t\u00e4glich, sodass das Futter innerhalb von 5 Minuten gefressen wird. SaniKoi Food ist die ideale Wahl, um das Wachstum und die Farbpigmentierung von Fischen zu f\u00f6rdern, w\u00e4hrend das Teichmilieu und der Filter kaum belastet werden.  <\/p>\n","protected":false},"excerpt":{"rendered":"<p>nat\u00fcrliche Farbstoffe durch Astaxanthin und Spirulina<\/p>\n","protected":false},"featured_media":21482,"comment_status":"closed","ping_status":"closed","template":"","meta":{"_acf_changed":false,"_seopress_robots_primary_cat":"none","_seopress_titles_title":"SaniKoi - Colour Hi-Grow Mix 3 mm 3L - Wateryou","_seopress_titles_desc":"Colour Hi-Grow Mix ist ein hochwertiges Futter mit hohem Proteingehalt. Die ideale Wahl zur F\u00f6rderung des Wachstums und der Farbpigmentierung von Koi-Fischen. ","_seopress_robots_index":""},"product_brand":[],"product_cat":[1126,1238],"product_tag":[],"class_list":{"0":"post-22846","1":"product","2":"type-product","3":"status-publish","4":"has-post-thumbnail","6":"product_cat-fischfutter","7":"product_cat-koi-fischfutter","8":"product_shipping_class-nl-standard-de","9":"pa_diameter-3-mm-de","10":"pa_formaat-3000-ml-de","11":"yith_product_brand-sanikoi-de","12":"entry","13":"has-media","15":"first","16":"instock","17":"taxable","18":"shipping-taxable","19":"purchasable","20":"product-type-simple","21":"col","22":"span_1_of_4","23":"wvn-content-left","24":"wvn-thumbs-layout-vertical","25":"wvn-btn-normal","26":"wvn-tabs-layout-vertical","27":"has-no-thumbnails"},"acf":[],"_links":{"self":[{"href":"https:\/\/wateryou.eu\/de\/wp-json\/wp\/v2\/product\/22846","targetHints":{"allow":["GET"]}}],"collection":[{"href":"https:\/\/wateryou.eu\/de\/wp-json\/wp\/v2\/product"}],"about":[{"href":"https:\/\/wateryou.eu\/de\/wp-json\/wp\/v2\/types\/product"}],"replies":[{"embeddable":true,"href":"https:\/\/wateryou.eu\/de\/wp-json\/wp\/v2\/comments?post=22846"}],"wp:featuredmedia":[{"embeddable":true,"href":"https:\/\/wateryou.eu\/de\/wp-json\/wp\/v2\/media\/21482"}],"wp:attachment":[{"href":"https:\/\/wateryou.eu\/de\/wp-json\/wp\/v2\/media?parent=22846"}],"wp:term":[{"taxonomy":"product_brand","embeddable":true,"href":"https:\/\/wateryou.eu\/de\/wp-json\/wp\/v2\/product_brand?post=22846"},{"taxonomy":"product_cat","embeddable":true,"href":"https:\/\/wateryou.eu\/de\/wp-json\/wp\/v2\/product_cat?post=22846"},{"taxonomy":"product_tag","embeddable":true,"href":"https:\/\/wateryou.eu\/de\/wp-json\/wp\/v2\/product_tag?post=22846"}],"curies":[{"name":"wp","href":"https:\/\/api.w.org\/{rel}","templated":true}]}}