{"id":22845,"date":"2023-04-20T13:52:28","date_gmt":"2023-04-20T11:52:28","guid":{"rendered":"https:\/\/wateryou.eu\/product\/heron-stop-reflector-2\/"},"modified":"2023-04-20T13:52:28","modified_gmt":"2023-04-20T11:52:28","slug":"heron-stop-reflector-2","status":"publish","type":"product","link":"https:\/\/wateryou.eu\/de\/produkt\/heron-stop-reflector-2\/","title":{"rendered":"Heron Stop Reflector"},"content":{"rendered":"<p>Der Velda Heron Stop Reflector ist ein einzigartiger reflektierender Teichschutz in Kugelform, der Teichfische vor Eindringlingen sch\u00fctzt. Der Ball verf\u00fcgt \u00fcber holografische Greifvogelaugen und Reflexionen, die Reiher und Tauben abschrecken. Diese NASA-Technologie wird auch bei Raketenstarts eingesetzt, um V\u00f6gel fernzuhalten.  <\/p>\n<p>Der Heron Stop Reflector eignet sich f\u00fcr Balkone oder Obstb\u00e4ume. H\u00e4ngen Sie den Ball mit einem starken Nylonfaden an einen Ort, an dem sich die Tauben aufhalten. Bei gr\u00f6\u00dferen Teichen k\u00f6nnen mehrere B\u00e4lle ausgelegt werden, um die abschreckende Wirkung zu verst\u00e4rken und den dekorativen Effekt zu erh\u00f6hen.  <\/p>\n<p>Lieferumfang:<br \/>\n&#8211; 1 x Velda Heron Stop Reflector reflektierender Teichschutz in Kugelform, 128034<br \/>\n&#8211; Inhalt: Schwimmball, Nylonfaden, Gewicht<\/p>\n","protected":false},"excerpt":{"rendered":"<p>verspiegelter Schwimmk\u00f6rper zum Vertreiben von Reihern und Tauben<\/p>\n","protected":false},"featured_media":21727,"comment_status":"closed","ping_status":"closed","template":"","meta":{"_acf_changed":false,"_seopress_robots_primary_cat":"none","_seopress_titles_title":"","_seopress_titles_desc":"","_seopress_robots_index":""},"product_brand":[],"product_cat":[1165],"product_tag":[],"class_list":{"0":"post-22845","1":"product","2":"type-product","3":"status-publish","4":"has-post-thumbnail","6":"product_cat-schutz","7":"product_shipping_class-nl-standard-de","8":"pa_diameter-15-cm-de","9":"pa_formaat-o-15-cm-de","10":"yith_product_brand-velda-de","11":"entry","12":"has-media","14":"first","15":"instock","16":"taxable","17":"shipping-taxable","18":"purchasable","19":"product-type-simple","20":"col","21":"span_1_of_4","22":"wvn-content-left","23":"wvn-thumbs-layout-vertical","24":"wvn-btn-normal","25":"wvn-tabs-layout-vertical"},"acf":[],"_links":{"self":[{"href":"https:\/\/wateryou.eu\/de\/wp-json\/wp\/v2\/product\/22845","targetHints":{"allow":["GET"]}}],"collection":[{"href":"https:\/\/wateryou.eu\/de\/wp-json\/wp\/v2\/product"}],"about":[{"href":"https:\/\/wateryou.eu\/de\/wp-json\/wp\/v2\/types\/product"}],"replies":[{"embeddable":true,"href":"https:\/\/wateryou.eu\/de\/wp-json\/wp\/v2\/comments?post=22845"}],"wp:featuredmedia":[{"embeddable":true,"href":"https:\/\/wateryou.eu\/de\/wp-json\/wp\/v2\/media\/21727"}],"wp:attachment":[{"href":"https:\/\/wateryou.eu\/de\/wp-json\/wp\/v2\/media?parent=22845"}],"wp:term":[{"taxonomy":"product_brand","embeddable":true,"href":"https:\/\/wateryou.eu\/de\/wp-json\/wp\/v2\/product_brand?post=22845"},{"taxonomy":"product_cat","embeddable":true,"href":"https:\/\/wateryou.eu\/de\/wp-json\/wp\/v2\/product_cat?post=22845"},{"taxonomy":"product_tag","embeddable":true,"href":"https:\/\/wateryou.eu\/de\/wp-json\/wp\/v2\/product_tag?post=22845"}],"curies":[{"name":"wp","href":"https:\/\/api.w.org\/{rel}","templated":true}]}}