{"id":22844,"date":"2023-04-20T13:52:28","date_gmt":"2023-04-20T11:52:28","guid":{"rendered":"https:\/\/wateryou.eu\/product\/power-regulator-drehzahlregler\/"},"modified":"2023-04-20T13:52:28","modified_gmt":"2023-04-20T11:52:28","slug":"power-regulator-drehzahlregler","status":"publish","type":"product","link":"https:\/\/wateryou.eu\/de\/produkt\/power-regulator-drehzahlregler\/","title":{"rendered":"Power Regulator &#8211; Drehzahlregler"},"content":{"rendered":"<p>Mit diesem Geschwindigkeitsregler haben Sie die optimale Kontrolle \u00fcber die Spr\u00fchh\u00f6he Ihres Springbrunnens und die Kraft Ihres Wasserfalls oder Bachs. Mit einer einstellbaren Pumpenleistung und einer stufenlosen Einstellung k\u00f6nnen Sie den perfekten Wasserfluss erzeugen. Dieser Drehzahlregler verf\u00fcgt \u00fcber eine maximale Leistung von 800 Watt und eine Frequenz von 50 Hz bei einem Spannungsbereich von 230 bis 100 V. Damit k\u00f6nnen Sie verschiedenste Wasserspiele wie Wasserf\u00e4lle, Bachl\u00e4ufe und Springbrunnen kreieren und optimal an Ihre Gartengestaltung anpassen.<\/p>\n","protected":false},"excerpt":{"rendered":"<p>Drehzahlregler f\u00fcr Pumpen<\/p>\n","protected":false},"featured_media":21863,"comment_status":"closed","ping_status":"closed","template":"","meta":{"_acf_changed":false,"_seopress_robots_primary_cat":"","_seopress_titles_title":"","_seopress_titles_desc":"","_seopress_robots_index":""},"product_brand":[],"product_cat":[1143,1148],"product_tag":[],"class_list":{"0":"post-22844","1":"product","2":"type-product","3":"status-publish","4":"has-post-thumbnail","6":"product_cat-teile-und-wartung","7":"product_cat-wartung","8":"product_shipping_class-nl-standard-de","9":"pa_geschikt-voor-max-800-watt-de","10":"yith_product_brand-vt-de-2","11":"entry","12":"has-media","14":"first","15":"outofstock","16":"taxable","17":"shipping-taxable","18":"purchasable","19":"product-type-simple","20":"col","21":"span_1_of_4","22":"wvn-content-left","23":"wvn-thumbs-layout-vertical","24":"wvn-btn-normal","25":"wvn-tabs-layout-vertical","26":"has-no-thumbnails"},"acf":[],"_links":{"self":[{"href":"https:\/\/wateryou.eu\/de\/wp-json\/wp\/v2\/product\/22844","targetHints":{"allow":["GET"]}}],"collection":[{"href":"https:\/\/wateryou.eu\/de\/wp-json\/wp\/v2\/product"}],"about":[{"href":"https:\/\/wateryou.eu\/de\/wp-json\/wp\/v2\/types\/product"}],"replies":[{"embeddable":true,"href":"https:\/\/wateryou.eu\/de\/wp-json\/wp\/v2\/comments?post=22844"}],"wp:featuredmedia":[{"embeddable":true,"href":"https:\/\/wateryou.eu\/de\/wp-json\/wp\/v2\/media\/21863"}],"wp:attachment":[{"href":"https:\/\/wateryou.eu\/de\/wp-json\/wp\/v2\/media?parent=22844"}],"wp:term":[{"taxonomy":"product_brand","embeddable":true,"href":"https:\/\/wateryou.eu\/de\/wp-json\/wp\/v2\/product_brand?post=22844"},{"taxonomy":"product_cat","embeddable":true,"href":"https:\/\/wateryou.eu\/de\/wp-json\/wp\/v2\/product_cat?post=22844"},{"taxonomy":"product_tag","embeddable":true,"href":"https:\/\/wateryou.eu\/de\/wp-json\/wp\/v2\/product_tag?post=22844"}],"curies":[{"name":"wp","href":"https:\/\/api.w.org\/{rel}","templated":true}]}}