{"id":22843,"date":"2023-04-20T13:52:34","date_gmt":"2023-04-20T11:52:34","guid":{"rendered":"https:\/\/wateryou.eu\/product\/sanikoi-sturgeon-pro-green-6-mm-3l\/"},"modified":"2023-04-20T13:52:34","modified_gmt":"2023-04-20T11:52:34","slug":"sanikoi-sturgeon-pro-green-6-mm-3l","status":"publish","type":"product","link":"https:\/\/wateryou.eu\/de\/produkt\/sanikoi-sturgeon-pro-green-6-mm-3l\/","title":{"rendered":"SaniKoi &#8211; Sturgeon Pro green 6 mm 3L"},"content":{"rendered":"<p>SaniKoi St\u00f6rfutter ist ein hochwertiges Futter mit hohem Proteingehalt, das das Wachstum und die nat\u00fcrliche Farbpigmentierung f\u00f6rdert. Die Hauptzutaten bestehen aus Fischmehl (mindestens 50 %) und \u00d6l, pflanzlichen Proteinen, Fetten, Kohlenhydraten und werden unter anderem mit Spirulina erg\u00e4nzt. Besonderes Augenmerk wurde auf die zugesetzten Spurenelemente und Vitamine, darunter stabilisiertes Vitamin C, gelegt. SaniKoi Sturgeon Pro ist ein sinkendes Hauptfutter, das bei Wassertemperaturen ab 10\u00baC verwendet wird.  <\/p>\n<p>Die Vorteile von SaniKoi St\u00f6rfutter:<br \/>\n&#8211; Alleinfuttermittel f\u00fcr Teichzierfische<br \/>\n&#8211; Hergestellt aus Fischmehl (mindestens 50%) und \u00d6l, pflanzlichen Proteinen, Fetten, Kohlenhydraten und erg\u00e4nzt unter anderem mit Spirulina<br \/>\n&#8211; Enth\u00e4lt Vitamine, Spurenelemente und stabilisiertes Vitamin C<br \/>\n&#8211; Sorgt daf\u00fcr, dass das Essen innerhalb von 5 Minuten gegessen wird<br \/>\n&#8211; Tr\u00fcbt das Wasser nicht und hat praktisch keine Auswirkungen auf das Teichmilieu oder den Filter<br \/>\n&#8211; Erh\u00e4ltlich als 6 mm Granulat im praktischen 3 und 10 Liter Standbeutel<br \/>\n&#8211; Gentechnikfrei<\/p>\n","protected":false},"excerpt":{"rendered":"<p>Sinkendes St\u00f6rfutter mit Nahrungserg\u00e4nzungsmitteln.<\/p>\n","protected":false},"featured_media":21489,"comment_status":"closed","ping_status":"closed","template":"","meta":{"_acf_changed":false,"_seopress_robots_primary_cat":"none","_seopress_titles_title":"SaniKoi - Sturgeon Pro green 6 mm 3L - Wateryou","_seopress_titles_desc":"Hochwertiges Futter mit hohem Proteingehalt, das das Wachstum und die nat\u00fcrliche Farbpigmentierung f\u00f6rdert. Sinkendes St\u00f6rfutter mit Nahrungserg\u00e4nzungsmitteln. ","_seopress_robots_index":""},"product_brand":[],"product_cat":[1126,1239],"product_tag":[],"class_list":{"0":"post-22843","1":"product","2":"type-product","3":"status-publish","4":"has-post-thumbnail","6":"product_cat-fischfutter","7":"product_cat-steur-visvoer-de","8":"product_shipping_class-nl-standard-de","9":"pa_diameter-6-mm-de","10":"pa_formaat-3000-ml-de","11":"yith_product_brand-sanikoi-de","12":"entry","13":"has-media","15":"first","16":"instock","17":"taxable","18":"shipping-taxable","19":"purchasable","20":"product-type-simple","21":"col","22":"span_1_of_4","23":"wvn-content-left","24":"wvn-thumbs-layout-vertical","25":"wvn-btn-normal","26":"wvn-tabs-layout-vertical","27":"has-no-thumbnails"},"acf":[],"_links":{"self":[{"href":"https:\/\/wateryou.eu\/de\/wp-json\/wp\/v2\/product\/22843","targetHints":{"allow":["GET"]}}],"collection":[{"href":"https:\/\/wateryou.eu\/de\/wp-json\/wp\/v2\/product"}],"about":[{"href":"https:\/\/wateryou.eu\/de\/wp-json\/wp\/v2\/types\/product"}],"replies":[{"embeddable":true,"href":"https:\/\/wateryou.eu\/de\/wp-json\/wp\/v2\/comments?post=22843"}],"wp:featuredmedia":[{"embeddable":true,"href":"https:\/\/wateryou.eu\/de\/wp-json\/wp\/v2\/media\/21489"}],"wp:attachment":[{"href":"https:\/\/wateryou.eu\/de\/wp-json\/wp\/v2\/media?parent=22843"}],"wp:term":[{"taxonomy":"product_brand","embeddable":true,"href":"https:\/\/wateryou.eu\/de\/wp-json\/wp\/v2\/product_brand?post=22843"},{"taxonomy":"product_cat","embeddable":true,"href":"https:\/\/wateryou.eu\/de\/wp-json\/wp\/v2\/product_cat?post=22843"},{"taxonomy":"product_tag","embeddable":true,"href":"https:\/\/wateryou.eu\/de\/wp-json\/wp\/v2\/product_tag?post=22843"}],"curies":[{"name":"wp","href":"https:\/\/api.w.org\/{rel}","templated":true}]}}