{"id":22842,"date":"2023-04-20T13:52:34","date_gmt":"2023-04-20T11:52:34","guid":{"rendered":"https:\/\/wateryou.eu\/product\/sanikoi-colour-hi-grow-mix-6-mm-3l\/"},"modified":"2023-04-20T13:52:34","modified_gmt":"2023-04-20T11:52:34","slug":"sanikoi-colour-hi-grow-mix-6-mm-3l","status":"publish","type":"product","link":"https:\/\/wateryou.eu\/de\/produkt\/sanikoi-colour-hi-grow-mix-6-mm-3l\/","title":{"rendered":"SaniKoi &#8211; Colour Hi-Grow Mix 6 mm 3L"},"content":{"rendered":"<p>SaniKoi Colour Hi-Grow Mix ist ein hochwertiges Futter mit hohem Proteingehalt, das das Wachstum und die nat\u00fcrliche Farbpigmentierung Ihrer Koi f\u00f6rdert. Die Zusammensetzung besteht aus Fischprodukten, pflanzlichen Proteinen, Fetten und Kohlenhydraten, erg\u00e4nzt mit Krillmehl, Weizenkeimen, Spurenelementen und Vitaminen, darunter stabilisiertes Vitamin C. Um eine leuchtende Farbe zu f\u00f6rdern, wurde Astaxanthin hinzugef\u00fcgt. Dieses Futter ist f\u00fcr Wassertemperaturen ab 15\u00baC geeignet und tr\u00fcbt das Wasser nicht, wodurch die Umwelt und der Filter kaum belastet werden. Erh\u00e4ltlich als 3 und 6 mm Granulat im praktischen 3 und 10 Liter Standbeutel.   <\/p>\n<p>SaniKoi Color Hi-Grow Mix enth\u00e4lt:<br \/>\n&#8211; Fischprodukte<br \/>\n&#8211; Pflanzliche Proteine, Fette und Kohlenhydrate<br \/>\n&#8211; Krillmehl und Weizenkeime<br \/>\n&#8211; Spurenelemente und Vitamine, darunter stabilisiertes Vitamin C<br \/>\n&#8211; Astaxanthin<br \/>\n&#8211; Gentechnikfrei<\/p>\n","protected":false},"excerpt":{"rendered":"<p>F\u00f6rdert nat\u00fcrliche Farben, einschlie\u00dflich Astaxanthin und Spirulina.<\/p>\n","protected":false},"featured_media":21481,"comment_status":"closed","ping_status":"closed","template":"","meta":{"_acf_changed":false,"_seopress_robots_primary_cat":"none","_seopress_titles_title":"SaniKoi - Colour Hi-Grow Mix 6 mm 3L - Wateryou","_seopress_titles_desc":"Hi-Grow Mix ist ein hochwertiges Futter mit hohem Proteingehalt, das das Wachstum und die nat\u00fcrliche Farbpigmentierung Ihrer Koi f\u00f6rdert.","_seopress_robots_index":""},"product_brand":[],"product_cat":[1126,1238],"product_tag":[],"class_list":{"0":"post-22842","1":"product","2":"type-product","3":"status-publish","4":"has-post-thumbnail","6":"product_cat-fischfutter","7":"product_cat-koi-fischfutter","8":"product_shipping_class-nl-standard-de","9":"pa_diameter-6-mm-de","10":"pa_formaat-3000-ml-de","11":"yith_product_brand-sanikoi-de","12":"entry","13":"has-media","15":"first","16":"instock","17":"taxable","18":"shipping-taxable","19":"purchasable","20":"product-type-simple","21":"col","22":"span_1_of_4","23":"wvn-content-left","24":"wvn-thumbs-layout-vertical","25":"wvn-btn-normal","26":"wvn-tabs-layout-vertical","27":"has-no-thumbnails"},"acf":[],"_links":{"self":[{"href":"https:\/\/wateryou.eu\/de\/wp-json\/wp\/v2\/product\/22842","targetHints":{"allow":["GET"]}}],"collection":[{"href":"https:\/\/wateryou.eu\/de\/wp-json\/wp\/v2\/product"}],"about":[{"href":"https:\/\/wateryou.eu\/de\/wp-json\/wp\/v2\/types\/product"}],"replies":[{"embeddable":true,"href":"https:\/\/wateryou.eu\/de\/wp-json\/wp\/v2\/comments?post=22842"}],"wp:featuredmedia":[{"embeddable":true,"href":"https:\/\/wateryou.eu\/de\/wp-json\/wp\/v2\/media\/21481"}],"wp:attachment":[{"href":"https:\/\/wateryou.eu\/de\/wp-json\/wp\/v2\/media?parent=22842"}],"wp:term":[{"taxonomy":"product_brand","embeddable":true,"href":"https:\/\/wateryou.eu\/de\/wp-json\/wp\/v2\/product_brand?post=22842"},{"taxonomy":"product_cat","embeddable":true,"href":"https:\/\/wateryou.eu\/de\/wp-json\/wp\/v2\/product_cat?post=22842"},{"taxonomy":"product_tag","embeddable":true,"href":"https:\/\/wateryou.eu\/de\/wp-json\/wp\/v2\/product_tag?post=22842"}],"curies":[{"name":"wp","href":"https:\/\/api.w.org\/{rel}","templated":true}]}}