{"id":22837,"date":"2023-04-20T13:52:47","date_gmt":"2023-04-20T11:52:47","guid":{"rendered":"https:\/\/wateryou.eu\/product\/bacterial-liquid-2\/"},"modified":"2023-04-20T13:52:47","modified_gmt":"2023-04-20T11:52:47","slug":"bacterial-liquid-2","status":"publish","type":"product","link":"https:\/\/wateryou.eu\/de\/produkt\/bacterial-liquid-2\/","title":{"rendered":"Bacterial Liquid"},"content":{"rendered":"<p>Velda Bacterial ist ein fl\u00fcssiges, wasserreinigendes Bakterium, das sofort mit der Reinigung des Teichs beginnt. Es stellt ein gesundes Wasserbiotop wieder her und beschleunigt dessen Entwicklung, sodass Pflanzen gut wachsen und Fische gesund bleiben. Die Zusammensetzung enth\u00e4lt 2,5 Milliarden Bacillus spp. pro 25 ml. in Sporenform.   <\/p>\n<p>Verwenden Sie Velda&#8217;s Bacterial viermal im Jahr, um einen Teich nach der Verwendung von Anti-Algen-Mitteln, Fischmedikamenten oder Wasserwechseln neu zu starten oder wiederherzustellen. Die Dosierung betr\u00e4gt 25 ml (= 1 Messbecher) pro 2500 Liter Teichwasser. Aufbewahrungshinweis: Vor direkter Sonneneinstrahlung gesch\u00fctzt und gut verschlossen bei Raumtemperatur lagern. Au\u00dferhalb der Reichweite von Kindern aufbewahren.   <\/p>\n","protected":false},"excerpt":{"rendered":"<p>Fl\u00fcssigbakterien zur biologischen Reinigung<\/p>\n","protected":false},"featured_media":22243,"comment_status":"closed","ping_status":"closed","template":"","meta":{"_acf_changed":false,"_seopress_robots_primary_cat":"none","_seopress_titles_title":"","_seopress_titles_desc":"","_seopress_robots_index":""},"product_brand":[],"product_cat":[1242],"product_tag":[],"class_list":{"0":"post-22837","1":"product","2":"type-product","3":"status-publish","4":"has-post-thumbnail","6":"product_cat-bakterienkulturen","7":"product_shipping_class-nl-standard-de","8":"pa_formaat-1000-ml-de","9":"pa_formaat-250-ml-de","10":"pa_formaat-500-ml-de","11":"pa_geschikt-voor-fur-25-000-liter-wasser","12":"yith_product_brand-velda-de","13":"entry","14":"has-media","16":"first","17":"instock","18":"taxable","19":"shipping-taxable","20":"purchasable","21":"product-type-variable","22":"has-default-attributes","23":"col","24":"span_1_of_4","25":"wvn-content-left","26":"wvn-thumbs-layout-vertical","27":"wvn-btn-normal","28":"wvn-tabs-layout-vertical","29":"has-no-thumbnails"},"acf":[],"_links":{"self":[{"href":"https:\/\/wateryou.eu\/de\/wp-json\/wp\/v2\/product\/22837","targetHints":{"allow":["GET"]}}],"collection":[{"href":"https:\/\/wateryou.eu\/de\/wp-json\/wp\/v2\/product"}],"about":[{"href":"https:\/\/wateryou.eu\/de\/wp-json\/wp\/v2\/types\/product"}],"replies":[{"embeddable":true,"href":"https:\/\/wateryou.eu\/de\/wp-json\/wp\/v2\/comments?post=22837"}],"wp:featuredmedia":[{"embeddable":true,"href":"https:\/\/wateryou.eu\/de\/wp-json\/wp\/v2\/media\/22243"}],"wp:attachment":[{"href":"https:\/\/wateryou.eu\/de\/wp-json\/wp\/v2\/media?parent=22837"}],"wp:term":[{"taxonomy":"product_brand","embeddable":true,"href":"https:\/\/wateryou.eu\/de\/wp-json\/wp\/v2\/product_brand?post=22837"},{"taxonomy":"product_cat","embeddable":true,"href":"https:\/\/wateryou.eu\/de\/wp-json\/wp\/v2\/product_cat?post=22837"},{"taxonomy":"product_tag","embeddable":true,"href":"https:\/\/wateryou.eu\/de\/wp-json\/wp\/v2\/product_tag?post=22837"}],"curies":[{"name":"wp","href":"https:\/\/api.w.org\/{rel}","templated":true}]}}