{"id":22835,"date":"2023-04-20T13:52:51","date_gmt":"2023-04-20T11:52:51","guid":{"rendered":"https:\/\/wateryou.eu\/product\/sanikoi-winter-wheat-food-3-mm-3l\/"},"modified":"2026-04-17T09:35:23","modified_gmt":"2026-04-17T07:35:23","slug":"sanikoi-winter-wheat-food-3-mm-3l","status":"publish","type":"product","link":"https:\/\/wateryou.eu\/de\/produkt\/sanikoi-winter-wheat-food-3-mm-3l\/","title":{"rendered":"SaniKoi &#8211; Winter Wheat Food 3 mm 3L"},"content":{"rendered":"<p>SaniKoi Winter Wheat ist ein hochwertiges Futter f\u00fcr japanische Koi und andere wertvolle Karpfenfische. Es handelt sich um ein sinkendes Futter, das die nat\u00fcrliche Widerstandskraft der Fische gegen Krankheiten stimuliert und speziell f\u00fcr k\u00e4ltere Wassertemperaturen zwischen 8\u00baC und 12\u00baC entwickelt wurde. Die Hauptzutaten bestehen aus Fischprodukten, pflanzlichen Proteinen, Fetten, Kohlenhydraten und Weizen und werden durch Spurenelemente und einen stabilisierten Vitamin-C-Komplex erg\u00e4nzt. Durch die besondere Zusammensetzung des Futters kommt es zu keiner Wassertr\u00fcbung und Teichmilieu sowie Filter werden kaum belastet.   <\/p>\n<p>SaniKoi Winter Wheat ist als 3 mm Granulat im praktischen 3 Liter Standbeutel erh\u00e4ltlich und frei von Gentechnik (GMO-frei). Konkrete Informationen zur Zusammensetzung, den N\u00e4hrwerten und den Zusatzstoffen von SaniKoi Winter Wheat sind wie folgt: <\/p>\n<p>&#8211; Weizen<br \/>\n&#8211; Vitaminkomplex<br \/>\n&#8211; Fischprodukte<br \/>\n&#8211; Pflanzliche Proteine<br \/>\n&#8211; Fette<br \/>\n&#8211; Kohlenhydrate<br \/>\n&#8211; Spurenelemente<br \/>\n&#8211; Stabilisierter Vitamin C-Komplex<\/p>\n","protected":false},"excerpt":{"rendered":"<p>sinkendes Winterfutter, das die Abwehrkr\u00e4fte anregt<\/p>\n","protected":false},"featured_media":21506,"comment_status":"closed","ping_status":"closed","template":"","meta":{"_acf_changed":false,"_seopress_robots_primary_cat":"none","_seopress_titles_title":"SaniKoi - Winter Wheat Food 3 mm 3L","_seopress_titles_desc":"Sinkendes Futter, das die nat\u00fcrliche Widerstandskraft der Fische gegen Krankheiten stimuliert. Speziell f\u00fcr k\u00e4ltere Wassertemperaturen entwickelt. Die besondere Zusammensetzung des Futters verhindert eine Tr\u00fcbung des Wassers.  ","_seopress_robots_index":""},"product_brand":[],"product_cat":[1126,1238],"product_tag":[],"class_list":{"0":"post-22835","1":"product","2":"type-product","3":"status-publish","4":"has-post-thumbnail","6":"product_cat-fischfutter","7":"product_cat-koi-fischfutter","8":"product_shipping_class-nl-standard-de","9":"pa_diameter-3-mm-de","10":"pa_formaat-3000-ml-de","11":"yith_product_brand-sanikoi-de","12":"entry","13":"has-media","15":"first","16":"instock","17":"taxable","18":"shipping-taxable","19":"purchasable","20":"product-type-simple","21":"col","22":"span_1_of_4","23":"wvn-content-left","24":"wvn-thumbs-layout-vertical","25":"wvn-btn-normal","26":"wvn-tabs-layout-vertical","27":"has-no-thumbnails"},"acf":[],"_links":{"self":[{"href":"https:\/\/wateryou.eu\/de\/wp-json\/wp\/v2\/product\/22835","targetHints":{"allow":["GET"]}}],"collection":[{"href":"https:\/\/wateryou.eu\/de\/wp-json\/wp\/v2\/product"}],"about":[{"href":"https:\/\/wateryou.eu\/de\/wp-json\/wp\/v2\/types\/product"}],"replies":[{"embeddable":true,"href":"https:\/\/wateryou.eu\/de\/wp-json\/wp\/v2\/comments?post=22835"}],"wp:featuredmedia":[{"embeddable":true,"href":"https:\/\/wateryou.eu\/de\/wp-json\/wp\/v2\/media\/21506"}],"wp:attachment":[{"href":"https:\/\/wateryou.eu\/de\/wp-json\/wp\/v2\/media?parent=22835"}],"wp:term":[{"taxonomy":"product_brand","embeddable":true,"href":"https:\/\/wateryou.eu\/de\/wp-json\/wp\/v2\/product_brand?post=22835"},{"taxonomy":"product_cat","embeddable":true,"href":"https:\/\/wateryou.eu\/de\/wp-json\/wp\/v2\/product_cat?post=22835"},{"taxonomy":"product_tag","embeddable":true,"href":"https:\/\/wateryou.eu\/de\/wp-json\/wp\/v2\/product_tag?post=22835"}],"curies":[{"name":"wp","href":"https:\/\/api.w.org\/{rel}","templated":true}]}}