{"id":22831,"date":"2023-04-20T13:52:51","date_gmt":"2023-04-20T11:52:51","guid":{"rendered":"https:\/\/wateryou.eu\/product\/air-hose-black-luftschlauch\/"},"modified":"2023-04-20T13:52:51","modified_gmt":"2023-04-20T11:52:51","slug":"air-hose-black-luftschlauch","status":"publish","type":"product","link":"https:\/\/wateryou.eu\/de\/produkt\/air-hose-black-luftschlauch\/","title":{"rendered":"Air Hose black &#8211; Luftschlauch"},"content":{"rendered":"<p>Der V-Tech Luftschlauch ist eine ideale L\u00f6sung zum Verbinden von Luftpumpen und Luftsteinen. Der Schlauch ist in verschiedenen L\u00e4ngen und St\u00e4rken, sowohl transparent als auch schwarz erh\u00e4ltlich. <\/p>\n<p>Spezifische Informationen:<br \/>\n&#8211; L\u00e4ngen: 15 m 4\/6 mm, 15 m 6\/9 mm, 10 m 9\/12 mm<br \/>\n&#8211; St\u00e4rken: 4\/6 mm, 6\/9 mm, 9\/12 mm<br \/>\n&#8211; Farben: transparent, schwarz<br \/>\nMaterial: Kunststoff<\/p>\n","protected":false},"excerpt":{"rendered":"<p>schwarzer Luftschlauch f\u00fcr die perfekte Teichbel\u00fcftung<\/p>\n","protected":false},"featured_media":22048,"comment_status":"closed","ping_status":"closed","template":"","meta":{"_acf_changed":false,"_seopress_robots_primary_cat":"none","_seopress_titles_title":"","_seopress_titles_desc":"","_seopress_robots_index":""},"product_brand":[],"product_cat":[1120,1143],"product_tag":[1181,1184],"class_list":{"0":"post-22831","1":"product","2":"type-product","3":"status-publish","4":"has-post-thumbnail","6":"product_cat-nicht-kategorisiert","7":"product_cat-teile-und-wartung","8":"product_tag-9-12-mm-de","9":"product_tag-luftschlauch","10":"product_shipping_class-nl-standard-de","11":"pa_diameter-4-6-mm-de","12":"pa_diameter-6-9-mm-de","13":"pa_diameter-9-12-mm-de","14":"pa_formaat-10-m-de","15":"pa_formaat-15-m-de","16":"pa_geschikt-voor-6-9-mm-de","17":"pa_geschikt-voor-9-12-mm-de","18":"yith_product_brand-vt-de-2","19":"entry","20":"has-media","22":"first","23":"instock","24":"taxable","25":"shipping-taxable","26":"purchasable","27":"product-type-variable","28":"col","29":"span_1_of_4","30":"wvn-content-left","31":"wvn-thumbs-layout-vertical","32":"wvn-btn-normal","33":"wvn-tabs-layout-vertical","34":"has-no-thumbnails"},"acf":[],"_links":{"self":[{"href":"https:\/\/wateryou.eu\/de\/wp-json\/wp\/v2\/product\/22831","targetHints":{"allow":["GET"]}}],"collection":[{"href":"https:\/\/wateryou.eu\/de\/wp-json\/wp\/v2\/product"}],"about":[{"href":"https:\/\/wateryou.eu\/de\/wp-json\/wp\/v2\/types\/product"}],"replies":[{"embeddable":true,"href":"https:\/\/wateryou.eu\/de\/wp-json\/wp\/v2\/comments?post=22831"}],"wp:featuredmedia":[{"embeddable":true,"href":"https:\/\/wateryou.eu\/de\/wp-json\/wp\/v2\/media\/22048"}],"wp:attachment":[{"href":"https:\/\/wateryou.eu\/de\/wp-json\/wp\/v2\/media?parent=22831"}],"wp:term":[{"taxonomy":"product_brand","embeddable":true,"href":"https:\/\/wateryou.eu\/de\/wp-json\/wp\/v2\/product_brand?post=22831"},{"taxonomy":"product_cat","embeddable":true,"href":"https:\/\/wateryou.eu\/de\/wp-json\/wp\/v2\/product_cat?post=22831"},{"taxonomy":"product_tag","embeddable":true,"href":"https:\/\/wateryou.eu\/de\/wp-json\/wp\/v2\/product_tag?post=22831"}],"curies":[{"name":"wp","href":"https:\/\/api.w.org\/{rel}","templated":true}]}}