{"id":22827,"date":"2023-04-20T13:50:54","date_gmt":"2023-04-20T11:50:54","guid":{"rendered":"https:\/\/wateryou.eu\/product\/teichburste-pond-brush\/"},"modified":"2023-04-20T13:50:54","modified_gmt":"2023-04-20T11:50:54","slug":"teichburste-pond-brush","status":"publish","type":"product","link":"https:\/\/wateryou.eu\/de\/produkt\/teichburste-pond-brush\/","title":{"rendered":"Teichb\u00fcrste &#8211; Pond Brush"},"content":{"rendered":"<p>Velda hat die perfekte L\u00f6sung f\u00fcr einen sauberen Teichrand: Die flexible B\u00fcrste. Diese B\u00fcrste mit langem, leichtem Aluminiumgriff bietet eine effiziente M\u00f6glichkeit, Algen und Schmutz zu entfernen. Durch die verstellbaren Positionen passt sich die B\u00fcrste jedem Neigungswinkel an.<br \/>\nDurch die flexiblen und dennoch kr\u00e4ftigen Borsten ist die Reinigung des Teichrandes kinderleicht und ohne gro\u00dfen Kraftaufwand m\u00f6glich. Freuen Sie sich \u00fcber einen sauberen und gepflegten Teichrand mit dieser hochwertigen B\u00fcrste von Velda. <\/p>\n","protected":false},"excerpt":{"rendered":"<p>Teichb\u00fcrste mit 2 Metern Reichweite<\/p>\n","protected":false},"featured_media":22307,"comment_status":"closed","ping_status":"closed","template":"","meta":{"_acf_changed":false,"_seopress_robots_primary_cat":"none","_seopress_titles_title":"Teichb\u00fcrste - Pond Brush - Wateryou","_seopress_titles_desc":"Diese verstellbare B\u00fcrste (Kopf) mit einem langen, leichten Aluminiumgriff und einer Reichweite von 2 Metern bietet eine effiziente M\u00f6glichkeit zum Entfernen von Algen und Schmutz.","_seopress_robots_index":""},"product_brand":[],"product_cat":[1143,1148],"product_tag":[],"class_list":{"0":"post-22827","1":"product","2":"type-product","3":"status-publish","4":"has-post-thumbnail","6":"product_cat-teile-und-wartung","7":"product_cat-wartung","8":"product_shipping_class-nl-standard-de","9":"pa_formaat-180-cm-de","10":"yith_product_brand-velda-de","11":"entry","12":"has-media","14":"first","15":"instock","16":"taxable","17":"shipping-taxable","18":"purchasable","19":"product-type-simple","20":"col","21":"span_1_of_4","22":"wvn-content-left","23":"wvn-thumbs-layout-vertical","24":"wvn-btn-normal","25":"wvn-tabs-layout-vertical"},"acf":[],"_links":{"self":[{"href":"https:\/\/wateryou.eu\/de\/wp-json\/wp\/v2\/product\/22827","targetHints":{"allow":["GET"]}}],"collection":[{"href":"https:\/\/wateryou.eu\/de\/wp-json\/wp\/v2\/product"}],"about":[{"href":"https:\/\/wateryou.eu\/de\/wp-json\/wp\/v2\/types\/product"}],"replies":[{"embeddable":true,"href":"https:\/\/wateryou.eu\/de\/wp-json\/wp\/v2\/comments?post=22827"}],"wp:featuredmedia":[{"embeddable":true,"href":"https:\/\/wateryou.eu\/de\/wp-json\/wp\/v2\/media\/22307"}],"wp:attachment":[{"href":"https:\/\/wateryou.eu\/de\/wp-json\/wp\/v2\/media?parent=22827"}],"wp:term":[{"taxonomy":"product_brand","embeddable":true,"href":"https:\/\/wateryou.eu\/de\/wp-json\/wp\/v2\/product_brand?post=22827"},{"taxonomy":"product_cat","embeddable":true,"href":"https:\/\/wateryou.eu\/de\/wp-json\/wp\/v2\/product_cat?post=22827"},{"taxonomy":"product_tag","embeddable":true,"href":"https:\/\/wateryou.eu\/de\/wp-json\/wp\/v2\/product_tag?post=22827"}],"curies":[{"name":"wp","href":"https:\/\/api.w.org\/{rel}","templated":true}]}}