{"id":22825,"date":"2023-04-20T13:52:55","date_gmt":"2023-04-20T11:52:55","guid":{"rendered":"https:\/\/wateryou.eu\/product\/algae-brush-algenbuerste\/"},"modified":"2025-11-01T18:18:36","modified_gmt":"2025-11-01T16:18:36","slug":"algae-brush-algenbuerste","status":"publish","type":"product","link":"https:\/\/wateryou.eu\/de\/produkt\/algae-brush-algenbuerste\/","title":{"rendered":"Algae Brush -Algenb\u00fcrste"},"content":{"rendered":"<p>Mit der VT Hartfadenalgenb\u00fcrste k\u00f6nnen Sie Fadenalgen sowie andere Verunreinigungen einfach und schnell aus dem Teich entfernen. Die B\u00fcrste besteht aus robustem Kunststoff mit Stahldr\u00e4hten f\u00fcr optimale Reinigungsleistung. Der 51 cm bis 151 cm lange Teleskopstiel erleichtert die Reinigung schwer erreichbarer Stellen.  <\/p>\n<p>Mit dieser harten Fadenalgenb\u00fcrste k\u00f6nnen Sie Ihren Teich einfach und effektiv von Fadenalgen und anderen Verunreinigungen befreien. Die B\u00fcrste besteht aus robustem Kunststoff mit Stahldr\u00e4hten f\u00fcr optimale Reinigungsleistung. Der Teleskopstiel ist von 51 cm bis 151 cm ausziehbar und erleichtert so die Reinigung schwer erreichbarer Stellen.  <\/p>\n<p>Met de harde draadalgborstel krijg je:<br \/>\n&#8211; Een sterk kunststof met staaldraden voor een optimale schoonmaakprestatie<br \/>\n&#8211; Een telescopische steel van 51 cm tot 151 cm, voor moeilijk te bereiken plekken<br \/>\n&#8211; Een effectieve manier om draadalgen en andere verontreinigingen uit de vijver te verwijderen<\/p>\n","protected":false},"excerpt":{"rendered":"<p>B\u00fcrste mit Teleskopstiel zum Entfernen von Fadenalgen<\/p>\n","protected":false},"featured_media":21868,"comment_status":"closed","ping_status":"closed","template":"","meta":{"_acf_changed":false,"_seopress_robots_primary_cat":"none","_seopress_titles_title":"","_seopress_titles_desc":"","_seopress_robots_index":""},"product_brand":[],"product_cat":[1143,1148],"product_tag":[1246],"class_list":{"0":"post-22825","1":"product","2":"type-product","3":"status-publish","4":"has-post-thumbnail","6":"product_cat-teile-und-wartung","7":"product_cat-wartung","8":"product_tag-algenburste","9":"product_shipping_class-nl-standard-de","10":"yith_product_brand-vt-de-2","11":"entry","12":"has-media","14":"first","15":"instock","16":"taxable","17":"shipping-taxable","18":"purchasable","19":"product-type-simple","20":"col","21":"span_1_of_4","22":"wvn-content-left","23":"wvn-thumbs-layout-vertical","24":"wvn-btn-normal","25":"wvn-tabs-layout-vertical"},"acf":[],"_links":{"self":[{"href":"https:\/\/wateryou.eu\/de\/wp-json\/wp\/v2\/product\/22825","targetHints":{"allow":["GET"]}}],"collection":[{"href":"https:\/\/wateryou.eu\/de\/wp-json\/wp\/v2\/product"}],"about":[{"href":"https:\/\/wateryou.eu\/de\/wp-json\/wp\/v2\/types\/product"}],"replies":[{"embeddable":true,"href":"https:\/\/wateryou.eu\/de\/wp-json\/wp\/v2\/comments?post=22825"}],"wp:featuredmedia":[{"embeddable":true,"href":"https:\/\/wateryou.eu\/de\/wp-json\/wp\/v2\/media\/21868"}],"wp:attachment":[{"href":"https:\/\/wateryou.eu\/de\/wp-json\/wp\/v2\/media?parent=22825"}],"wp:term":[{"taxonomy":"product_brand","embeddable":true,"href":"https:\/\/wateryou.eu\/de\/wp-json\/wp\/v2\/product_brand?post=22825"},{"taxonomy":"product_cat","embeddable":true,"href":"https:\/\/wateryou.eu\/de\/wp-json\/wp\/v2\/product_cat?post=22825"},{"taxonomy":"product_tag","embeddable":true,"href":"https:\/\/wateryou.eu\/de\/wp-json\/wp\/v2\/product_tag?post=22825"}],"curies":[{"name":"wp","href":"https:\/\/api.w.org\/{rel}","templated":true}]}}