{"id":22823,"date":"2023-04-20T13:52:55","date_gmt":"2023-04-20T11:52:55","guid":{"rendered":"https:\/\/wateryou.eu\/product\/sanikoi-all-season-wheat-germ-6-mm-3l\/"},"modified":"2025-06-29T14:35:31","modified_gmt":"2025-06-29T12:35:31","slug":"sanikoi-all-season-wheat-germ-6-mm-3l","status":"publish","type":"product","link":"https:\/\/wateryou.eu\/de\/produkt\/sanikoi-all-season-wheat-germ-6-mm-3l\/","title":{"rendered":"SaniKoi &#8211; All Season Wheat Germ 6 mm 3L"},"content":{"rendered":"<p>SaniKoi All Season Wheat Germs ist ein hochwertiges Futter f\u00fcr japanische Koi und andere Karpfenfische, das aus Fischprodukten, pflanzlichen Proteinen, Fetten und Kohlenhydraten mit zugesetzten Weizenkeimen (Wheat Germs) besteht. Das Futter ist speziell mit einem relativ niedrigen Proteingehalt formuliert und enth\u00e4lt einen zus\u00e4tzlichen Vitaminkomplex und Spurenelemente, einschlie\u00dflich stabilisiertem Vitamin C, wodurch es sich ideal f\u00fcr die F\u00fctterung vom fr\u00fchen Fr\u00fchling bis zum sp\u00e4ten Herbst eignet. Das Futter schwimmt und hat praktisch keine Auswirkungen auf die Teichumgebung und den Filter. Das Futter ist als 6 mm Granulat im praktischen 3 Liter Standbeutel erh\u00e4ltlich.   <\/p>\n<p>Eigenschaften der SaniKoi All Season Weizenkeime:<br \/>\n&#8211; Hochwertiges Futter f\u00fcr japanische Koi und andere Karpfenarten<br \/>\n&#8211; Bestehend aus Fischprodukten, pflanzlichen Proteinen, Fetten und Kohlenhydraten mit zugesetzten Weizenkeimen<br \/>\n&#8211; Relativ niedriger Proteingehalt<br \/>\n&#8211; Hinzugef\u00fcgter Vitaminkomplex und Spurenelemente, einschlie\u00dflich stabilisiertem Vitamin C<br \/>\n&#8211; Hervorragend geeignet f\u00fcr die F\u00fctterung vom fr\u00fchen Fr\u00fchling bis zum sp\u00e4ten Herbst<br \/>\n&#8211; Schwimmt und belastet kaum das Teichmilieu und die Filter<br \/>\n&#8211; Erh\u00e4ltlich als 6mm Granulat im praktischen 3 Liter Standbeutel<br \/>\n&#8211; Frei von gentechnisch ver\u00e4nderten (GVO) Produkten<\/p>\n","protected":false},"excerpt":{"rendered":"<p>leicht verdaulich und nahrhaft zu jeder Jahreszeit<\/p>\n","protected":false},"featured_media":21487,"comment_status":"closed","ping_status":"closed","template":"","meta":{"_acf_changed":false,"_seopress_robots_primary_cat":"none","_seopress_titles_title":"","_seopress_titles_desc":"SaniKoi Weizenkeime f\u00fcr alle Jahreszeiten. Speziell formuliert mit einem relativ niedrigen Proteingehalt und enth\u00e4lt einen zus\u00e4tzlichen Vitaminkomplex und Spurenelemente. Hervorragend geeignet f\u00fcr den fr\u00fchen Fr\u00fchling bis zum sp\u00e4ten Herbst.  ","_seopress_robots_index":""},"product_brand":[],"product_cat":[1126,1238],"product_tag":[],"class_list":{"0":"post-22823","1":"product","2":"type-product","3":"status-publish","4":"has-post-thumbnail","6":"product_cat-fischfutter","7":"product_cat-koi-fischfutter","8":"product_shipping_class-nl-standard-de","9":"pa_diameter-6-mm-de","10":"pa_formaat-3000-ml-de","11":"yith_product_brand-sanikoi-de","12":"entry","13":"has-media","15":"first","16":"instock","17":"taxable","18":"shipping-taxable","19":"purchasable","20":"product-type-simple","21":"col","22":"span_1_of_4","23":"wvn-content-left","24":"wvn-thumbs-layout-vertical","25":"wvn-btn-normal","26":"wvn-tabs-layout-vertical"},"acf":[],"_links":{"self":[{"href":"https:\/\/wateryou.eu\/de\/wp-json\/wp\/v2\/product\/22823","targetHints":{"allow":["GET"]}}],"collection":[{"href":"https:\/\/wateryou.eu\/de\/wp-json\/wp\/v2\/product"}],"about":[{"href":"https:\/\/wateryou.eu\/de\/wp-json\/wp\/v2\/types\/product"}],"replies":[{"embeddable":true,"href":"https:\/\/wateryou.eu\/de\/wp-json\/wp\/v2\/comments?post=22823"}],"wp:featuredmedia":[{"embeddable":true,"href":"https:\/\/wateryou.eu\/de\/wp-json\/wp\/v2\/media\/21487"}],"wp:attachment":[{"href":"https:\/\/wateryou.eu\/de\/wp-json\/wp\/v2\/media?parent=22823"}],"wp:term":[{"taxonomy":"product_brand","embeddable":true,"href":"https:\/\/wateryou.eu\/de\/wp-json\/wp\/v2\/product_brand?post=22823"},{"taxonomy":"product_cat","embeddable":true,"href":"https:\/\/wateryou.eu\/de\/wp-json\/wp\/v2\/product_cat?post=22823"},{"taxonomy":"product_tag","embeddable":true,"href":"https:\/\/wateryou.eu\/de\/wp-json\/wp\/v2\/product_tag?post=22823"}],"curies":[{"name":"wp","href":"https:\/\/api.w.org\/{rel}","templated":true}]}}