{"id":22816,"date":"2023-04-20T13:52:55","date_gmt":"2023-04-20T11:52:55","guid":{"rendered":"https:\/\/wateryou.eu\/product\/excellent-all-round-sanikoi\/"},"modified":"2026-04-21T15:30:04","modified_gmt":"2026-04-21T13:30:04","slug":"excellent-all-round-sanikoi","status":"publish","type":"product","link":"https:\/\/wateryou.eu\/de\/produkt\/excellent-all-round-sanikoi\/","title":{"rendered":"Excellent All-Round &#8211; SaniKoi"},"content":{"rendered":"<p>SaniKoi Excellent All-Round ist ein Spitzenfutter f\u00fcr japanische Koi und andere wertvolle Karpfenfische. Dieses schwimmende Futter f\u00f6rdert ein hervorragendes Wachstum und ein nat\u00fcrliches Farbmuster. Die Zusammensetzung besteht aus Fischprodukten, pflanzlichen Proteinen, Fetten, Kohlenhydraten und Krillmehl. Besonderes Augenmerk wurde auf die zugesetzten Spurenelemente, Vitamine und stabilisiertes Vitamin C gelegt, die f\u00fcr eine leuchtende, lebendige Farbe sorgen. Die Zusammensetzung des Futters tr\u00fcbt das Wasser nicht und belastet Teichmilieu und Filter kaum. SaniKoi Excellent All-Round ist als 3 und 6 mm Granulat in praktischen 1, 3 und 10 Liter Standbeuteln erh\u00e4ltlich.      <\/p>\n<p>Spezifische Eigenschaften:<\/p>\n<ul>\n<li>Astaxanthin<\/li>\n<li>Krillmehl<\/li>\n<li>Fischprodukte<\/li>\n<li>Pflanzliche Proteine<\/li>\n<li>Fette<\/li>\n<li>Kohlenhydrate<\/li>\n<li>Spurenelemente<\/li>\n<li>Vitamine<\/li>\n<li>Stabilisiertes Vitamin C<\/li>\n<li>Schwimmendes Essen<\/li>\n<li>Wassertemperatur ab 12\u00b0C<\/li>\n<li>Keine genetischen Ver\u00e4nderungen (GVO-frei)<\/li>\n<\/ul>\n","protected":false},"excerpt":{"rendered":"<p>D\u00fcnger f\u00fcr exzellentes Wachstum und nat\u00fcrliche Farben<\/p>\n","protected":false},"featured_media":22270,"comment_status":"closed","ping_status":"closed","template":"","meta":{"_acf_changed":false,"_seopress_robots_primary_cat":"none","_seopress_titles_title":"SaniKoi Excellent All-Round - Koi visvoer - Wateryou","_seopress_titles_desc":"Excellent Allround, ein schwimmendes Futter, das ein ausgezeichnetes Wachstum und ein nat\u00fcrliches Farbmuster bei japanischen Koi und anderen wertvollen Karpfenfischen f\u00f6rdern kann.","_seopress_robots_index":""},"product_brand":[],"product_cat":[1126,1238],"product_tag":[],"class_list":{"0":"post-22816","1":"product","2":"type-product","3":"status-publish","4":"has-post-thumbnail","6":"product_cat-fischfutter","7":"product_cat-koi-fischfutter","8":"product_shipping_class-nl-standard-de","9":"pa_diameter-3-mm-de","10":"pa_diameter-6-mm-de","11":"pa_formaat-10-000-ml-de","12":"pa_formaat-1000-ml-de","13":"pa_formaat-3000-ml-de","14":"yith_product_brand-sanikoi-de","15":"entry","16":"has-media","18":"first","19":"instock","20":"sale","21":"taxable","22":"shipping-taxable","23":"purchasable","24":"product-type-variable","25":"has-rating","26":"col","27":"span_1_of_4","28":"wvn-content-left","29":"wvn-thumbs-layout-vertical","30":"wvn-btn-normal","31":"wvn-tabs-layout-vertical"},"acf":[],"_links":{"self":[{"href":"https:\/\/wateryou.eu\/de\/wp-json\/wp\/v2\/product\/22816","targetHints":{"allow":["GET"]}}],"collection":[{"href":"https:\/\/wateryou.eu\/de\/wp-json\/wp\/v2\/product"}],"about":[{"href":"https:\/\/wateryou.eu\/de\/wp-json\/wp\/v2\/types\/product"}],"replies":[{"embeddable":true,"href":"https:\/\/wateryou.eu\/de\/wp-json\/wp\/v2\/comments?post=22816"}],"wp:featuredmedia":[{"embeddable":true,"href":"https:\/\/wateryou.eu\/de\/wp-json\/wp\/v2\/media\/22270"}],"wp:attachment":[{"href":"https:\/\/wateryou.eu\/de\/wp-json\/wp\/v2\/media?parent=22816"}],"wp:term":[{"taxonomy":"product_brand","embeddable":true,"href":"https:\/\/wateryou.eu\/de\/wp-json\/wp\/v2\/product_brand?post=22816"},{"taxonomy":"product_cat","embeddable":true,"href":"https:\/\/wateryou.eu\/de\/wp-json\/wp\/v2\/product_cat?post=22816"},{"taxonomy":"product_tag","embeddable":true,"href":"https:\/\/wateryou.eu\/de\/wp-json\/wp\/v2\/product_tag?post=22816"}],"curies":[{"name":"wp","href":"https:\/\/api.w.org\/{rel}","templated":true}]}}