{"id":22815,"date":"2023-04-20T13:53:04","date_gmt":"2023-04-20T11:53:04","guid":{"rendered":"https:\/\/wateryou.eu\/product\/teleskopgriff\/"},"modified":"2023-04-20T13:53:04","modified_gmt":"2023-04-20T11:53:04","slug":"teleskopgriff","status":"publish","type":"product","link":"https:\/\/wateryou.eu\/de\/produkt\/teleskopgriff\/","title":{"rendered":"Teleskopgriff"},"content":{"rendered":"<p>Die Teichkescher von Velda sind robuste Kescher mit langer Lebensdauer, ideal f\u00fcr die Teichpflege. Mit diesen Keschern entfernen Sie Bl\u00e4tter, Zweige und Schmutz m\u00fchelos aus dem Wasser. Dar\u00fcber hinaus eignen sie sich hervorragend zum Isolieren von Fischen.  <\/p>\n<p>Mit dem bis zu 180 cm ausziehbaren Teleskopstiel lassen sich die Kescher sowohl in tiefen als auch in flachen Teichen leicht handhaben. Die Netze sind fest und unsichtbar im Rahmen integriert, Netzsch\u00e4den geh\u00f6ren somit der Vergangenheit an. Die auff\u00e4lligen gr\u00fcnen Linien im Netz verbessern die Sichtbarkeit unter Wasser.  <\/p>\n<p>W\u00e4hlen Sie aus verschiedenen Kescherarten und -gr\u00f6\u00dfen mit feinmaschigem oder grobmaschigem Netz. Die feinmaschigen Netze eignen sich hervorragend, um auch kleinste Schmutzpartikel aus dem Wasser zu entfernen. Die grobmaschigen Netze eignen sich zum Aussetzen und Fangen von Fischen, aber auch f\u00fcr Arbeiten aller Art, wie zum Beispiel das Entfernen von Laub. W\u00e4hlen Sie die Form, die am besten zum Einsatzzweck passt; eckig f\u00fcr glatte Teiche, rund f\u00fcr Naturteiche zum Beispiel.   <\/p>\n<p>Merkmale:<br \/>\n&#8211; Teleskopgriff ausziehbar bis 180 cm<br \/>\n&#8211; Stabiler Rahmen<br \/>\n&#8211; Gr\u00fcne Linien im Netz f\u00fcr gute Sichtbarkeit<br \/>\n&#8211; Feinmaschiges und grobmaschiges Netz<br \/>\n&#8211; In verschiedenen Formen erh\u00e4ltlich<\/p>\n","protected":false},"excerpt":{"rendered":"<p>ausziehbarer Griff f\u00fcr Teichkescher<\/p>\n","protected":false},"featured_media":21872,"comment_status":"closed","ping_status":"closed","template":"","meta":{"_acf_changed":false,"_seopress_robots_primary_cat":"","_seopress_titles_title":"","_seopress_titles_desc":"","_seopress_robots_index":""},"product_brand":[],"product_cat":[1120,1183,1143,1148],"product_tag":[],"class_list":{"0":"post-22815","1":"product","2":"type-product","3":"status-publish","4":"has-post-thumbnail","6":"product_cat-nicht-kategorisiert","7":"product_cat-setzkescher","8":"product_cat-teile-und-wartung","9":"product_cat-wartung","10":"product_shipping_class-nl-standard-de","11":"pa_formaat-max-180-cm-de","12":"yith_product_brand-velda-de","13":"entry","14":"has-media","16":"first","17":"instock","18":"taxable","19":"shipping-taxable","20":"purchasable","21":"product-type-simple","22":"col","23":"span_1_of_4","24":"wvn-content-left","25":"wvn-thumbs-layout-vertical","26":"wvn-btn-normal","27":"wvn-tabs-layout-vertical"},"acf":[],"_links":{"self":[{"href":"https:\/\/wateryou.eu\/de\/wp-json\/wp\/v2\/product\/22815","targetHints":{"allow":["GET"]}}],"collection":[{"href":"https:\/\/wateryou.eu\/de\/wp-json\/wp\/v2\/product"}],"about":[{"href":"https:\/\/wateryou.eu\/de\/wp-json\/wp\/v2\/types\/product"}],"replies":[{"embeddable":true,"href":"https:\/\/wateryou.eu\/de\/wp-json\/wp\/v2\/comments?post=22815"}],"wp:featuredmedia":[{"embeddable":true,"href":"https:\/\/wateryou.eu\/de\/wp-json\/wp\/v2\/media\/21872"}],"wp:attachment":[{"href":"https:\/\/wateryou.eu\/de\/wp-json\/wp\/v2\/media?parent=22815"}],"wp:term":[{"taxonomy":"product_brand","embeddable":true,"href":"https:\/\/wateryou.eu\/de\/wp-json\/wp\/v2\/product_brand?post=22815"},{"taxonomy":"product_cat","embeddable":true,"href":"https:\/\/wateryou.eu\/de\/wp-json\/wp\/v2\/product_cat?post=22815"},{"taxonomy":"product_tag","embeddable":true,"href":"https:\/\/wateryou.eu\/de\/wp-json\/wp\/v2\/product_tag?post=22815"}],"curies":[{"name":"wp","href":"https:\/\/api.w.org\/{rel}","templated":true}]}}