{"id":22813,"date":"2023-04-20T13:53:24","date_gmt":"2023-04-20T11:53:24","guid":{"rendered":"https:\/\/wateryou.eu\/product\/filterschaum-set\/"},"modified":"2026-03-19T10:24:41","modified_gmt":"2026-03-19T09:24:41","slug":"filterschaum-set","status":"publish","type":"product","link":"https:\/\/wateryou.eu\/de\/produkt\/filterschaum-set\/","title":{"rendered":"Filterschaum-Set"},"content":{"rendered":"<p>Die Druckfilter sind die ideale L\u00f6sung f\u00fcr Teiche, B\u00e4che und Wasserf\u00e4lle. Der Filter ist unauff\u00e4llig, wasserdicht und kann vergraben werden. Mit einem maximalen H\u00f6henunterschied von 3 Metern, einer eingebauten UV-C-Einheit sowie Filterschaum, Biofilterb\u00e4llen und einer Filtersp\u00fclfunktion sorgt der Filter f\u00fcr klares und gesundes Teichwasser.  <\/p>\n<p>Merkmale:<br \/>\n&#8211; Geeignet f\u00fcr Teiche, B\u00e4che und Wasserf\u00e4lle<br \/>\n&#8211; Wasserdicht unter hohem Druck<br \/>\n&#8211; Maximaler H\u00f6henunterschied von 3 Metern<br \/>\n&#8211; Eingebaute UV-C-Einheit<br \/>\n&#8211; Filterschaum zur mechanischen Filterung<br \/>\n&#8211; Biofilterb\u00e4lle zur biologischen Filterung<br \/>\nFiltersp\u00fclfunktion zum Wegsp\u00fclen von Ablagerungen<br \/>\n&#8211; Einfache Installation<br \/>\n&#8211; Schmutzanzeige (6000er Version nicht verf\u00fcgbar)<br \/>\n&#8211; Erh\u00e4ltlich in 3 Kapazit\u00e4ten bis zu 15.000 Litern<\/p>\n","protected":false},"excerpt":{"rendered":"<p>auswechselbares Filtermaterial<\/p>\n","protected":false},"featured_media":23853,"comment_status":"closed","ping_status":"closed","template":"","meta":{"_acf_changed":false,"_seopress_robots_primary_cat":"none","_seopress_titles_title":"","_seopress_titles_desc":"","_seopress_robots_index":""},"product_brand":[],"product_cat":[1233,1120,1148],"product_tag":[],"class_list":{"0":"post-22813","1":"product","2":"type-product","3":"status-publish","4":"has-post-thumbnail","6":"product_cat-druckfilter","7":"product_cat-nicht-kategorisiert","8":"product_cat-wartung","9":"product_shipping_class-nl-standard-de","10":"pa_geschikt-voor-fuer-pf-6000","11":"yith_product_brand-vt-de-2","12":"entry","13":"has-media","15":"first","16":"instock","17":"taxable","18":"shipping-taxable","19":"purchasable","20":"product-type-simple","21":"col","22":"span_1_of_4","23":"wvn-content-left","24":"wvn-thumbs-layout-vertical","25":"wvn-btn-normal","26":"wvn-tabs-layout-vertical","27":"has-no-thumbnails"},"acf":[],"_links":{"self":[{"href":"https:\/\/wateryou.eu\/de\/wp-json\/wp\/v2\/product\/22813","targetHints":{"allow":["GET"]}}],"collection":[{"href":"https:\/\/wateryou.eu\/de\/wp-json\/wp\/v2\/product"}],"about":[{"href":"https:\/\/wateryou.eu\/de\/wp-json\/wp\/v2\/types\/product"}],"replies":[{"embeddable":true,"href":"https:\/\/wateryou.eu\/de\/wp-json\/wp\/v2\/comments?post=22813"}],"wp:featuredmedia":[{"embeddable":true,"href":"https:\/\/wateryou.eu\/de\/wp-json\/wp\/v2\/media\/23853"}],"wp:attachment":[{"href":"https:\/\/wateryou.eu\/de\/wp-json\/wp\/v2\/media?parent=22813"}],"wp:term":[{"taxonomy":"product_brand","embeddable":true,"href":"https:\/\/wateryou.eu\/de\/wp-json\/wp\/v2\/product_brand?post=22813"},{"taxonomy":"product_cat","embeddable":true,"href":"https:\/\/wateryou.eu\/de\/wp-json\/wp\/v2\/product_cat?post=22813"},{"taxonomy":"product_tag","embeddable":true,"href":"https:\/\/wateryou.eu\/de\/wp-json\/wp\/v2\/product_tag?post=22813"}],"curies":[{"name":"wp","href":"https:\/\/api.w.org\/{rel}","templated":true}]}}