{"id":22810,"date":"2023-04-20T13:53:24","date_gmt":"2023-04-20T11:53:24","guid":{"rendered":"https:\/\/wateryou.eu\/product\/indoor-pump-2\/"},"modified":"2023-04-20T13:53:24","modified_gmt":"2023-04-20T11:53:24","slug":"indoor-pump-2","status":"publish","type":"product","link":"https:\/\/wateryou.eu\/de\/produkt\/indoor-pump-2\/","title":{"rendered":"Indoor Pump"},"content":{"rendered":"<p>Die VT Indoor Pumps sind hochwertige Wasserpumpen, die speziell f\u00fcr den Einsatz im Innenbereich konzipiert sind. Die sparsamen Motoren verf\u00fcgen \u00fcber eine hervorragende Leistung und einen geringen Energieverbrauch. Die Motoren sind mit einem Thermoschutz ausgestattet und vollst\u00e4ndig abgedichtet, was den Pumpen eine lange Lebensdauer verleiht.  <\/p>\n<p>Die VT Indoor-Pumpen eignen sich ideal f\u00fcr den Einsatz im Innenbereich, beispielsweise f\u00fcr Aquarien, Wasserspiele, Luftbefeuchtung und kleine Bachl\u00e4ufe. Die Pumpen m\u00fcssen vollst\u00e4ndig im Wasser platziert werden. <\/p>\n<p>Mit den VT Indoor Pumps erhalten Sie eine hochwertige und zuverl\u00e4ssige Wasserpumpe, die dem neuesten technischen Standard entspricht. Die Zusammensetzung ist stark und verschlei\u00dffest, mit W\u00e4rmeschutz und geringer Energieeffizienz. Dar\u00fcber hinaus ist die Pumpe vollst\u00e4ndig abgedichtet, um eine lange Lebensdauer zu gew\u00e4hrleisten.  <\/p>\n","protected":false},"excerpt":{"rendered":"<p>Pumpe f\u00fcr Zimmerbrunnen und Wasserspiele<\/p>\n","protected":false},"featured_media":22261,"comment_status":"closed","ping_status":"closed","template":"","meta":{"_acf_changed":false,"_seopress_robots_primary_cat":"none","_seopress_titles_title":"","_seopress_titles_desc":"","_seopress_robots_index":""},"product_brand":[],"product_cat":[1230,1235],"product_tag":[1265],"class_list":{"0":"post-22810","1":"product","2":"type-product","3":"status-publish","4":"has-post-thumbnail","6":"product_cat-pumpen-und-filter","7":"product_cat-pumps","8":"product_tag-9-m-de","9":"product_shipping_class-nl-standard-de","10":"pa_formaat-400-l-h-de","11":"pa_formaat-700-l-h-de","12":"pa_geschikt-voor-max-09-m-de","13":"yith_product_brand-vt-de-2","14":"entry","15":"has-media","17":"first","18":"instock","19":"taxable","20":"shipping-taxable","21":"purchasable","22":"product-type-variable","23":"has-default-attributes","24":"col","25":"span_1_of_4","26":"wvn-content-left","27":"wvn-thumbs-layout-vertical","28":"wvn-btn-normal","29":"wvn-tabs-layout-vertical"},"acf":[],"_links":{"self":[{"href":"https:\/\/wateryou.eu\/de\/wp-json\/wp\/v2\/product\/22810","targetHints":{"allow":["GET"]}}],"collection":[{"href":"https:\/\/wateryou.eu\/de\/wp-json\/wp\/v2\/product"}],"about":[{"href":"https:\/\/wateryou.eu\/de\/wp-json\/wp\/v2\/types\/product"}],"replies":[{"embeddable":true,"href":"https:\/\/wateryou.eu\/de\/wp-json\/wp\/v2\/comments?post=22810"}],"wp:featuredmedia":[{"embeddable":true,"href":"https:\/\/wateryou.eu\/de\/wp-json\/wp\/v2\/media\/22261"}],"wp:attachment":[{"href":"https:\/\/wateryou.eu\/de\/wp-json\/wp\/v2\/media?parent=22810"}],"wp:term":[{"taxonomy":"product_brand","embeddable":true,"href":"https:\/\/wateryou.eu\/de\/wp-json\/wp\/v2\/product_brand?post=22810"},{"taxonomy":"product_cat","embeddable":true,"href":"https:\/\/wateryou.eu\/de\/wp-json\/wp\/v2\/product_cat?post=22810"},{"taxonomy":"product_tag","embeddable":true,"href":"https:\/\/wateryou.eu\/de\/wp-json\/wp\/v2\/product_tag?post=22810"}],"curies":[{"name":"wp","href":"https:\/\/api.w.org\/{rel}","templated":true}]}}