{"id":22794,"date":"2023-04-20T13:53:44","date_gmt":"2023-04-20T11:53:44","guid":{"rendered":"https:\/\/wateryou.eu\/product\/aqua-test-strips-2\/"},"modified":"2025-06-03T10:30:18","modified_gmt":"2025-06-03T08:30:18","slug":"aqua-test-strips-2","status":"publish","type":"product","link":"https:\/\/wateryou.eu\/de\/produkt\/aqua-test-strips-2\/","title":{"rendered":"Aqua Test Strips"},"content":{"rendered":"<p>Aqua Test Strips sind eine einfache und zuverl\u00e4ssige M\u00f6glichkeit, die 6 wichtigsten Wasserparameter in Teichen und Aquarien zu messen. Diese Streifen geben Ihnen sofortigen Einblick in den S\u00e4uregehalt, die Gesamth\u00e4rte, die Karbonath\u00e4rte, den Nitrit-, Nitrat- und Chlorgehalt. Ermitteln Sie diese Werte mit nur einer Tauchzeit von 2 Sekunden, ohne das Wasser abzusch\u00fctteln. Vergleichen Sie anschlie\u00dfend die Farbbereiche auf dem Streifen mit der Farbtabelle auf der Tube. F\u00fcr optimale Ergebnisse bewahren Sie die Streifen an einem trockenen, k\u00fchlen Ort auf und verschlie\u00dfen Sie die Kappe immer sofort nach Gebrauch.<\/p>\n<p>Die Aqua Test Strips geben Ihnen sofortigen Einblick in die Zusammensetzung Ihres Teich- oder Aquarienwassers. Ideal um festzustellen, ob das Wasser in Ihrem Aquarium oder Teich die optimalen Wasserwerte erf\u00fcllt, wie zum Beispiel: <\/p>\n<p>&#8211; S\u00e4ure: pH 7-8,5<br \/>\n&#8211; Gesamth\u00e4rte: GH 8-12 ?DH<br \/>\n&#8211; Karbonath\u00e4rte: KH 6-8 ?DH<br \/>\n&#8211; Nitrit: NO3 &lt;25 mg\/l<br \/>\n&#8211; Nitrat: NO2 ? 0,2 mg\/l<br \/>\n&#8211; Chlor: Cl2 0 mg\/l  <\/p>\n<p>Mit den Aqua Test Strips k\u00f6nnen Sie die Wasserwerte Ihres Aquariums oder Teichs zuverl\u00e4ssig, einfach und schnell \u00fcberpr\u00fcfen. Mit diesen Streifen k\u00f6nnen Sie die Wasserwerte in Ihrem Aquarium oder Teich regelm\u00e4\u00dfig \u00fcberwachen, um sicherzustellen, dass Ihre Aquarien- oder Teichbewohner gesund und gl\u00fccklich bleiben! <\/p>\n","protected":false},"excerpt":{"rendered":"<p>Teststreifen zur \u00dcberpr\u00fcfung der Wasserqualit\u00e4t<\/p>\n","protected":false},"featured_media":21628,"comment_status":"closed","ping_status":"open","template":"","meta":{"_acf_changed":false,"_seopress_robots_primary_cat":"","_seopress_titles_title":"","_seopress_titles_desc":"","_seopress_robots_index":""},"product_brand":[],"product_cat":[1197],"product_tag":[],"class_list":{"0":"post-22794","1":"product","2":"type-product","3":"status-publish","4":"has-post-thumbnail","6":"product_cat-watertesten-de","7":"product_shipping_class-nl-standard-de","8":"pa_formaat-50-stuks-de","9":"pa_geschikt-voor-ph-gh-kh-no2-no3-cl2-de","10":"yith_product_brand-velda-de","11":"entry","12":"has-media","14":"first","15":"instock","16":"taxable","17":"shipping-taxable","18":"purchasable","19":"product-type-simple","20":"col","21":"span_1_of_4","22":"wvn-content-left","23":"wvn-thumbs-layout-vertical","24":"wvn-btn-normal","25":"wvn-tabs-layout-vertical"},"acf":[],"_links":{"self":[{"href":"https:\/\/wateryou.eu\/de\/wp-json\/wp\/v2\/product\/22794","targetHints":{"allow":["GET"]}}],"collection":[{"href":"https:\/\/wateryou.eu\/de\/wp-json\/wp\/v2\/product"}],"about":[{"href":"https:\/\/wateryou.eu\/de\/wp-json\/wp\/v2\/types\/product"}],"replies":[{"embeddable":true,"href":"https:\/\/wateryou.eu\/de\/wp-json\/wp\/v2\/comments?post=22794"}],"wp:featuredmedia":[{"embeddable":true,"href":"https:\/\/wateryou.eu\/de\/wp-json\/wp\/v2\/media\/21628"}],"wp:attachment":[{"href":"https:\/\/wateryou.eu\/de\/wp-json\/wp\/v2\/media?parent=22794"}],"wp:term":[{"taxonomy":"product_brand","embeddable":true,"href":"https:\/\/wateryou.eu\/de\/wp-json\/wp\/v2\/product_brand?post=22794"},{"taxonomy":"product_cat","embeddable":true,"href":"https:\/\/wateryou.eu\/de\/wp-json\/wp\/v2\/product_cat?post=22794"},{"taxonomy":"product_tag","embeddable":true,"href":"https:\/\/wateryou.eu\/de\/wp-json\/wp\/v2\/product_tag?post=22794"}],"curies":[{"name":"wp","href":"https:\/\/api.w.org\/{rel}","templated":true}]}}