{"id":22790,"date":"2023-04-20T13:53:44","date_gmt":"2023-04-20T11:53:44","guid":{"rendered":"https:\/\/wateryou.eu\/product\/bio-oxydator-2\/"},"modified":"2026-02-15T16:28:35","modified_gmt":"2026-02-15T15:28:35","slug":"bio-oxydator-2","status":"publish","type":"product","link":"https:\/\/wateryou.eu\/de\/produkt\/bio-oxydator-2\/","title":{"rendered":"Bio-Oxydator"},"content":{"rendered":"<p>Velda&#8217;s Bio-Oxydator ist die L\u00f6sung f\u00fcr einen sauberen, gesunden Teich ohne Bodenschlamm. Diese spezielle Formel entfernt Teichschlamm und verbessert so die Wasserqualit\u00e4t in der Bodenzone. Die Formel enth\u00e4lt drei Wirkstoffe: pH-regulierendes Granulat, nat\u00fcrlichen Kalk und gefriergetrocknete Mikroorganismen. Das pH-regulierende Granulat verhindert eine Versauerung des Bodengrundes, der nat\u00fcrliche Kalk sorgt f\u00fcr die richtige Wasserh\u00e4rte und die Mikroorganismen beginnen sofort mit der bakteriellen Umwandlung des Bodenschmutzes. Besonders im zeitigen Fr\u00fchjahr und Herbst ist die Verwendung von Bio-Oxydator wichtig, um Schlammbildung vorzubeugen.    <\/p>\n<p>Merkmale:<br \/>\n&#8211; Entfernt Teichschlamm<br \/>\n&#8211; Biologisch abbaubar mit Bakterien<br \/>\n&#8211; Verhindert die Versauerung der Bodenschicht<br \/>\n&#8211; H\u00e4lt die richtige Wasserh\u00e4rte aufrecht<br \/>\n&#8211; Reduziert die N\u00e4hrstoffquelle f\u00fcr Algen<br \/>\n&#8211; Im Fr\u00fchjahr und Herbst anwenden<\/p>\n","protected":false},"excerpt":{"rendered":"<p>entfernt biologischen Teichbodenschlamm<\/p>\n","protected":false},"featured_media":22268,"comment_status":"closed","ping_status":"closed","template":"","meta":{"_acf_changed":false,"_seopress_robots_primary_cat":"none","_seopress_titles_title":"Bio-Oxydator -entfernter Bodenschlamm","_seopress_titles_desc":"Velda's Bio-Oxydator ist die L\u00f6sung f\u00fcr einen sauberen, gesunden Teich ohne Bodenschlamm. Biologisch abbaubar durch Bakterien, verhindert die Versauerung der Bodenschicht, h\u00e4lt den richtigen pH-Wert aufrecht, reduziert die Nahrungsquelle f\u00fcr Algen. ","_seopress_robots_index":""},"product_brand":[],"product_cat":[1241],"product_tag":[],"class_list":{"0":"post-22790","1":"product","2":"type-product","3":"status-publish","4":"has-post-thumbnail","6":"product_cat-wasserverbesserung","7":"product_shipping_class-nl-standard-de","8":"pa_formaat-1000-ml-de","9":"pa_formaat-2500-ml-de","10":"pa_formaat-5000-ml-de","11":"pa_geschikt-voor-fuer-10-m","12":"pa_geschikt-voor-fuer-25-m","13":"yith_product_brand-velda-de","14":"entry","15":"has-media","17":"first","18":"instock","19":"taxable","20":"shipping-taxable","21":"purchasable","22":"product-type-variable","23":"has-default-attributes","24":"col","25":"span_1_of_4","26":"wvn-content-left","27":"wvn-thumbs-layout-vertical","28":"wvn-btn-normal","29":"wvn-tabs-layout-vertical","30":"has-no-thumbnails"},"acf":[],"_links":{"self":[{"href":"https:\/\/wateryou.eu\/de\/wp-json\/wp\/v2\/product\/22790","targetHints":{"allow":["GET"]}}],"collection":[{"href":"https:\/\/wateryou.eu\/de\/wp-json\/wp\/v2\/product"}],"about":[{"href":"https:\/\/wateryou.eu\/de\/wp-json\/wp\/v2\/types\/product"}],"replies":[{"embeddable":true,"href":"https:\/\/wateryou.eu\/de\/wp-json\/wp\/v2\/comments?post=22790"}],"wp:featuredmedia":[{"embeddable":true,"href":"https:\/\/wateryou.eu\/de\/wp-json\/wp\/v2\/media\/22268"}],"wp:attachment":[{"href":"https:\/\/wateryou.eu\/de\/wp-json\/wp\/v2\/media?parent=22790"}],"wp:term":[{"taxonomy":"product_brand","embeddable":true,"href":"https:\/\/wateryou.eu\/de\/wp-json\/wp\/v2\/product_brand?post=22790"},{"taxonomy":"product_cat","embeddable":true,"href":"https:\/\/wateryou.eu\/de\/wp-json\/wp\/v2\/product_cat?post=22790"},{"taxonomy":"product_tag","embeddable":true,"href":"https:\/\/wateryou.eu\/de\/wp-json\/wp\/v2\/product_tag?post=22790"}],"curies":[{"name":"wp","href":"https:\/\/api.w.org\/{rel}","templated":true}]}}