{"id":22789,"date":"2023-04-20T13:53:44","date_gmt":"2023-04-20T11:53:44","guid":{"rendered":"https:\/\/wateryou.eu\/product\/pond-cleaner-2\/"},"modified":"2026-05-03T13:03:18","modified_gmt":"2026-05-03T11:03:18","slug":"pond-cleaner-2","status":"publish","type":"product","link":"https:\/\/wateryou.eu\/de\/produkt\/pond-cleaner-2\/","title":{"rendered":"Pond Cleaner"},"content":{"rendered":"<p>Pond Cleaner ist die perfekte L\u00f6sung f\u00fcr Teichbesitzer, die mit gr\u00fcnen Wolken im Wasser und Verschmutzung zu k\u00e4mpfen haben. Diese nat\u00fcrliche Wasseraufbereitung sorgt daf\u00fcr, dass Phosphat im Teichwasser gebunden wird, wodurch N\u00e4hrstoffe entfernt werden und der Teich sauber bleibt. F\u00fcr beste Ergebnisse empfehlen wir, es monatlich hinzuzuf\u00fcgen. Dar\u00fcber hinaus ist es wichtig, die Wasserh\u00e4rte mit GH Plus aufrechtzuerhalten, wobei ein idealer GH-Wert zwischen 8 und 12 liegt? DH. Bei hohen Temperaturen und vielen Fischen kann es zu Sauerstoffmangel kommen, der eine Bel\u00fcftung oder teilweise Wasserwechsel erforderlich machen kann. Teichreiniger ist eine nat\u00fcrliche L\u00f6sung, um den Teich gesund und sauber zu halten. Zusammensetzung: Natriumhydrogensulfat, Natriumchlorid, Natriummetasilikat, Calciumcarbonat, Natriumthiosulfat, Kaliumchlorid, Kaliumsulfat, Magnesiumchlorid. N\u00e4hrwerte: Phosphat 0mg\/l, Nitrat 0mg\/l, Ammonium 0mg\/l. Zusatzstoffe: Natriumhydrogensulfat, Natriumchlorid, Natriummetasilikat, Calciumcarbonat, Natriumthiosulfat, Kaliumchlorid, Kaliumsulfat, Magnesiumchlorid.         <\/p>\n","protected":false},"excerpt":{"rendered":"<p>Naturprodukt zur Teichreinigung<\/p>\n","protected":false},"featured_media":22035,"comment_status":"closed","ping_status":"closed","template":"","meta":{"_acf_changed":false,"_seopress_robots_primary_cat":"none","_seopress_titles_title":"","_seopress_titles_desc":"","_seopress_robots_index":""},"product_brand":[],"product_cat":[1245,1241],"product_tag":[],"class_list":{"0":"post-22789","1":"product","2":"type-product","3":"status-publish","4":"has-post-thumbnail","6":"product_cat-grunes-wasser","7":"product_cat-wasserverbesserung","8":"product_shipping_class-nl-standard-de","9":"pa_formaat-1000-g-de","10":"pa_geschikt-voor-fur-20-000-liter-wasser","11":"yith_product_brand-vincia-de","12":"entry","13":"has-media","15":"first","16":"instock","17":"taxable","18":"shipping-taxable","19":"purchasable","20":"product-type-simple","21":"col","22":"span_1_of_4","23":"wvn-content-left","24":"wvn-thumbs-layout-vertical","25":"wvn-btn-normal","26":"wvn-tabs-layout-vertical","27":"has-no-thumbnails"},"acf":[],"_links":{"self":[{"href":"https:\/\/wateryou.eu\/de\/wp-json\/wp\/v2\/product\/22789","targetHints":{"allow":["GET"]}}],"collection":[{"href":"https:\/\/wateryou.eu\/de\/wp-json\/wp\/v2\/product"}],"about":[{"href":"https:\/\/wateryou.eu\/de\/wp-json\/wp\/v2\/types\/product"}],"replies":[{"embeddable":true,"href":"https:\/\/wateryou.eu\/de\/wp-json\/wp\/v2\/comments?post=22789"}],"wp:featuredmedia":[{"embeddable":true,"href":"https:\/\/wateryou.eu\/de\/wp-json\/wp\/v2\/media\/22035"}],"wp:attachment":[{"href":"https:\/\/wateryou.eu\/de\/wp-json\/wp\/v2\/media?parent=22789"}],"wp:term":[{"taxonomy":"product_brand","embeddable":true,"href":"https:\/\/wateryou.eu\/de\/wp-json\/wp\/v2\/product_brand?post=22789"},{"taxonomy":"product_cat","embeddable":true,"href":"https:\/\/wateryou.eu\/de\/wp-json\/wp\/v2\/product_cat?post=22789"},{"taxonomy":"product_tag","embeddable":true,"href":"https:\/\/wateryou.eu\/de\/wp-json\/wp\/v2\/product_tag?post=22789"}],"curies":[{"name":"wp","href":"https:\/\/api.w.org\/{rel}","templated":true}]}}