{"id":22775,"date":"2023-04-20T13:53:56","date_gmt":"2023-04-20T11:53:56","guid":{"rendered":"https:\/\/wateryou.eu\/product\/kh-plus-2\/"},"modified":"2026-04-15T10:09:42","modified_gmt":"2026-04-15T08:09:42","slug":"kh-plus-2","status":"publish","type":"product","link":"https:\/\/wateryou.eu\/de\/produkt\/kh-plus-2\/","title":{"rendered":"KH Plus"},"content":{"rendered":"<p>Velda KH Plus ist eine ideale L\u00f6sung zur Erh\u00f6hung der Karbonath\u00e4rte (KH-Wert) Ihres Teichwassers. Ein KH-Wert von 6-8 \u00b0DH verhindert eine Versauerung und einen Abfall des pH-Wertes und erm\u00f6glicht Sauerstoffpflanzen ein optimales Wachstum. Dieses KH-plus ist in Packungen zu 250, 500 und 1000 ml erh\u00e4ltlich.  <\/p>\n<p>Mit Velda KH Plus k\u00f6nnen Sie die kohlens\u00e4uregebundenen Calcium- und Magnesiumwerte einfach erh\u00f6hen und so den KH-Wert steigern. Seine Zusammensetzung umfasst Calciumcarbonat, Magnesiumcarbonat und konzentrierte Mineralien. Der N\u00e4hrwert betr\u00e4gt 0,1 kcal\/ml, das hei\u00dft, es ist kalorienarm. Dar\u00fcber hinaus enth\u00e4lt es keine Konservierungsstoffe, Farbstoffe oder Aromen.<\/p>\n<p>Velda KH Plus ist eine ideale L\u00f6sung zur Erh\u00f6hung des KH-Werts Ihres Teichwassers und f\u00fcr optimales Wachstum sauerstoffspendender Pflanzen. Mit diesem KH-plus k\u00f6nnen Sie Ihr Teichwasser ganz einfach mit Calcium- und Magnesiumwerten anreichern, ohne Zugabe von Konservierungs-, Farb- oder Aromastoffen. <\/p>\n","protected":false},"excerpt":{"rendered":"<p>erh\u00f6ht die Karbonath\u00e4rte schnell um 3 \u00b0DH<\/p>\n","protected":false},"featured_media":22126,"comment_status":"closed","ping_status":"closed","template":"","meta":{"_acf_changed":false,"_seopress_robots_primary_cat":"none","_seopress_titles_title":"KH Plus","_seopress_titles_desc":"KH Plus","_seopress_robots_index":""},"product_brand":[],"product_cat":[1242,1241],"product_tag":[],"class_list":{"0":"post-22775","1":"product","2":"type-product","3":"status-publish","4":"has-post-thumbnail","6":"product_cat-bakterienkulturen","7":"product_cat-wasserverbesserung","8":"product_shipping_class-nl-standard-de","9":"pa_formaat-1000-ml-de","10":"pa_formaat-15000-ml-de","11":"pa_formaat-250-ml-de","12":"pa_formaat-3750-ml-de","13":"pa_formaat-500-ml-de","14":"pa_formaat-7500-ml-de","15":"pa_geschikt-voor-fur-10-000-liter-wasser","16":"pa_geschikt-voor-fuer-2500-liter-wasser","17":"pa_geschikt-voor-fuer-5000-liter-wasser","18":"yith_product_brand-velda-de","19":"entry","20":"has-media","22":"first","23":"instock","24":"sale","25":"taxable","26":"shipping-taxable","27":"purchasable","28":"product-type-variable","29":"has-default-attributes","30":"col","31":"span_1_of_4","32":"wvn-content-left","33":"wvn-thumbs-layout-vertical","34":"wvn-btn-normal","35":"wvn-tabs-layout-vertical","36":"has-no-thumbnails"},"acf":[],"_links":{"self":[{"href":"https:\/\/wateryou.eu\/de\/wp-json\/wp\/v2\/product\/22775","targetHints":{"allow":["GET"]}}],"collection":[{"href":"https:\/\/wateryou.eu\/de\/wp-json\/wp\/v2\/product"}],"about":[{"href":"https:\/\/wateryou.eu\/de\/wp-json\/wp\/v2\/types\/product"}],"replies":[{"embeddable":true,"href":"https:\/\/wateryou.eu\/de\/wp-json\/wp\/v2\/comments?post=22775"}],"wp:featuredmedia":[{"embeddable":true,"href":"https:\/\/wateryou.eu\/de\/wp-json\/wp\/v2\/media\/22126"}],"wp:attachment":[{"href":"https:\/\/wateryou.eu\/de\/wp-json\/wp\/v2\/media?parent=22775"}],"wp:term":[{"taxonomy":"product_brand","embeddable":true,"href":"https:\/\/wateryou.eu\/de\/wp-json\/wp\/v2\/product_brand?post=22775"},{"taxonomy":"product_cat","embeddable":true,"href":"https:\/\/wateryou.eu\/de\/wp-json\/wp\/v2\/product_cat?post=22775"},{"taxonomy":"product_tag","embeddable":true,"href":"https:\/\/wateryou.eu\/de\/wp-json\/wp\/v2\/product_tag?post=22775"}],"curies":[{"name":"wp","href":"https:\/\/api.w.org\/{rel}","templated":true}]}}