{"id":22767,"date":"2023-04-20T13:54:01","date_gmt":"2023-04-20T11:54:01","guid":{"rendered":"https:\/\/wateryou.eu\/product\/toru-active-2\/"},"modified":"2023-04-20T13:54:01","modified_gmt":"2023-04-20T11:54:01","slug":"toru-active-2","status":"publish","type":"product","link":"https:\/\/wateryou.eu\/de\/produkt\/toru-active-2\/","title":{"rendered":"Toru-Active"},"content":{"rendered":"<p>Toru-Active ist die perfekte nat\u00fcrliche L\u00f6sung zur Senkung des pH-Werts im Teichwasser. Der Hochmoortorf wird konzentriert und zu \u201ePellets\u201c gepresst, wodurch er 100 % umweltfreundlich und biologisch abbaubar ist. Die Humins\u00e4uren in Toru-Active senken den pH-Wert, reichern das Teichwasser mit Spurenelementen an und sch\u00fctzen den Lebensraum der Fische und Pflanzen. Dar\u00fcber hinaus inaktiviert es Chlor aus Leitungswasser und ist daher besonders f\u00fcr neue Teiche geeignet. Eigenschaften von Toru-Active:<br \/>\n? Nat\u00fcrlicher pH-Senker auf Basis von Hochmoortorf<br \/>\n? Konzentriert und zu Pellets gepresst<br \/>\n? 100 % umweltfreundlich und biologisch abbaubar<br \/>\n? Senkt den pH-Wert des Teichwassers<br \/>\n? Reichert das Teichwasser mit Spurenelementen an<br \/>\n? Sch\u00fctzt den Lebensraum von Fischen und Pflanzen<br \/>\n? Inaktiviert Chlor aus Leitungswasser           <\/p>\n","protected":false},"excerpt":{"rendered":"<p>nat\u00fcrliche pH-Senkung auf Torfbasis<\/p>\n","protected":false},"featured_media":21670,"comment_status":"closed","ping_status":"closed","template":"","meta":{"_acf_changed":false,"_seopress_robots_primary_cat":"","_seopress_titles_title":"","_seopress_titles_desc":"","_seopress_robots_index":""},"product_brand":[],"product_cat":[1241],"product_tag":[],"class_list":{"0":"post-22767","1":"product","2":"type-product","3":"status-publish","4":"has-post-thumbnail","6":"product_cat-wasserverbesserung","7":"product_shipping_class-nl-standard-de","8":"pa_formaat-2100-g-de","9":"pa_geschikt-voor-fuer-5000-liter-wasser","10":"yith_product_brand-vincia-de","11":"entry","12":"has-media","14":"first","15":"instock","16":"taxable","17":"shipping-taxable","18":"purchasable","19":"product-type-simple","20":"col","21":"span_1_of_4","22":"wvn-content-left","23":"wvn-thumbs-layout-vertical","24":"wvn-btn-normal","25":"wvn-tabs-layout-vertical","26":"has-no-thumbnails"},"acf":[],"_links":{"self":[{"href":"https:\/\/wateryou.eu\/de\/wp-json\/wp\/v2\/product\/22767","targetHints":{"allow":["GET"]}}],"collection":[{"href":"https:\/\/wateryou.eu\/de\/wp-json\/wp\/v2\/product"}],"about":[{"href":"https:\/\/wateryou.eu\/de\/wp-json\/wp\/v2\/types\/product"}],"replies":[{"embeddable":true,"href":"https:\/\/wateryou.eu\/de\/wp-json\/wp\/v2\/comments?post=22767"}],"wp:featuredmedia":[{"embeddable":true,"href":"https:\/\/wateryou.eu\/de\/wp-json\/wp\/v2\/media\/21670"}],"wp:attachment":[{"href":"https:\/\/wateryou.eu\/de\/wp-json\/wp\/v2\/media?parent=22767"}],"wp:term":[{"taxonomy":"product_brand","embeddable":true,"href":"https:\/\/wateryou.eu\/de\/wp-json\/wp\/v2\/product_brand?post=22767"},{"taxonomy":"product_cat","embeddable":true,"href":"https:\/\/wateryou.eu\/de\/wp-json\/wp\/v2\/product_cat?post=22767"},{"taxonomy":"product_tag","embeddable":true,"href":"https:\/\/wateryou.eu\/de\/wp-json\/wp\/v2\/product_tag?post=22767"}],"curies":[{"name":"wp","href":"https:\/\/api.w.org\/{rel}","templated":true}]}}