{"id":22763,"date":"2023-04-20T13:54:07","date_gmt":"2023-04-20T11:54:07","guid":{"rendered":"https:\/\/wateryou.eu\/product\/giant-air-stone-xxl-8-mm-ausstromerstein\/"},"modified":"2026-04-28T07:42:24","modified_gmt":"2026-04-28T05:42:24","slug":"giant-air-stone-xxl-8-mm-ausstromerstein","status":"publish","type":"product","link":"https:\/\/wateryou.eu\/de\/produkt\/giant-air-stone-xxl-8-mm-ausstromerstein\/","title":{"rendered":"Giant Air Stone XXL 8 mm &#8211; Ausstr\u00f6merstein"},"content":{"rendered":"<p>Die Silenta Outdoor-Pumpe ist eine robuste, leise und regenwasserbest\u00e4ndige Luftpumpe. Der faserverst\u00e4rkte Luftschlauch und der gro\u00dfe Ausstr\u00f6merstein sorgen f\u00fcr eine lange Lebensdauer. Die Luftpumpe ist im Sommer wie im Winter ein Segen f\u00fcr den Teich:  <\/p>\n<ul>\n<li>Sommer: Die Luftblasen reichern das Wasser mit Sauerstoff an und entfernen sch\u00e4dliche Gase, wodurch Sauerstoffmangel vermieden wird.<\/li>\n<li>Winter: Die Luftblasen halten den Teich eisfrei und das Wasser sauerstoffreich, wodurch das Ersticken der Fische verhindert wird.<\/li>\n<\/ul>\n<p>Die Silenta Outdoor-Pumpe ist in f\u00fcnf Modellen erh\u00e4ltlich: Silenta 1200, 1800, 3600, 4800 und 6000. Jede Pumpe hat einen niedrigen Ger\u00e4uschpegel und ist aus hochwertigen Materialien gefertigt, was eine lange Lebensdauer gew\u00e4hrleistet. Genie\u00dfen Sie mit der Silenta Outdoor-Pumpe einen sauberen, gesunden Teich und eine sichere Umgebung f\u00fcr Ihre Fische.  <\/p>\n","protected":false},"excerpt":{"rendered":"<p>sehr gro\u00dfer Luftstein<\/p>\n","protected":false},"featured_media":22037,"comment_status":"closed","ping_status":"closed","template":"","meta":{"_acf_changed":false,"_seopress_robots_primary_cat":"none","_seopress_titles_title":"","_seopress_titles_desc":"","_seopress_robots_index":""},"product_brand":[],"product_cat":[1231],"product_tag":[],"class_list":{"0":"post-22763","1":"product","2":"type-product","3":"status-publish","4":"has-post-thumbnail","6":"product_cat-beluftung","7":"product_shipping_class-nl-standard-de","8":"pa_formaat-9-mm-de","9":"yith_product_brand-velda-de","10":"entry","11":"has-media","13":"first","14":"instock","15":"taxable","16":"shipping-taxable","17":"purchasable","18":"product-type-simple","19":"col","20":"span_1_of_4","21":"wvn-content-left","22":"wvn-thumbs-layout-vertical","23":"wvn-btn-normal","24":"wvn-tabs-layout-vertical","25":"has-no-thumbnails"},"acf":[],"_links":{"self":[{"href":"https:\/\/wateryou.eu\/de\/wp-json\/wp\/v2\/product\/22763","targetHints":{"allow":["GET"]}}],"collection":[{"href":"https:\/\/wateryou.eu\/de\/wp-json\/wp\/v2\/product"}],"about":[{"href":"https:\/\/wateryou.eu\/de\/wp-json\/wp\/v2\/types\/product"}],"replies":[{"embeddable":true,"href":"https:\/\/wateryou.eu\/de\/wp-json\/wp\/v2\/comments?post=22763"}],"wp:featuredmedia":[{"embeddable":true,"href":"https:\/\/wateryou.eu\/de\/wp-json\/wp\/v2\/media\/22037"}],"wp:attachment":[{"href":"https:\/\/wateryou.eu\/de\/wp-json\/wp\/v2\/media?parent=22763"}],"wp:term":[{"taxonomy":"product_brand","embeddable":true,"href":"https:\/\/wateryou.eu\/de\/wp-json\/wp\/v2\/product_brand?post=22763"},{"taxonomy":"product_cat","embeddable":true,"href":"https:\/\/wateryou.eu\/de\/wp-json\/wp\/v2\/product_cat?post=22763"},{"taxonomy":"product_tag","embeddable":true,"href":"https:\/\/wateryou.eu\/de\/wp-json\/wp\/v2\/product_tag?post=22763"}],"curies":[{"name":"wp","href":"https:\/\/api.w.org\/{rel}","templated":true}]}}