{"id":22759,"date":"2023-04-20T13:54:12","date_gmt":"2023-04-20T11:54:12","guid":{"rendered":"https:\/\/wateryou.eu\/product\/toru-stroh-2\/"},"modified":"2023-04-20T13:54:12","modified_gmt":"2023-04-20T11:54:12","slug":"toru-stroh-2","status":"publish","type":"product","link":"https:\/\/wateryou.eu\/de\/produkt\/toru-stroh-2\/","title":{"rendered":"Toru-Stroh"},"content":{"rendered":"<p>Toru-Stroh ist ein 100 % nat\u00fcrliches Produkt, bestehend aus einer einzigartigen Kombination aus Gerstenstroh und Hochmoortorf. Es wirkt vorbeugend und h\u00e4lt das Teichwasser l\u00e4nger klar und tr\u00fcbungsfrei. Das Gerstenstroh sorgt daf\u00fcr, dass beim Zersetzungsprozess wertvolle Stoffe freigesetzt werden, w\u00e4hrend die Humins\u00e4uren und die pH-senkende Wirkung des Hochmoortorfes die Wirkung unterst\u00fctzen. Diese nat\u00fcrlichen Inhaltsstoffe sind biologisch abbaubar und in einfach zu verwendenden \u201ePellets\u201c konzentriert. Toru-Stroh ist f\u00fcr Teiche mit einem Fassungsverm\u00f6gen bis 10.000 Liter geeignet. Genie\u00dfen Sie mit Toru-Stroh klares und tr\u00fcbungsfreies Teichwasser!     <\/p>\n","protected":false},"excerpt":{"rendered":"<p>Naturprodukt f\u00fcr Teiche, Gerstenstroh und Hochmoortorf<\/p>\n","protected":false},"featured_media":21666,"comment_status":"closed","ping_status":"closed","template":"","meta":{"_acf_changed":false,"_seopress_robots_primary_cat":"","_seopress_titles_title":"","_seopress_titles_desc":"","_seopress_robots_index":""},"product_brand":[],"product_cat":[1244],"product_tag":[],"class_list":{"0":"post-22759","1":"product","2":"type-product","3":"status-publish","4":"has-post-thumbnail","6":"product_cat-faden-und-schleimalgen","7":"product_shipping_class-nl-standard-de","8":"pa_formaat-2600-g-de","9":"pa_geschikt-voor-fuer-10-000-liter","10":"yith_product_brand-vincia-de","11":"entry","12":"has-media","14":"first","15":"instock","16":"taxable","17":"shipping-taxable","18":"purchasable","19":"product-type-simple","20":"col","21":"span_1_of_4","22":"wvn-content-left","23":"wvn-thumbs-layout-vertical","24":"wvn-btn-normal","25":"wvn-tabs-layout-vertical","26":"has-no-thumbnails"},"acf":[],"_links":{"self":[{"href":"https:\/\/wateryou.eu\/de\/wp-json\/wp\/v2\/product\/22759","targetHints":{"allow":["GET"]}}],"collection":[{"href":"https:\/\/wateryou.eu\/de\/wp-json\/wp\/v2\/product"}],"about":[{"href":"https:\/\/wateryou.eu\/de\/wp-json\/wp\/v2\/types\/product"}],"replies":[{"embeddable":true,"href":"https:\/\/wateryou.eu\/de\/wp-json\/wp\/v2\/comments?post=22759"}],"wp:featuredmedia":[{"embeddable":true,"href":"https:\/\/wateryou.eu\/de\/wp-json\/wp\/v2\/media\/21666"}],"wp:attachment":[{"href":"https:\/\/wateryou.eu\/de\/wp-json\/wp\/v2\/media?parent=22759"}],"wp:term":[{"taxonomy":"product_brand","embeddable":true,"href":"https:\/\/wateryou.eu\/de\/wp-json\/wp\/v2\/product_brand?post=22759"},{"taxonomy":"product_cat","embeddable":true,"href":"https:\/\/wateryou.eu\/de\/wp-json\/wp\/v2\/product_cat?post=22759"},{"taxonomy":"product_tag","embeddable":true,"href":"https:\/\/wateryou.eu\/de\/wp-json\/wp\/v2\/product_tag?post=22759"}],"curies":[{"name":"wp","href":"https:\/\/api.w.org\/{rel}","templated":true}]}}