{"id":22758,"date":"2023-04-20T13:54:17","date_gmt":"2023-04-20T11:54:17","guid":{"rendered":"https:\/\/wateryou.eu\/product\/aqua-test-set-ph-gh-kh-2\/"},"modified":"2025-06-23T11:13:09","modified_gmt":"2025-06-23T09:13:09","slug":"aqua-test-set-ph-gh-kh-2","status":"publish","type":"product","link":"https:\/\/wateryou.eu\/de\/produkt\/aqua-test-set-ph-gh-kh-2\/","title":{"rendered":"Aqua Test Set pH-GH-KH"},"content":{"rendered":"<p>Mit den Aqua Tests von Velda k\u00f6nnen Sie die Qualit\u00e4t Ihres Teich- und Aquarienwassers schnell und genau bestimmen. Die Teichtest App f\u00fcr Smartphone oder Tablet unterst\u00fctzt Sie bei der Eingabe der Werte und liefert Ihnen eine \u00fcbersichtliche und auf Ihre Situation abgestimmte Teichdiagnose. Au\u00dferdem erhalten Sie von Velda Verbesserungstipps, mit denen Sie die Wasserqualit\u00e4t verbessern k\u00f6nnen.  <\/p>\n<p>Zu den Tests geh\u00f6ren ein pH-Test, ein GH-Test und ein KH-Test, mit denen Sie den S\u00e4uregehalt, die Gesamth\u00e4rte und die Karbonath\u00e4rte messen k\u00f6nnen. Der pH-Test misst den S\u00e4uregehalt mithilfe einer Farbskala und eines Komparators. Der GH-Test misst die Gesamth\u00e4rte mit einer Genauigkeit von 1 DH und der KH-Test misst die Karbonath\u00e4rte mit einer Genauigkeit von 1 DH.  <\/p>\n<p>Um das Pflanzenwachstum und das Wohlbefinden der Fische zu f\u00f6rdern, ist es wichtig, die Werte zu \u00fcberwachen. Ein pH-Wert \u00fcber 8,5, ein GH-Wert unter 8 DH und ein KH-Wert unter 6 DH stagnieren das Pflanzenwachstum und k\u00f6nnen f\u00fcr Fische sch\u00e4dlich sein. Anhand der Testergebnisse k\u00f6nnen Sie die Entwicklung der Teichumgebung verfolgen.  <\/p>\n","protected":false},"excerpt":{"rendered":"<p>Messen Sie einfach und genau den pH-Wert, GH und KH Ihres Teichwassers!<\/p>\n","protected":false},"featured_media":22034,"comment_status":"closed","ping_status":"closed","template":"","meta":{"_acf_changed":false,"_seopress_robots_primary_cat":"none","_seopress_titles_title":"Aqua test set - Messen Sie genau den pH-Wert, GH und KH Ihres Teichwassers!","_seopress_titles_desc":"Teichwasser messen? Verwenden Sie das Velda-Wassertestset. Misst alle wichtigen Werte, pH, GH und KH. So wissen Sie schnell, welche Ressourcen Sie f\u00fcr einen gesunden Teich ben\u00f6tigen.   ","_seopress_robots_index":""},"product_brand":[],"product_cat":[1243,1197],"product_tag":[],"class_list":{"0":"post-22758","1":"product","2":"type-product","3":"status-publish","4":"has-post-thumbnail","6":"product_cat-gh-plus-de","7":"product_cat-watertesten-de","8":"product_shipping_class-nl-standard-de","9":"yith_product_brand-velda-de","10":"entry","11":"has-media","13":"first","14":"instock","15":"taxable","16":"shipping-taxable","17":"purchasable","18":"product-type-simple","19":"col","20":"span_1_of_4","21":"wvn-content-left","22":"wvn-thumbs-layout-vertical","23":"wvn-btn-normal","24":"wvn-tabs-layout-vertical","25":"has-no-thumbnails"},"acf":[],"_links":{"self":[{"href":"https:\/\/wateryou.eu\/de\/wp-json\/wp\/v2\/product\/22758","targetHints":{"allow":["GET"]}}],"collection":[{"href":"https:\/\/wateryou.eu\/de\/wp-json\/wp\/v2\/product"}],"about":[{"href":"https:\/\/wateryou.eu\/de\/wp-json\/wp\/v2\/types\/product"}],"replies":[{"embeddable":true,"href":"https:\/\/wateryou.eu\/de\/wp-json\/wp\/v2\/comments?post=22758"}],"wp:featuredmedia":[{"embeddable":true,"href":"https:\/\/wateryou.eu\/de\/wp-json\/wp\/v2\/media\/22034"}],"wp:attachment":[{"href":"https:\/\/wateryou.eu\/de\/wp-json\/wp\/v2\/media?parent=22758"}],"wp:term":[{"taxonomy":"product_brand","embeddable":true,"href":"https:\/\/wateryou.eu\/de\/wp-json\/wp\/v2\/product_brand?post=22758"},{"taxonomy":"product_cat","embeddable":true,"href":"https:\/\/wateryou.eu\/de\/wp-json\/wp\/v2\/product_cat?post=22758"},{"taxonomy":"product_tag","embeddable":true,"href":"https:\/\/wateryou.eu\/de\/wp-json\/wp\/v2\/product_tag?post=22758"}],"curies":[{"name":"wp","href":"https:\/\/api.w.org\/{rel}","templated":true}]}}