{"id":22748,"date":"2023-04-20T13:54:17","date_gmt":"2023-04-20T11:54:17","guid":{"rendered":"https:\/\/wateryou.eu\/product\/replacement-grips-ersatzklingenzange\/"},"modified":"2025-07-28T17:14:37","modified_gmt":"2025-07-28T15:14:37","slug":"replacement-grips-ersatzklingenzange","status":"publish","type":"product","link":"https:\/\/wateryou.eu\/de\/produkt\/replacement-grips-ersatzklingenzange\/","title":{"rendered":"Replacement Grips &#8211; Ersatzklingenzange"},"content":{"rendered":"<p>Das Velda Duo Pond Tool ist ein multifunktionales Werkzeug, das speziell f\u00fcr die Pflege Ihres Teichs entwickelt wurde. Dieses vielseitige Werkzeug ist Schere und Zange in einem und wird durch eine mitgelieferte Ersatzklinge komplettiert. Dieses Greifer-Ersatzset l\u00e4sst sich einfach auf das Duo Pond Tool montieren, sodass Sie Bl\u00e4tter und Schmutz wieder problemlos aus dem Teich entfernen k\u00f6nnen.  <\/p>\n","protected":false},"excerpt":{"rendered":"<p>austauschbare Greifer<\/p>\n","protected":false},"featured_media":21878,"comment_status":"closed","ping_status":"closed","template":"","meta":{"_acf_changed":false,"_seopress_robots_primary_cat":"none","_seopress_titles_title":"","_seopress_titles_desc":"","_seopress_robots_index":""},"product_brand":[],"product_cat":[1120,1148],"product_tag":[],"class_list":{"0":"post-22748","1":"product","2":"type-product","3":"status-publish","4":"has-post-thumbnail","6":"product_cat-nicht-kategorisiert","7":"product_cat-wartung","8":"product_shipping_class-nl-standard-de","9":"pa_formaat-2-stuks-de","10":"pa_geschikt-voor-fuer-duo-pond-tool","11":"yith_product_brand-velda-de","12":"entry","13":"has-media","15":"first","16":"instock","17":"taxable","18":"shipping-taxable","19":"purchasable","20":"product-type-simple","21":"col","22":"span_1_of_4","23":"wvn-content-left","24":"wvn-thumbs-layout-vertical","25":"wvn-btn-normal","26":"wvn-tabs-layout-vertical"},"acf":[],"_links":{"self":[{"href":"https:\/\/wateryou.eu\/de\/wp-json\/wp\/v2\/product\/22748","targetHints":{"allow":["GET"]}}],"collection":[{"href":"https:\/\/wateryou.eu\/de\/wp-json\/wp\/v2\/product"}],"about":[{"href":"https:\/\/wateryou.eu\/de\/wp-json\/wp\/v2\/types\/product"}],"replies":[{"embeddable":true,"href":"https:\/\/wateryou.eu\/de\/wp-json\/wp\/v2\/comments?post=22748"}],"wp:featuredmedia":[{"embeddable":true,"href":"https:\/\/wateryou.eu\/de\/wp-json\/wp\/v2\/media\/21878"}],"wp:attachment":[{"href":"https:\/\/wateryou.eu\/de\/wp-json\/wp\/v2\/media?parent=22748"}],"wp:term":[{"taxonomy":"product_brand","embeddable":true,"href":"https:\/\/wateryou.eu\/de\/wp-json\/wp\/v2\/product_brand?post=22748"},{"taxonomy":"product_cat","embeddable":true,"href":"https:\/\/wateryou.eu\/de\/wp-json\/wp\/v2\/product_cat?post=22748"},{"taxonomy":"product_tag","embeddable":true,"href":"https:\/\/wateryou.eu\/de\/wp-json\/wp\/v2\/product_tag?post=22748"}],"curies":[{"name":"wp","href":"https:\/\/api.w.org\/{rel}","templated":true}]}}