{"id":22747,"date":"2023-04-20T13:54:26","date_gmt":"2023-04-20T11:54:26","guid":{"rendered":"https:\/\/wateryou.eu\/product\/duo-gh-kh-plus-2\/"},"modified":"2023-04-20T13:54:26","modified_gmt":"2023-04-20T11:54:26","slug":"duo-gh-kh-plus-2","status":"publish","type":"product","link":"https:\/\/wateryou.eu\/de\/produkt\/duo-gh-kh-plus-2\/","title":{"rendered":"Duo GH\/KH Plus"},"content":{"rendered":"<p>Duo GH\/KH Plus ist die perfekte L\u00f6sung, um Teichwasser mit Mineralien anzureichern und die GH- und KH-Werte zu erh\u00f6hen. Diese zus\u00e4tzlichen Mineralien erm\u00f6glichen eine gute Entwicklung von Mikroorganismen und Sauerstoffpflanzen wie Wasserpflanzen, Hornkraut und Laichkraut. Die 1000 ml Packung reicht f\u00fcr 10.000 Liter Teichwasser.  <\/p>\n<p>Der GH-Wert, ausgedr\u00fcckt in Grad deutscher H\u00e4rte, besteht aus Calcium- und Magnesiumsulfaten. Idealerweise sollten die GH-Werte zwischen 8 und 10 liegen. und 12?DH. Der KH-Wert, auch S\u00e4urebindungskapazit\u00e4t genannt, wird in deutschen H\u00e4rtegraden angegeben und entsteht durch die Bindung von freiem Kohlendioxid (CO2) an Calcium und Magnesium. Idealerweise sollten die KH-Werte zwischen 6? und 8?DH.<\/p>\n<p>Mit Duo GH\/KH Plus erhalten Sie ein stabiles Teichmilieu und gutes Pflanzenwachstum. Kontrollieren Sie regelm\u00e4\u00dfig die Wasserwerte, um diese auf den gew\u00fcnschten Wert zu bringen und zu halten. <\/p>\n","protected":false},"excerpt":{"rendered":"<p>erh\u00f6ht die GH- und KH-Werte<\/p>\n","protected":false},"featured_media":21648,"comment_status":"closed","ping_status":"closed","template":"","meta":{"_acf_changed":false,"_seopress_robots_primary_cat":"none","_seopress_titles_title":"","_seopress_titles_desc":"","_seopress_robots_index":""},"product_brand":[],"product_cat":[1242,1243,1241],"product_tag":[],"class_list":{"0":"post-22747","1":"product","2":"type-product","3":"status-publish","4":"has-post-thumbnail","6":"product_cat-bakterienkulturen","7":"product_cat-gh-plus-de","8":"product_cat-wasserverbesserung","9":"product_shipping_class-nl-standard-de","10":"pa_formaat-1000-ml-de","11":"pa_geschikt-voor-fur-10-000-liter-wasser","12":"yith_product_brand-velda-de","13":"entry","14":"has-media","16":"first","17":"instock","18":"taxable","19":"shipping-taxable","20":"purchasable","21":"product-type-simple","22":"col","23":"span_1_of_4","24":"wvn-content-left","25":"wvn-thumbs-layout-vertical","26":"wvn-btn-normal","27":"wvn-tabs-layout-vertical","28":"has-no-thumbnails"},"acf":[],"_links":{"self":[{"href":"https:\/\/wateryou.eu\/de\/wp-json\/wp\/v2\/product\/22747","targetHints":{"allow":["GET"]}}],"collection":[{"href":"https:\/\/wateryou.eu\/de\/wp-json\/wp\/v2\/product"}],"about":[{"href":"https:\/\/wateryou.eu\/de\/wp-json\/wp\/v2\/types\/product"}],"replies":[{"embeddable":true,"href":"https:\/\/wateryou.eu\/de\/wp-json\/wp\/v2\/comments?post=22747"}],"wp:featuredmedia":[{"embeddable":true,"href":"https:\/\/wateryou.eu\/de\/wp-json\/wp\/v2\/media\/21648"}],"wp:attachment":[{"href":"https:\/\/wateryou.eu\/de\/wp-json\/wp\/v2\/media?parent=22747"}],"wp:term":[{"taxonomy":"product_brand","embeddable":true,"href":"https:\/\/wateryou.eu\/de\/wp-json\/wp\/v2\/product_brand?post=22747"},{"taxonomy":"product_cat","embeddable":true,"href":"https:\/\/wateryou.eu\/de\/wp-json\/wp\/v2\/product_cat?post=22747"},{"taxonomy":"product_tag","embeddable":true,"href":"https:\/\/wateryou.eu\/de\/wp-json\/wp\/v2\/product_tag?post=22747"}],"curies":[{"name":"wp","href":"https:\/\/api.w.org\/{rel}","templated":true}]}}