{"id":22744,"date":"2023-04-20T13:54:26","date_gmt":"2023-04-20T11:54:26","guid":{"rendered":"https:\/\/wateryou.eu\/product\/phos-stop-2\/"},"modified":"2023-04-20T13:54:26","modified_gmt":"2023-04-20T11:54:26","slug":"phos-stop-2","status":"publish","type":"product","link":"https:\/\/wateryou.eu\/de\/produkt\/phos-stop-2\/","title":{"rendered":"Phos Stop"},"content":{"rendered":"<p>Phos Stop ist eine leistungsstarke Teichl\u00f6sung, die Phosphate im Teichwasser und am Boden bindet. So beugen Sie Teichproblemen auf nat\u00fcrliche Weise vor. Die Zusammensetzung von Phos Stop enth\u00e4lt Lanthan, einen Wirkstoff, der zur Regulierung der Phosphatkonzentration im Wasser beitr\u00e4gt. Um Probleme zu vermeiden, beginnen Sie fr\u00fch im Jahr mit der Anwendung und wiederholen Sie die Dosis monatlich. Um das Teichwasser optimal zu halten, ist es au\u00dferdem wichtig, die Wasserqualit\u00e4t zu \u00fcberpr\u00fcfen und die H\u00e4rte mit GH Plus auf den Standard zu bringen. Der ideale GH-Wert liegt zwischen 8 und 12? DH. Bei hohen Temperaturen und vielen Fischen kann es zu Sauerstoffmangel kommen. Dann kann eine Bel\u00fcftung oder ein Wasserwechsel notwendig sein. Phos Stop ist eine wirksame und sichere M\u00f6glichkeit, Ihren Teich in optimalem Zustand zu halten.         <\/p>\n","protected":false},"excerpt":{"rendered":"<p>bindet Phosphate im Wasser und beugt Teichproblemen vor<\/p>\n","protected":false},"featured_media":22291,"comment_status":"closed","ping_status":"closed","template":"","meta":{"_acf_changed":false,"_seopress_robots_primary_cat":"none","_seopress_titles_title":"Phos Stop - Wateryou","_seopress_titles_desc":"Phos Stop ist eine leistungsstarke Teichl\u00f6sung, die Phosphate im Teichwasser und am Boden bindet. So beugen Sie Teichproblemen auf nat\u00fcrliche Weise vor. ","_seopress_robots_index":""},"product_brand":[],"product_cat":[1244],"product_tag":[],"class_list":{"0":"post-22744","1":"product","2":"type-product","3":"status-publish","4":"has-post-thumbnail","6":"product_cat-faden-und-schleimalgen","7":"product_shipping_class-nl-standard-de","8":"pa_formaat-1000-g-de","9":"pa_formaat-500-g-de","10":"pa_geschikt-voor-fur-10-000-liter-wasser","11":"yith_product_brand-velda-de","12":"entry","13":"has-media","15":"first","16":"instock","17":"taxable","18":"shipping-taxable","19":"purchasable","20":"product-type-variable","21":"has-default-attributes","22":"col","23":"span_1_of_4","24":"wvn-content-left","25":"wvn-thumbs-layout-vertical","26":"wvn-btn-normal","27":"wvn-tabs-layout-vertical"},"acf":[],"_links":{"self":[{"href":"https:\/\/wateryou.eu\/de\/wp-json\/wp\/v2\/product\/22744","targetHints":{"allow":["GET"]}}],"collection":[{"href":"https:\/\/wateryou.eu\/de\/wp-json\/wp\/v2\/product"}],"about":[{"href":"https:\/\/wateryou.eu\/de\/wp-json\/wp\/v2\/types\/product"}],"replies":[{"embeddable":true,"href":"https:\/\/wateryou.eu\/de\/wp-json\/wp\/v2\/comments?post=22744"}],"wp:featuredmedia":[{"embeddable":true,"href":"https:\/\/wateryou.eu\/de\/wp-json\/wp\/v2\/media\/22291"}],"wp:attachment":[{"href":"https:\/\/wateryou.eu\/de\/wp-json\/wp\/v2\/media?parent=22744"}],"wp:term":[{"taxonomy":"product_brand","embeddable":true,"href":"https:\/\/wateryou.eu\/de\/wp-json\/wp\/v2\/product_brand?post=22744"},{"taxonomy":"product_cat","embeddable":true,"href":"https:\/\/wateryou.eu\/de\/wp-json\/wp\/v2\/product_cat?post=22744"},{"taxonomy":"product_tag","embeddable":true,"href":"https:\/\/wateryou.eu\/de\/wp-json\/wp\/v2\/product_tag?post=22744"}],"curies":[{"name":"wp","href":"https:\/\/api.w.org\/{rel}","templated":true}]}}