{"id":22741,"date":"2023-04-20T13:54:26","date_gmt":"2023-04-20T11:54:26","guid":{"rendered":"https:\/\/wateryou.eu\/product\/ferro-plus-2\/"},"modified":"2023-04-20T13:54:26","modified_gmt":"2023-04-20T11:54:26","slug":"ferro-plus-2","status":"publish","type":"product","link":"https:\/\/wateryou.eu\/de\/produkt\/ferro-plus-2\/","title":{"rendered":"Ferro Plus"},"content":{"rendered":"<p>Velda Ferro Plus ist eine leistungsstarke Erg\u00e4nzung f\u00fcr Ihr Teichwasser. Diese Formel enth\u00e4lt zweiwertiges Eisen (Fe2) und soll die Teichumgebung stabil halten. Jede Packung enth\u00e4lt 1000 ml und reicht f\u00fcr die Behandlung von 6000 Litern Teichwasser f\u00fcr 6 Wochen. Diese Formel enth\u00e4lt keine sch\u00e4dlichen Chemikalien und ist sicher f\u00fcr Pflanzen, Fische und andere Wassertiere. Ferro Plus ist eine ausgezeichnete Wahl f\u00fcr die Erhaltung einer gesunden Teichumgebung.<\/p>\n","protected":false},"excerpt":{"rendered":"<p>Eisenpr\u00e4parat f\u00fcr ein stabiles Teichmilieu<\/p>\n","protected":false},"featured_media":21615,"comment_status":"closed","ping_status":"open","template":"","meta":{"_acf_changed":false,"_seopress_robots_primary_cat":"","_seopress_titles_title":"","_seopress_titles_desc":"","_seopress_robots_index":""},"product_brand":[],"product_cat":[1241],"product_tag":[],"class_list":{"0":"post-22741","1":"product","2":"type-product","3":"status-publish","4":"has-post-thumbnail","6":"product_cat-wasserverbesserung","7":"product_shipping_class-nl-standard-de","8":"pa_formaat-1000-ml-de","9":"pa_geschikt-voor-voor-6000-liter-de","10":"yith_product_brand-velda-de","11":"entry","12":"has-media","14":"first","15":"instock","16":"taxable","17":"shipping-taxable","18":"purchasable","19":"product-type-simple","20":"col","21":"span_1_of_4","22":"wvn-content-left","23":"wvn-thumbs-layout-vertical","24":"wvn-btn-normal","25":"wvn-tabs-layout-vertical","26":"has-no-thumbnails"},"acf":[],"_links":{"self":[{"href":"https:\/\/wateryou.eu\/de\/wp-json\/wp\/v2\/product\/22741","targetHints":{"allow":["GET"]}}],"collection":[{"href":"https:\/\/wateryou.eu\/de\/wp-json\/wp\/v2\/product"}],"about":[{"href":"https:\/\/wateryou.eu\/de\/wp-json\/wp\/v2\/types\/product"}],"replies":[{"embeddable":true,"href":"https:\/\/wateryou.eu\/de\/wp-json\/wp\/v2\/comments?post=22741"}],"wp:featuredmedia":[{"embeddable":true,"href":"https:\/\/wateryou.eu\/de\/wp-json\/wp\/v2\/media\/21615"}],"wp:attachment":[{"href":"https:\/\/wateryou.eu\/de\/wp-json\/wp\/v2\/media?parent=22741"}],"wp:term":[{"taxonomy":"product_brand","embeddable":true,"href":"https:\/\/wateryou.eu\/de\/wp-json\/wp\/v2\/product_brand?post=22741"},{"taxonomy":"product_cat","embeddable":true,"href":"https:\/\/wateryou.eu\/de\/wp-json\/wp\/v2\/product_cat?post=22741"},{"taxonomy":"product_tag","embeddable":true,"href":"https:\/\/wateryou.eu\/de\/wp-json\/wp\/v2\/product_tag?post=22741"}],"curies":[{"name":"wp","href":"https:\/\/api.w.org\/{rel}","templated":true}]}}