{"id":22736,"date":"2023-04-20T13:54:29","date_gmt":"2023-04-20T11:54:29","guid":{"rendered":"https:\/\/wateryou.eu\/product\/air-stone-round-ausstromerstein\/"},"modified":"2025-12-24T13:21:29","modified_gmt":"2025-12-24T12:21:29","slug":"air-stone-round-ausstromerstein","status":"publish","type":"product","link":"https:\/\/wateryou.eu\/de\/produkt\/air-stone-round-ausstromerstein\/","title":{"rendered":"Air Stone round &#8211; Ausstr\u00f6merstein"},"content":{"rendered":"<p>Unsere Luftsteine \u200b\u200bsind eine ideale M\u00f6glichkeit, Ihr Teichwasser zu reinigen und zu erfrischen. Es gibt sie in verschiedenen Formen und Gr\u00f6\u00dfen, mit 6- oder 8-mm-Schlauchanschl\u00fcssen. Die Ausstr\u00f6mersteine \u200b\u200bwerden neben dem Teich an die Luftpumpe angeschlossen und sorgen f\u00fcr eine optimale Verteilung der Luftblasen im Teichwasser.  <\/p>\n<p>Hier sind die Vorteile unserer Luftsteine:<\/p>\n<p>&#8211; Hergestellt aus langlebigem und hochwertigem Material<br \/>\n&#8211; In verschiedenen Formen und Gr\u00f6\u00dfen erh\u00e4ltlich<br \/>\n&#8211; 6 oder 8 mm Schlauchanschl\u00fcsse<br \/>\n&#8211; Sorgt f\u00fcr eine optimale Verteilung der Luftblasen im Teichwasser<br \/>\n&#8211; Hilft, das Teichwasser zu reinigen und zu erfrischen<br \/>\n&#8211; Einfache Installation und Wartung<\/p>\n","protected":false},"excerpt":{"rendered":"<p>gro\u00dfer runder Ausstr\u00f6merstein f\u00fcr die perfekte Teichbel\u00fcftung<\/p>\n","protected":false},"featured_media":23851,"comment_status":"closed","ping_status":"closed","template":"","meta":{"_acf_changed":false,"_seopress_robots_primary_cat":"none","_seopress_titles_title":"","_seopress_titles_desc":"","_seopress_robots_index":""},"product_brand":[],"product_cat":[1231],"product_tag":[1263],"class_list":{"0":"post-22736","1":"product","2":"type-product","3":"status-publish","4":"has-post-thumbnail","6":"product_cat-beluftung","7":"product_tag-6-8-mm-de","8":"product_shipping_class-nl-standard-de","9":"pa_diameter-6-8-mm-de","10":"pa_formaat-o-100-x-18-mm-de","11":"pa_formaat-o-120-x-15-mm-de","12":"pa_formaat-o-150-x-18-mm-de","13":"pa_formaat-o-80-x-15-mm-de","14":"pa_geschikt-voor-6-8-mm-de","15":"yith_product_brand-vt-de-2","16":"entry","17":"has-media","19":"first","20":"instock","21":"taxable","22":"shipping-taxable","23":"purchasable","24":"product-type-variable","25":"has-default-attributes","26":"col","27":"span_1_of_4","28":"wvn-content-left","29":"wvn-thumbs-layout-vertical","30":"wvn-btn-normal","31":"wvn-tabs-layout-vertical","32":"has-no-thumbnails"},"acf":[],"_links":{"self":[{"href":"https:\/\/wateryou.eu\/de\/wp-json\/wp\/v2\/product\/22736","targetHints":{"allow":["GET"]}}],"collection":[{"href":"https:\/\/wateryou.eu\/de\/wp-json\/wp\/v2\/product"}],"about":[{"href":"https:\/\/wateryou.eu\/de\/wp-json\/wp\/v2\/types\/product"}],"replies":[{"embeddable":true,"href":"https:\/\/wateryou.eu\/de\/wp-json\/wp\/v2\/comments?post=22736"}],"wp:featuredmedia":[{"embeddable":true,"href":"https:\/\/wateryou.eu\/de\/wp-json\/wp\/v2\/media\/23851"}],"wp:attachment":[{"href":"https:\/\/wateryou.eu\/de\/wp-json\/wp\/v2\/media?parent=22736"}],"wp:term":[{"taxonomy":"product_brand","embeddable":true,"href":"https:\/\/wateryou.eu\/de\/wp-json\/wp\/v2\/product_brand?post=22736"},{"taxonomy":"product_cat","embeddable":true,"href":"https:\/\/wateryou.eu\/de\/wp-json\/wp\/v2\/product_cat?post=22736"},{"taxonomy":"product_tag","embeddable":true,"href":"https:\/\/wateryou.eu\/de\/wp-json\/wp\/v2\/product_tag?post=22736"}],"curies":[{"name":"wp","href":"https:\/\/api.w.org\/{rel}","templated":true}]}}