{"id":22735,"date":"2023-04-20T13:54:29","date_gmt":"2023-04-20T11:54:29","guid":{"rendered":"https:\/\/wateryou.eu\/product\/strobinol-2\/"},"modified":"2025-08-12T18:32:18","modified_gmt":"2025-08-12T16:32:18","slug":"strobinol-2","status":"publish","type":"product","link":"https:\/\/wateryou.eu\/de\/produkt\/strobinol-2\/","title":{"rendered":"Strobinol"},"content":{"rendered":"<p>Strobinol ist ein 100 % nat\u00fcrliches Produkt auf Basis von Gerstenstroh mit vorbeugender Wirkung. Es hilft, das Teichwasser klar zu halten und verhindert, dass es tr\u00fcb wird. Es enth\u00e4lt nur nat\u00fcrliche organische Inhaltsstoffe und ist biologisch abbaubar. Dieses Paket enth\u00e4lt 100 % Gerstenstroh und ist ausreichend f\u00fcr Teiche mit einem Fassungsverm\u00f6gen von bis zu 6000 Litern.   <\/p>\n<p>Strobinol besteht aus:<br \/>\n&#8211; 100% Gerstenstroh<br \/>\n&#8211; Pantoffeltiere und anderes Plankton<br \/>\n&#8211; N\u00fctzliche Substanzen f\u00fcr den Teich<br \/>\n&#8211; Zu benutzerfreundlichen Pellets gepresst<\/p>\n<p>Strobinol bietet folgende Vorteile:<br \/>\n&#8211; Vorbeugende Wirkung gegen tr\u00fcbes Wasser<br \/>\n&#8211; Naturprodukt mit ausschlie\u00dflich Bio-Zutaten<br \/>\n&#8211; Biologisch abbaubar<br \/>\n&#8211; Ausreichend f\u00fcr Teiche mit einem Fassungsverm\u00f6gen von bis zu 6000 Litern<\/p>\n","protected":false},"excerpt":{"rendered":"<p>Naturprodukt f\u00fcr Teiche, Gerstenstroh in Granulatform<\/p>\n","protected":false},"featured_media":21665,"comment_status":"closed","ping_status":"closed","template":"","meta":{"_acf_changed":false,"_seopress_robots_primary_cat":"none","_seopress_titles_title":"","_seopress_titles_desc":"","_seopress_robots_index":""},"product_brand":[],"product_cat":[1244],"product_tag":[],"class_list":{"0":"post-22735","1":"product","2":"type-product","3":"status-publish","4":"has-post-thumbnail","6":"product_cat-faden-und-schleimalgen","7":"product_shipping_class-nl-standard-de","8":"pa_formaat-1500-g-de","9":"pa_geschikt-voor-fuer-6000-liter-wasser","10":"yith_product_brand-vincia-de","11":"entry","12":"has-media","14":"first","15":"instock","16":"taxable","17":"shipping-taxable","18":"purchasable","19":"product-type-simple","20":"col","21":"span_1_of_4","22":"wvn-content-left","23":"wvn-thumbs-layout-vertical","24":"wvn-btn-normal","25":"wvn-tabs-layout-vertical"},"acf":[],"_links":{"self":[{"href":"https:\/\/wateryou.eu\/de\/wp-json\/wp\/v2\/product\/22735","targetHints":{"allow":["GET"]}}],"collection":[{"href":"https:\/\/wateryou.eu\/de\/wp-json\/wp\/v2\/product"}],"about":[{"href":"https:\/\/wateryou.eu\/de\/wp-json\/wp\/v2\/types\/product"}],"replies":[{"embeddable":true,"href":"https:\/\/wateryou.eu\/de\/wp-json\/wp\/v2\/comments?post=22735"}],"wp:featuredmedia":[{"embeddable":true,"href":"https:\/\/wateryou.eu\/de\/wp-json\/wp\/v2\/media\/21665"}],"wp:attachment":[{"href":"https:\/\/wateryou.eu\/de\/wp-json\/wp\/v2\/media?parent=22735"}],"wp:term":[{"taxonomy":"product_brand","embeddable":true,"href":"https:\/\/wateryou.eu\/de\/wp-json\/wp\/v2\/product_brand?post=22735"},{"taxonomy":"product_cat","embeddable":true,"href":"https:\/\/wateryou.eu\/de\/wp-json\/wp\/v2\/product_cat?post=22735"},{"taxonomy":"product_tag","embeddable":true,"href":"https:\/\/wateryou.eu\/de\/wp-json\/wp\/v2\/product_tag?post=22735"}],"curies":[{"name":"wp","href":"https:\/\/api.w.org\/{rel}","templated":true}]}}