{"id":22733,"date":"2023-04-20T13:54:38","date_gmt":"2023-04-20T11:54:38","guid":{"rendered":"https:\/\/wateryou.eu\/product\/overgrowing-mat-2\/"},"modified":"2023-04-20T13:54:38","modified_gmt":"2023-04-20T11:54:38","slug":"overgrowing-mat-2","status":"publish","type":"product","link":"https:\/\/wateryou.eu\/de\/produkt\/overgrowing-mat-2\/","title":{"rendered":"Overgrowing Mat"},"content":{"rendered":"<p>Mit der \u00dcberwuchsmatte k\u00f6nnen Sie einen sch\u00f6nen \u00dcbergang zwischen Ufer und Teich gestalten. Diese flexible Pflanzmatte besteht aus vielen \u201eTaschen\u201c, in denen Sumpfpflanzen gepflanzt werden k\u00f6nnen. Dadurch entsteht ein nat\u00fcrlich bewachsener \u00dcbergang zwischen Wasseroberfl\u00e4che und Uferkante. Mit 5 Befestigungsstiften. Diese Vegetationsmatte ist ideal f\u00fcr kleine G\u00e4rten, Balkone und Fassaden und erm\u00f6glicht die Gestaltung eines lebenden Zauns oder einer gr\u00fcnen Fassade.<\/p>\n<p>Die \u00dcberwucherungsmatte besteht aus Kunststoff, ist leicht und einfach zu bewegen. Dar\u00fcber hinaus ist die Matte speziell f\u00fcr vertikales G\u00e4rtnern konzipiert. In den einzelnen \u201eTaschen\u201c k\u00f6nnen verschiedene Arten von Sumpfpflanzen gepflanzt werden, wodurch ein Pflanzenwasserfall entsteht. Die \u00dcberwucherungsmatte ist ein nachhaltiges Produkt und enth\u00e4lt keine sch\u00e4dlichen Zusatzstoffe.   <\/p>\n","protected":false},"excerpt":{"rendered":"<p>Vegetationsmatte f\u00fcr sch\u00f6n bewachsene Teichr\u00e4nder<\/p>\n","protected":false},"featured_media":21546,"comment_status":"closed","ping_status":"closed","template":"","meta":{"_acf_changed":false,"_seopress_robots_primary_cat":"none","_seopress_titles_title":"","_seopress_titles_desc":"","_seopress_robots_index":""},"product_brand":[],"product_cat":[1227],"product_tag":[],"class_list":{"0":"post-22733","1":"product","2":"type-product","3":"status-publish","4":"has-post-thumbnail","6":"product_cat-pflanzenkorbe","7":"product_shipping_class-nl-standard-de","8":"pa_formaat-110-x-105-cm-de","9":"yith_product_brand-velda-de","10":"entry","11":"has-media","13":"first","14":"instock","15":"taxable","16":"shipping-taxable","17":"purchasable","18":"product-type-simple","19":"col","20":"span_1_of_4","21":"wvn-content-left","22":"wvn-thumbs-layout-vertical","23":"wvn-btn-normal","24":"wvn-tabs-layout-vertical"},"acf":[],"_links":{"self":[{"href":"https:\/\/wateryou.eu\/de\/wp-json\/wp\/v2\/product\/22733","targetHints":{"allow":["GET"]}}],"collection":[{"href":"https:\/\/wateryou.eu\/de\/wp-json\/wp\/v2\/product"}],"about":[{"href":"https:\/\/wateryou.eu\/de\/wp-json\/wp\/v2\/types\/product"}],"replies":[{"embeddable":true,"href":"https:\/\/wateryou.eu\/de\/wp-json\/wp\/v2\/comments?post=22733"}],"wp:featuredmedia":[{"embeddable":true,"href":"https:\/\/wateryou.eu\/de\/wp-json\/wp\/v2\/media\/21546"}],"wp:attachment":[{"href":"https:\/\/wateryou.eu\/de\/wp-json\/wp\/v2\/media?parent=22733"}],"wp:term":[{"taxonomy":"product_brand","embeddable":true,"href":"https:\/\/wateryou.eu\/de\/wp-json\/wp\/v2\/product_brand?post=22733"},{"taxonomy":"product_cat","embeddable":true,"href":"https:\/\/wateryou.eu\/de\/wp-json\/wp\/v2\/product_cat?post=22733"},{"taxonomy":"product_tag","embeddable":true,"href":"https:\/\/wateryou.eu\/de\/wp-json\/wp\/v2\/product_tag?post=22733"}],"curies":[{"name":"wp","href":"https:\/\/api.w.org\/{rel}","templated":true}]}}