{"id":22732,"date":"2023-04-20T13:54:38","date_gmt":"2023-04-20T11:54:38","guid":{"rendered":"https:\/\/wateryou.eu\/product\/pond-net-rond-teichnetz\/"},"modified":"2025-11-13T10:00:06","modified_gmt":"2025-11-13T09:00:06","slug":"pond-net-rond-teichnetz","status":"publish","type":"product","link":"https:\/\/wateryou.eu\/de\/produkt\/pond-net-rond-teichnetz\/","title":{"rendered":"Pond Net rond &#8211; Teichnetz"},"content":{"rendered":"<p>Unsere multifunktionalen Fisch- und Teichkescher eignen sich perfekt zum Einfangen von Fischen, Algen, Teichpflanzen und anderen Kleinlebewesen. Sie sind in drei verschiedenen Ausf\u00fchrungen erh\u00e4ltlich: Teichnetz \u25a1 25 x 25 cm, Teichnetz \u00d8 25 cm und Teichnetz Daphnien \u00d8 25 cm. <\/p>\n<p>Unsere Teichnetze werden aus langlebigen, robusten Materialien hergestellt und eignen sich daher sowohl f\u00fcr den professionellen als auch f\u00fcr den Freizeitgebrauch. Sie verf\u00fcgen \u00fcber einen Griff aus Hartholz und ein Netz aus Nylon mit einer Maschenweite von 0,5 mm. Diese Maschenweite ist klein genug, um zu verhindern, dass kleine Organismen durch die L\u00f6cher fallen.  <\/p>\n<p>Unsere Fisch- und Teichkescher sind zudem in unterschiedlichen Gr\u00f6\u00dfen erh\u00e4ltlich, sodass Sie immer die passende Gr\u00f6\u00dfe f\u00fcr Ihren Bedarf ausw\u00e4hlen k\u00f6nnen. Sie sind leicht zu reinigen und langlebig, sodass Sie viele Jahre Freude an ihnen haben werden. Kurz gesagt: Unsere multifunktionalen Angel- und Teichkescher sind ideal f\u00fcr den Freizeit- und professionellen Einsatz.  <\/p>\n","protected":false},"excerpt":{"rendered":"<p>Multifunktionskescher mit Stiel, 120 cm<\/p>\n","protected":false},"featured_media":21883,"comment_status":"closed","ping_status":"closed","template":"","meta":{"_acf_changed":false,"_seopress_robots_primary_cat":"none","_seopress_titles_title":"","_seopress_titles_desc":"","_seopress_robots_index":""},"product_brand":[],"product_cat":[1183,1148],"product_tag":[1196,1193],"class_list":{"0":"post-22732","1":"product","2":"type-product","3":"status-publish","4":"has-post-thumbnail","6":"product_cat-setzkescher","7":"product_cat-wartung","8":"product_tag-kescher","9":"product_tag-teichnetz","10":"product_shipping_class-nl-standard-de","11":"pa_diameter-25-cm-de","12":"pa_formaat-o-25-cm-de","13":"yith_product_brand-vt-de-2","14":"entry","15":"has-media","17":"first","18":"instock","19":"taxable","20":"shipping-taxable","21":"purchasable","22":"product-type-simple","23":"col","24":"span_1_of_4","25":"wvn-content-left","26":"wvn-thumbs-layout-vertical","27":"wvn-btn-normal","28":"wvn-tabs-layout-vertical","29":"has-no-thumbnails"},"acf":[],"_links":{"self":[{"href":"https:\/\/wateryou.eu\/de\/wp-json\/wp\/v2\/product\/22732","targetHints":{"allow":["GET"]}}],"collection":[{"href":"https:\/\/wateryou.eu\/de\/wp-json\/wp\/v2\/product"}],"about":[{"href":"https:\/\/wateryou.eu\/de\/wp-json\/wp\/v2\/types\/product"}],"replies":[{"embeddable":true,"href":"https:\/\/wateryou.eu\/de\/wp-json\/wp\/v2\/comments?post=22732"}],"wp:featuredmedia":[{"embeddable":true,"href":"https:\/\/wateryou.eu\/de\/wp-json\/wp\/v2\/media\/21883"}],"wp:attachment":[{"href":"https:\/\/wateryou.eu\/de\/wp-json\/wp\/v2\/media?parent=22732"}],"wp:term":[{"taxonomy":"product_brand","embeddable":true,"href":"https:\/\/wateryou.eu\/de\/wp-json\/wp\/v2\/product_brand?post=22732"},{"taxonomy":"product_cat","embeddable":true,"href":"https:\/\/wateryou.eu\/de\/wp-json\/wp\/v2\/product_cat?post=22732"},{"taxonomy":"product_tag","embeddable":true,"href":"https:\/\/wateryou.eu\/de\/wp-json\/wp\/v2\/product_tag?post=22732"}],"curies":[{"name":"wp","href":"https:\/\/api.w.org\/{rel}","templated":true}]}}