{"id":22730,"date":"2023-04-20T13:54:56","date_gmt":"2023-04-20T11:54:56","guid":{"rendered":"https:\/\/wateryou.eu\/product\/floating-plant-oasis-2\/"},"modified":"2023-04-20T13:54:56","modified_gmt":"2023-04-20T11:54:56","slug":"floating-plant-oasis-2","status":"publish","type":"product","link":"https:\/\/wateryou.eu\/de\/produkt\/floating-plant-oasis-2\/","title":{"rendered":"Floating Plant Oasis"},"content":{"rendered":"<p>Mit dieser Piocelan-Pflanzenoase k\u00f6nnen Sie Ihrem Teich oder Garten auf sch\u00f6ne Weise einen interessanten Effekt verleihen. Mit dieser schwimmenden Pflanzenoase k\u00f6nnen Sie \u00fcberall auf der Wasseroberfl\u00e4che Pflanzen anlegen. Das Set besteht aus 6 quadratischen Pflanzk\u00f6rben P9 (29 x 41 x 4,5 cm) und 9 x 9 x 10 cm gro\u00dfen Pflanzk\u00f6rben. Sie bestehen aus hochwertigem Piocelan und sind robust und langlebig. Die Pflanzk\u00f6rbe sind speziell daf\u00fcr konzipiert, die Wurzeln der Pflanzen ausreichend mit N\u00e4hrstoffen zu versorgen. Sie verf\u00fcgen au\u00dferdem \u00fcber Luftl\u00f6cher und Abflussl\u00f6cher, damit \u00fcbersch\u00fcssiges Wasser abflie\u00dfen kann. Diese Pflanzk\u00f6rbe eignen sich perfekt zum Einpflanzen von Sumpfpflanzen, wenn der Teich zu tief ist, um die Pflanzen auf den Boden zu stellen.      <\/p>\n","protected":false},"excerpt":{"rendered":"<p>schwimmende Pflanzeninsel f\u00fcr 6 Teichpflanzen P9<\/p>\n","protected":false},"featured_media":21544,"comment_status":"closed","ping_status":"closed","template":"","meta":{"_acf_changed":false,"_seopress_robots_primary_cat":"none","_seopress_titles_title":"","_seopress_titles_desc":"","_seopress_robots_index":""},"product_brand":[],"product_cat":[1227],"product_tag":[],"class_list":{"0":"post-22730","1":"product","2":"type-product","3":"status-publish","4":"has-post-thumbnail","6":"product_cat-pflanzenkorbe","7":"product_shipping_class-nl-standard-de","8":"pa_formaat-30-x-40-cm-de","9":"yith_product_brand-velda-de","10":"entry","11":"has-media","13":"first","14":"instock","15":"taxable","16":"shipping-taxable","17":"purchasable","18":"product-type-simple","19":"col","20":"span_1_of_4","21":"wvn-content-left","22":"wvn-thumbs-layout-vertical","23":"wvn-btn-normal","24":"wvn-tabs-layout-vertical"},"acf":[],"_links":{"self":[{"href":"https:\/\/wateryou.eu\/de\/wp-json\/wp\/v2\/product\/22730","targetHints":{"allow":["GET"]}}],"collection":[{"href":"https:\/\/wateryou.eu\/de\/wp-json\/wp\/v2\/product"}],"about":[{"href":"https:\/\/wateryou.eu\/de\/wp-json\/wp\/v2\/types\/product"}],"replies":[{"embeddable":true,"href":"https:\/\/wateryou.eu\/de\/wp-json\/wp\/v2\/comments?post=22730"}],"wp:featuredmedia":[{"embeddable":true,"href":"https:\/\/wateryou.eu\/de\/wp-json\/wp\/v2\/media\/21544"}],"wp:attachment":[{"href":"https:\/\/wateryou.eu\/de\/wp-json\/wp\/v2\/media?parent=22730"}],"wp:term":[{"taxonomy":"product_brand","embeddable":true,"href":"https:\/\/wateryou.eu\/de\/wp-json\/wp\/v2\/product_brand?post=22730"},{"taxonomy":"product_cat","embeddable":true,"href":"https:\/\/wateryou.eu\/de\/wp-json\/wp\/v2\/product_cat?post=22730"},{"taxonomy":"product_tag","embeddable":true,"href":"https:\/\/wateryou.eu\/de\/wp-json\/wp\/v2\/product_tag?post=22730"}],"curies":[{"name":"wp","href":"https:\/\/api.w.org\/{rel}","templated":true}]}}