{"id":22728,"date":"2023-04-20T13:55:00","date_gmt":"2023-04-20T11:55:00","guid":{"rendered":"https:\/\/wateryou.eu\/product\/pond-gloves-teichhandschuhe\/"},"modified":"2023-04-20T13:55:00","modified_gmt":"2023-04-20T11:55:00","slug":"pond-gloves-teichhandschuhe","status":"publish","type":"product","link":"https:\/\/wateryou.eu\/de\/produkt\/pond-gloves-teichhandschuhe\/","title":{"rendered":"Pond Gloves &#8211; Teichhandschuhe"},"content":{"rendered":"<p>Diese wasserdichten Handschuhe sind die perfekte Erg\u00e4nzung f\u00fcr die Arbeit im Teich. Die Handschuhe bestehen aus strapazierf\u00e4higem, wasserabweisendem Neopren und haben robuste Handfl\u00e4chen f\u00fcr zus\u00e4tzlichen Halt. Sie verf\u00fcgen \u00fcber einen elastischen oberen Teil, der f\u00fcr eine gute Passform sorgt, und einen elastischen unteren Teil, sodass sie problemlos \u00fcber der Kleidung getragen werden k\u00f6nnen. Die Handschuhe sind atmungsaktiv, sodass Ihre H\u00e4nde warm und trocken bleiben. Mit diesen Handschuhen k\u00f6nnen Sie sicher und bequem im Teich arbeiten.    <\/p>\n","protected":false},"excerpt":{"rendered":"<p>wasserdichte Handschuhe f\u00fcr die Teicharbeit<\/p>\n","protected":false},"featured_media":23864,"comment_status":"closed","ping_status":"closed","template":"","meta":{"_acf_changed":false,"_seopress_robots_primary_cat":"none","_seopress_titles_title":"","_seopress_titles_desc":"","_seopress_robots_index":""},"product_brand":[],"product_cat":[1148],"product_tag":[],"class_list":{"0":"post-22728","1":"product","2":"type-product","3":"status-publish","4":"has-post-thumbnail","6":"product_cat-wartung","7":"product_shipping_class-nl-standard-de","8":"pa_formaat-extra-lang-de","9":"yith_product_brand-vt-de-2","10":"entry","11":"has-media","13":"first","14":"instock","15":"taxable","16":"shipping-taxable","17":"purchasable","18":"product-type-simple","19":"col","20":"span_1_of_4","21":"wvn-content-left","22":"wvn-thumbs-layout-vertical","23":"wvn-btn-normal","24":"wvn-tabs-layout-vertical","25":"has-no-thumbnails"},"acf":[],"_links":{"self":[{"href":"https:\/\/wateryou.eu\/de\/wp-json\/wp\/v2\/product\/22728","targetHints":{"allow":["GET"]}}],"collection":[{"href":"https:\/\/wateryou.eu\/de\/wp-json\/wp\/v2\/product"}],"about":[{"href":"https:\/\/wateryou.eu\/de\/wp-json\/wp\/v2\/types\/product"}],"replies":[{"embeddable":true,"href":"https:\/\/wateryou.eu\/de\/wp-json\/wp\/v2\/comments?post=22728"}],"wp:featuredmedia":[{"embeddable":true,"href":"https:\/\/wateryou.eu\/de\/wp-json\/wp\/v2\/media\/23864"}],"wp:attachment":[{"href":"https:\/\/wateryou.eu\/de\/wp-json\/wp\/v2\/media?parent=22728"}],"wp:term":[{"taxonomy":"product_brand","embeddable":true,"href":"https:\/\/wateryou.eu\/de\/wp-json\/wp\/v2\/product_brand?post=22728"},{"taxonomy":"product_cat","embeddable":true,"href":"https:\/\/wateryou.eu\/de\/wp-json\/wp\/v2\/product_cat?post=22728"},{"taxonomy":"product_tag","embeddable":true,"href":"https:\/\/wateryou.eu\/de\/wp-json\/wp\/v2\/product_tag?post=22728"}],"curies":[{"name":"wp","href":"https:\/\/api.w.org\/{rel}","templated":true}]}}