{"id":22725,"date":"2023-04-20T13:54:52","date_gmt":"2023-04-20T11:54:52","guid":{"rendered":"https:\/\/wateryou.eu\/product\/sanikoi-gold-protein-plus-3-mm-1l\/"},"modified":"2023-04-20T13:54:52","modified_gmt":"2023-04-20T11:54:52","slug":"sanikoi-gold-protein-plus-3-mm-1l","status":"publish","type":"product","link":"https:\/\/wateryou.eu\/de\/produkt\/sanikoi-gold-protein-plus-3-mm-1l\/","title":{"rendered":"SaniKoi &#8211; Gold Protein Plus 3 mm 1L"},"content":{"rendered":"<p>SaniKoi Gold Protein Plus ist ein hochwertiges Futter mit einem sehr hohen Proteingehalt (49 %), das zu hervorragendem Wachstum und guter Gesundheit von Teichzierfischen beitragen kann. Das Futter ist in 3 und 6 mm K\u00f6rnung, im praktischen 1 und 3 Liter Standbeutel erh\u00e4ltlich. <\/p>\n<p>Das Futter ist frei von genetischen Ver\u00e4nderungen (GVO-frei) und enth\u00e4lt besondere Aufmerksamkeit zugesetzter Spurenelemente und Vitamine, einschlie\u00dflich stabilisiertem Vitamin C. Es ist ein komplettes Schwimmfutter, das, unter anderem aufgrund des hohen Proteingehalts, bei Temperaturen ab 15\u00baC verwendet werden kann. Das Futter tr\u00fcbt das Wasser nicht und hat praktisch keinen Einfluss auf das Teichmilieu oder den Filter. <\/p>\n<p>Die Zusammensetzung von SaniKoi Gold Protein Plus besteht aus Fisch und Nebenprodukten, Fetten, Proteinen und zugesetzten Spurenelementen und Vitaminen. Der Ascheanteil liegt unter 5 %, wodurch sich eine durchschnittliche Verdaulichkeit von 50 % ergibt. F\u00fcttern Sie mehrmals t\u00e4glich und achten Sie darauf, dass das Futter innerhalb von 5 Minuten gefressen wird.  <\/p>\n","protected":false},"excerpt":{"rendered":"<p>mit 49 % Protein f\u00fcr ausgezeichnetes Wachstum und Gesundheit<\/p>\n","protected":false},"featured_media":21491,"comment_status":"closed","ping_status":"closed","template":"","meta":{"_acf_changed":false,"_seopress_robots_primary_cat":"none","_seopress_titles_title":"SaniKoi - Gold Protein Plus 3 mm 1 liter","_seopress_titles_desc":"SaniKoi Gold Protein Plus ist ein Spitzenfutter mit einem sehr hohen Proteingehalt (49 %). Kann zu ausgezeichnetem Wachstum und guter Gesundheit von Teichzierfischen beitragen. ","_seopress_robots_index":""},"product_brand":[],"product_cat":[1126,1238],"product_tag":[],"class_list":{"0":"post-22725","1":"product","2":"type-product","3":"status-publish","4":"has-post-thumbnail","6":"product_cat-fischfutter","7":"product_cat-koi-fischfutter","8":"product_shipping_class-nl-standard-de","9":"pa_diameter-3-mm-de","10":"pa_formaat-1000-ml-de","11":"yith_product_brand-sanikoi-de","12":"entry","13":"has-media","15":"first","16":"instock","17":"taxable","18":"shipping-taxable","19":"purchasable","20":"product-type-simple","21":"col","22":"span_1_of_4","23":"wvn-content-left","24":"wvn-thumbs-layout-vertical","25":"wvn-btn-normal","26":"wvn-tabs-layout-vertical"},"acf":[],"_links":{"self":[{"href":"https:\/\/wateryou.eu\/de\/wp-json\/wp\/v2\/product\/22725","targetHints":{"allow":["GET"]}}],"collection":[{"href":"https:\/\/wateryou.eu\/de\/wp-json\/wp\/v2\/product"}],"about":[{"href":"https:\/\/wateryou.eu\/de\/wp-json\/wp\/v2\/types\/product"}],"replies":[{"embeddable":true,"href":"https:\/\/wateryou.eu\/de\/wp-json\/wp\/v2\/comments?post=22725"}],"wp:featuredmedia":[{"embeddable":true,"href":"https:\/\/wateryou.eu\/de\/wp-json\/wp\/v2\/media\/21491"}],"wp:attachment":[{"href":"https:\/\/wateryou.eu\/de\/wp-json\/wp\/v2\/media?parent=22725"}],"wp:term":[{"taxonomy":"product_brand","embeddable":true,"href":"https:\/\/wateryou.eu\/de\/wp-json\/wp\/v2\/product_brand?post=22725"},{"taxonomy":"product_cat","embeddable":true,"href":"https:\/\/wateryou.eu\/de\/wp-json\/wp\/v2\/product_cat?post=22725"},{"taxonomy":"product_tag","embeddable":true,"href":"https:\/\/wateryou.eu\/de\/wp-json\/wp\/v2\/product_tag?post=22725"}],"curies":[{"name":"wp","href":"https:\/\/api.w.org\/{rel}","templated":true}]}}