{"id":22721,"date":"2023-04-20T13:55:00","date_gmt":"2023-04-20T11:55:00","guid":{"rendered":"https:\/\/wateryou.eu\/product\/bacterial-2\/"},"modified":"2026-04-22T15:02:22","modified_gmt":"2026-04-22T13:02:22","slug":"bacterial-2","status":"publish","type":"product","link":"https:\/\/wateryou.eu\/de\/produkt\/bacterial-2\/","title":{"rendered":"Bacterial"},"content":{"rendered":"<p>Velda Bacterial ist ein einzigartiges Produkt f\u00fcr Teiche, das Milliarden nitrifizierender Bakterienkulturen enth\u00e4lt, die im Wasser direkt aktiv werden. Diese Bakterien helfen, das biologische Gleichgewicht des Teichs wiederherzustellen und zu beschleunigen, sodass die Pflanzen gut wachsen und die Fische gesund bleiben. Velda&#8217;s Bacterial ist in Packungen zu 50, 200 und 1000 ml erh\u00e4ltlich und es ist wichtig, viermal im Jahr eine neue Dosis hinzuzuf\u00fcgen, um klares Teichwasser zu gew\u00e4hrleisten.<\/p>\n<p>Verbindung:<br \/>\nVelda\u2019s Bacterial enth\u00e4lt Milliarden nitrifizierender Bakterienkulturen, die im Wasser sofort aktiv werden.<\/p>\n<p>N\u00e4hrwert:<br \/>\nVelda&#8217;s Bacterial enth\u00e4lt keine N\u00e4hrstoffe.<\/p>\n<p>Erg\u00e4nzungen:<br \/>\nVelda&#8217;s Bacterial enth\u00e4lt keine Zusatzstoffe.<\/p>\n","protected":false},"excerpt":{"rendered":"<p>beschleunigt die Entwicklung eines biologischen Gleichgewichts<\/p>\n","protected":false},"featured_media":22244,"comment_status":"closed","ping_status":"closed","template":"","meta":{"_acf_changed":false,"_seopress_robots_primary_cat":"none","_seopress_titles_title":"","_seopress_titles_desc":"","_seopress_robots_index":""},"product_brand":[],"product_cat":[1242],"product_tag":[],"class_list":{"0":"post-22721","1":"product","2":"type-product","3":"status-publish","4":"has-post-thumbnail","6":"product_cat-bakterienkulturen","7":"product_shipping_class-nl-standard-de","8":"pa_formaat-1000-ml-de","9":"pa_formaat-200-ml-de","10":"pa_formaat-50-ml-de","11":"pa_geschikt-voor-fuer-5000-liter-wasser","12":"yith_product_brand-velda-de","13":"entry","14":"has-media","16":"first","17":"instock","18":"sale","19":"taxable","20":"shipping-taxable","21":"purchasable","22":"product-type-variable","23":"has-default-attributes","24":"col","25":"span_1_of_4","26":"wvn-content-left","27":"wvn-thumbs-layout-vertical","28":"wvn-btn-normal","29":"wvn-tabs-layout-vertical","30":"has-no-thumbnails"},"acf":[],"_links":{"self":[{"href":"https:\/\/wateryou.eu\/de\/wp-json\/wp\/v2\/product\/22721","targetHints":{"allow":["GET"]}}],"collection":[{"href":"https:\/\/wateryou.eu\/de\/wp-json\/wp\/v2\/product"}],"about":[{"href":"https:\/\/wateryou.eu\/de\/wp-json\/wp\/v2\/types\/product"}],"replies":[{"embeddable":true,"href":"https:\/\/wateryou.eu\/de\/wp-json\/wp\/v2\/comments?post=22721"}],"wp:featuredmedia":[{"embeddable":true,"href":"https:\/\/wateryou.eu\/de\/wp-json\/wp\/v2\/media\/22244"}],"wp:attachment":[{"href":"https:\/\/wateryou.eu\/de\/wp-json\/wp\/v2\/media?parent=22721"}],"wp:term":[{"taxonomy":"product_brand","embeddable":true,"href":"https:\/\/wateryou.eu\/de\/wp-json\/wp\/v2\/product_brand?post=22721"},{"taxonomy":"product_cat","embeddable":true,"href":"https:\/\/wateryou.eu\/de\/wp-json\/wp\/v2\/product_cat?post=22721"},{"taxonomy":"product_tag","embeddable":true,"href":"https:\/\/wateryou.eu\/de\/wp-json\/wp\/v2\/product_tag?post=22721"}],"curies":[{"name":"wp","href":"https:\/\/api.w.org\/{rel}","templated":true}]}}