{"id":22719,"date":"2023-04-20T13:55:16","date_gmt":"2023-04-20T11:55:16","guid":{"rendered":"https:\/\/wateryou.eu\/product\/co2-tabs-2\/"},"modified":"2023-04-20T13:55:16","modified_gmt":"2023-04-20T11:55:16","slug":"co2-tabs-2","status":"publish","type":"product","link":"https:\/\/wateryou.eu\/de\/produkt\/co2-tabs-2\/","title":{"rendered":"CO2 Tabs"},"content":{"rendered":"<p>Velda CO2 Tabs bieten eine effektive M\u00f6glichkeit, den Kohlendioxidgehalt in Ihrem Teichwasser zu erh\u00f6hen. Diese CO2-Tabletten sind eine gute und wirksame Kohlendioxidquelle f\u00fcr Wasserpflanzen. Wasserpflanzen ben\u00f6tigen Kohlendioxid f\u00fcr Wachstum und Entwicklung.  <\/p>\n<p>Mit diesen Tabletten k\u00f6nnen Sie problemlos 4000 Liter Teichwasser behandeln. Die Velda CO2 Tabs bestehen zu 100 % aus nat\u00fcrlichen Materialien wie Calciumcarbonat und Magnesiumcarbonat und enthalten \u2013 was wichtig ist \u2013 keine Schadstoffe, Phosphate oder Nitrate, sodass das Teichwasser gesund bleibt. <\/p>\n<p>Die Tabletten lassen sich einfach dem Teichwasser beif\u00fcgen. Sie setzen beim Sprudeln CO2 frei und versorgen Wasserpflanzen so mit den ben\u00f6tigten N\u00e4hrstoffen. Mit den Velda CO2 Tabs profitiert der Teich von einer gesunden CO2-Bilanz.  <\/p>\n","protected":false},"excerpt":{"rendered":"<p>CO2-Tabletten f\u00fcr Sauerstoffanlagen<\/p>\n","protected":false},"featured_media":21614,"comment_status":"closed","ping_status":"closed","template":"","meta":{"_acf_changed":false,"_seopress_robots_primary_cat":"","_seopress_titles_title":"","_seopress_titles_desc":"","_seopress_robots_index":""},"product_brand":[],"product_cat":[1228],"product_tag":[],"class_list":{"0":"post-22719","1":"product","2":"type-product","3":"status-publish","4":"has-post-thumbnail","6":"product_cat-pflanzenernahrung","7":"product_shipping_class-nl-standard-de","8":"pa_geschikt-voor-fuer-4000-liter","9":"yith_product_brand-velda-de","10":"entry","11":"has-media","13":"first","14":"instock","15":"taxable","16":"shipping-taxable","17":"purchasable","18":"product-type-simple","19":"col","20":"span_1_of_4","21":"wvn-content-left","22":"wvn-thumbs-layout-vertical","23":"wvn-btn-normal","24":"wvn-tabs-layout-vertical","25":"has-no-thumbnails"},"acf":[],"_links":{"self":[{"href":"https:\/\/wateryou.eu\/de\/wp-json\/wp\/v2\/product\/22719","targetHints":{"allow":["GET"]}}],"collection":[{"href":"https:\/\/wateryou.eu\/de\/wp-json\/wp\/v2\/product"}],"about":[{"href":"https:\/\/wateryou.eu\/de\/wp-json\/wp\/v2\/types\/product"}],"replies":[{"embeddable":true,"href":"https:\/\/wateryou.eu\/de\/wp-json\/wp\/v2\/comments?post=22719"}],"wp:featuredmedia":[{"embeddable":true,"href":"https:\/\/wateryou.eu\/de\/wp-json\/wp\/v2\/media\/21614"}],"wp:attachment":[{"href":"https:\/\/wateryou.eu\/de\/wp-json\/wp\/v2\/media?parent=22719"}],"wp:term":[{"taxonomy":"product_brand","embeddable":true,"href":"https:\/\/wateryou.eu\/de\/wp-json\/wp\/v2\/product_brand?post=22719"},{"taxonomy":"product_cat","embeddable":true,"href":"https:\/\/wateryou.eu\/de\/wp-json\/wp\/v2\/product_cat?post=22719"},{"taxonomy":"product_tag","embeddable":true,"href":"https:\/\/wateryou.eu\/de\/wp-json\/wp\/v2\/product_tag?post=22719"}],"curies":[{"name":"wp","href":"https:\/\/api.w.org\/{rel}","templated":true}]}}