{"id":22716,"date":"2023-04-20T13:55:16","date_gmt":"2023-04-20T11:55:16","guid":{"rendered":"https:\/\/wateryou.eu\/product\/super-growth-balls-xl-2\/"},"modified":"2026-04-13T23:05:23","modified_gmt":"2026-04-13T21:05:23","slug":"super-growth-balls-xl-2","status":"publish","type":"product","link":"https:\/\/wateryou.eu\/de\/produkt\/super-growth-balls-xl-2\/","title":{"rendered":"Super Growth Balls XL"},"content":{"rendered":"<p>Velda Super Growth Bulbs sind die perfekte L\u00f6sung zum D\u00fcngen von Seerosen und Sumpfpflanzen. Diese besonderen Kugeln bestehen aus blauem Ton und enthalten nat\u00fcrliche D\u00fcngemittel, Spurenelemente und Mineralien, die direkt an die Pflanzenwurzeln abgegeben werden. Dies sorgt f\u00fcr \u00fcppiges Wachstum und Bl\u00fcte aller Arten von Wasserpflanzen. Um optimale Ergebnisse zu erzielen, sollten die Wachstumskugeln in unmittelbarer N\u00e4he der Pflanzenwurzeln platziert werden.   <\/p>\n<p>Von M\u00e4rz bis August sollte die D\u00fcngung alle 6\u20138 Wochen wiederholt werden. Die Velda Super Growth Bulbs sind in einer Packung mit 55 St\u00fcck erh\u00e4ltlich. Dar\u00fcber hinaus empfiehlt sich die Verwendung von Sumpfpflanzenerde pro m2 in Kombination mit Pflanzk\u00f6rben von 30 cm, 40 cm und 50 cm (jeweils 5 St\u00fcck, 8 St\u00fcck und 12 St\u00fcck).  <\/p>\n","protected":false},"excerpt":{"rendered":"<p>zur lokalen D\u00fcngung von Teichpflanzen<\/p>\n","protected":false},"featured_media":21616,"comment_status":"closed","ping_status":"closed","template":"","meta":{"_acf_changed":false,"_seopress_robots_primary_cat":"none","_seopress_titles_title":"","_seopress_titles_desc":"","_seopress_robots_index":""},"product_brand":[],"product_cat":[1228],"product_tag":[],"class_list":{"0":"post-22716","1":"product","2":"type-product","3":"status-publish","4":"has-post-thumbnail","6":"product_cat-pflanzenernahrung","7":"product_shipping_class-nl-standard-de","8":"pa_formaat-1100-g-de","9":"yith_product_brand-velda-de","10":"entry","11":"has-media","13":"first","14":"instock","15":"taxable","16":"shipping-taxable","17":"purchasable","18":"product-type-simple","19":"col","20":"span_1_of_4","21":"wvn-content-left","22":"wvn-thumbs-layout-vertical","23":"wvn-btn-normal","24":"wvn-tabs-layout-vertical"},"acf":[],"_links":{"self":[{"href":"https:\/\/wateryou.eu\/de\/wp-json\/wp\/v2\/product\/22716","targetHints":{"allow":["GET"]}}],"collection":[{"href":"https:\/\/wateryou.eu\/de\/wp-json\/wp\/v2\/product"}],"about":[{"href":"https:\/\/wateryou.eu\/de\/wp-json\/wp\/v2\/types\/product"}],"replies":[{"embeddable":true,"href":"https:\/\/wateryou.eu\/de\/wp-json\/wp\/v2\/comments?post=22716"}],"wp:featuredmedia":[{"embeddable":true,"href":"https:\/\/wateryou.eu\/de\/wp-json\/wp\/v2\/media\/21616"}],"wp:attachment":[{"href":"https:\/\/wateryou.eu\/de\/wp-json\/wp\/v2\/media?parent=22716"}],"wp:term":[{"taxonomy":"product_brand","embeddable":true,"href":"https:\/\/wateryou.eu\/de\/wp-json\/wp\/v2\/product_brand?post=22716"},{"taxonomy":"product_cat","embeddable":true,"href":"https:\/\/wateryou.eu\/de\/wp-json\/wp\/v2\/product_cat?post=22716"},{"taxonomy":"product_tag","embeddable":true,"href":"https:\/\/wateryou.eu\/de\/wp-json\/wp\/v2\/product_tag?post=22716"}],"curies":[{"name":"wp","href":"https:\/\/api.w.org\/{rel}","templated":true}]}}