{"id":22709,"date":"2023-04-20T13:55:30","date_gmt":"2023-04-20T11:55:30","guid":{"rendered":"https:\/\/wateryou.eu\/product\/crystal-clear-wasserverbesserung\/"},"modified":"2023-04-20T13:55:30","modified_gmt":"2023-04-20T11:55:30","slug":"crystal-clear-wasserverbesserung","status":"publish","type":"product","link":"https:\/\/wateryou.eu\/de\/produkt\/crystal-clear-wasserverbesserung\/","title":{"rendered":"Crystal Clear &#8211; Wasserverbesserung"},"content":{"rendered":"<p>Crystal Clear ist ein leistungsstarkes Mittel zur Kl\u00e4rung von Teichwasser. Es funktioniert durch eine v\u00f6llig harmlose Reaktion, bei der die Tr\u00fcbung im Wasser verklumpt, wodurch sich ein Teil des Schmutzes am Boden absetzt und ein anderer Teil aufschwimmt. Crystal Clear entfernt die Tr\u00fcbung, behebt jedoch nicht die Ursache des Problems. F\u00fcr ein gutes Ergebnis ist es wichtig, dass der Schmutz abgesch\u00f6pft wird.   <\/p>\n<p>Crystal Clear ist ein umweltfreundliches Produkt, das aus Inhaltsstoffen wie nat\u00fcrlichen Polymeren, Silikaten, Schwefelverbindungen und Flockungsmitteln besteht. Es enth\u00e4lt keine Chemikalien und ist sicher f\u00fcr Menschen, Tiere und Pflanzen. Es kann in Teichen bis zu 10.000 Litern verwendet werden und hat eine Dosierung von 25 Gramm pro 1.000 Liter Wasser. Um das Wasser dauerhaft klar zu halten, ist die ausreichende Zugabe von Sauerstoffpflanzen (wie Hornkraut, Wasserpest und Laichkraut) und Schwimmpflanzen (wie Froschbiss, Wasserenzian und Azolla-Schwimmfarn) wichtig.<\/p>\n","protected":false},"excerpt":{"rendered":"<p>macht Teichwasser wieder klar<\/p>\n","protected":false},"featured_media":22267,"comment_status":"closed","ping_status":"closed","template":"","meta":{"_acf_changed":false,"_seopress_robots_primary_cat":"none","_seopress_titles_title":"Crystal Clear \u2013 macht gr\u00fcnes Teichwasser wieder klar","_seopress_titles_desc":"Kraftvolles Produkt, um Ihr gr\u00fcnes Teichwasser schnell wieder klar zu machen. Bindet die Tr\u00fcbungen im Wasser, sodass diese verklumpen und sich leicht entfernen lassen. ","_seopress_robots_index":""},"product_brand":[],"product_cat":[1245],"product_tag":[],"class_list":{"0":"post-22709","1":"product","2":"type-product","3":"status-publish","4":"has-post-thumbnail","6":"product_cat-grunes-wasser","7":"product_shipping_class-nl-standard-de","8":"pa_formaat-1000-ml-de","9":"pa_formaat-250-ml-de","10":"pa_formaat-500-ml-de","11":"pa_geschikt-voor-fuer-2500-liter-wasser","12":"yith_product_brand-velda-de","13":"entry","14":"has-media","16":"first","17":"instock","18":"taxable","19":"shipping-taxable","20":"purchasable","21":"product-type-variable","22":"has-default-attributes","23":"col","24":"span_1_of_4","25":"wvn-content-left","26":"wvn-thumbs-layout-vertical","27":"wvn-btn-normal","28":"wvn-tabs-layout-vertical","29":"has-no-thumbnails"},"acf":[],"_links":{"self":[{"href":"https:\/\/wateryou.eu\/de\/wp-json\/wp\/v2\/product\/22709","targetHints":{"allow":["GET"]}}],"collection":[{"href":"https:\/\/wateryou.eu\/de\/wp-json\/wp\/v2\/product"}],"about":[{"href":"https:\/\/wateryou.eu\/de\/wp-json\/wp\/v2\/types\/product"}],"replies":[{"embeddable":true,"href":"https:\/\/wateryou.eu\/de\/wp-json\/wp\/v2\/comments?post=22709"}],"wp:featuredmedia":[{"embeddable":true,"href":"https:\/\/wateryou.eu\/de\/wp-json\/wp\/v2\/media\/22267"}],"wp:attachment":[{"href":"https:\/\/wateryou.eu\/de\/wp-json\/wp\/v2\/media?parent=22709"}],"wp:term":[{"taxonomy":"product_brand","embeddable":true,"href":"https:\/\/wateryou.eu\/de\/wp-json\/wp\/v2\/product_brand?post=22709"},{"taxonomy":"product_cat","embeddable":true,"href":"https:\/\/wateryou.eu\/de\/wp-json\/wp\/v2\/product_cat?post=22709"},{"taxonomy":"product_tag","embeddable":true,"href":"https:\/\/wateryou.eu\/de\/wp-json\/wp\/v2\/product_tag?post=22709"}],"curies":[{"name":"wp","href":"https:\/\/api.w.org\/{rel}","templated":true}]}}