{"id":22704,"date":"2023-04-20T13:55:30","date_gmt":"2023-04-20T11:55:30","guid":{"rendered":"https:\/\/wateryou.eu\/product\/floating-plant-island-2\/"},"modified":"2026-04-15T18:00:45","modified_gmt":"2026-04-15T16:00:45","slug":"floating-plant-island-2","status":"publish","type":"product","link":"https:\/\/wateryou.eu\/de\/produkt\/floating-plant-island-2\/","title":{"rendered":"Floating Plant Island"},"content":{"rendered":"<p>Diese schwimmenden und verbindbaren Pflanzenk\u00f6rbe sind eine perfekte Erg\u00e4nzung f\u00fcr Ihren Teich. Sie k\u00f6nnen miteinander verbunden und an beliebiger Stelle auf der Wasseroberfl\u00e4che platziert werden. Mit diesen K\u00f6rben k\u00f6nnen Sie einen Sumpf anlegen oder Ihrem Teich eine beeindruckende Insel hinzuf\u00fcgen. Erh\u00e4ltlich in den Gr\u00f6\u00dfen rund 25 und 35 cm sowie quadratisch 25 und 35 cm, sorgen sie f\u00fcr einen fesselnden Effekt.<\/p>\n<p>Diese Pflanzk\u00f6rbe bestehen aus langlebigem Polystyrol und verf\u00fcgen \u00fcber einen Schwimmring, sodass sie leicht zu platzieren und einfach zu bepflanzen sind. Die Teichpflanzenerde, der Pflanzenballen, gereinigter Kies oder Bodengrund sowie Sumpfpflanzen bieten einen optimalen N\u00e4hrboden f\u00fcr \u00fcppiges Wachstum. Die K\u00f6rbe eignen sich zum Bepflanzen nahezu aller Sumpfpflanzenarten.  <\/p>\n<p>Mit diesen schwimmenden und austauschbaren Pflanzenk\u00f6rben k\u00f6nnen Sie Ihren Teich problemlos an jeder gew\u00fcnschten Stelle mit Sumpfpflanzen f\u00fcllen. Die K\u00f6rbe sind: <\/p>\n<p>&#8211; Langlebig und mit Styropor und Schwimmring ausgestattet.<br \/>\n&#8211; Geeignet zum Anpflanzen fast aller Arten von Sumpfpflanzen.<br \/>\n&#8211; Erh\u00e4ltlich in rund 25 und 35 cm und quadratisch 25 und 35 cm.<br \/>\n&#8211; Erweiterbar zu einer beeindruckenden Insel.<br \/>\n&#8211; Einfach zu installieren und einfach zu bepflanzen.<br \/>\n&#8211; Mit Teicherde, Pflanzenwurzelballen, gereinigtem Kies oder Substrat versehen.<\/p>\n","protected":false},"excerpt":{"rendered":"<p>schwimmende und schaltbare Pflanzeninsel<\/p>\n","protected":false},"featured_media":22234,"comment_status":"closed","ping_status":"closed","template":"","meta":{"_acf_changed":false,"_seopress_robots_primary_cat":"none","_seopress_titles_title":"","_seopress_titles_desc":"","_seopress_robots_index":""},"product_brand":[],"product_cat":[1227],"product_tag":[],"class_list":{"0":"post-22704","1":"product","2":"type-product","3":"status-publish","4":"has-post-thumbnail","6":"product_cat-pflanzenkorbe","7":"product_shipping_class-nl-standard-de","8":"pa_formaat-25-x-25-cm-de","9":"pa_formaat-35-x-35-cm-de","10":"pa_formaat-o-25-cm-de","11":"pa_formaat-o-35-cm-de","12":"yith_product_brand-velda-de","13":"entry","14":"has-media","16":"first","17":"instock","18":"taxable","19":"shipping-taxable","20":"purchasable","21":"product-type-variable","22":"has-default-attributes","23":"col","24":"span_1_of_4","25":"wvn-content-left","26":"wvn-thumbs-layout-vertical","27":"wvn-btn-normal","28":"wvn-tabs-layout-vertical"},"acf":[],"_links":{"self":[{"href":"https:\/\/wateryou.eu\/de\/wp-json\/wp\/v2\/product\/22704","targetHints":{"allow":["GET"]}}],"collection":[{"href":"https:\/\/wateryou.eu\/de\/wp-json\/wp\/v2\/product"}],"about":[{"href":"https:\/\/wateryou.eu\/de\/wp-json\/wp\/v2\/types\/product"}],"replies":[{"embeddable":true,"href":"https:\/\/wateryou.eu\/de\/wp-json\/wp\/v2\/comments?post=22704"}],"wp:featuredmedia":[{"embeddable":true,"href":"https:\/\/wateryou.eu\/de\/wp-json\/wp\/v2\/media\/22234"}],"wp:attachment":[{"href":"https:\/\/wateryou.eu\/de\/wp-json\/wp\/v2\/media?parent=22704"}],"wp:term":[{"taxonomy":"product_brand","embeddable":true,"href":"https:\/\/wateryou.eu\/de\/wp-json\/wp\/v2\/product_brand?post=22704"},{"taxonomy":"product_cat","embeddable":true,"href":"https:\/\/wateryou.eu\/de\/wp-json\/wp\/v2\/product_cat?post=22704"},{"taxonomy":"product_tag","embeddable":true,"href":"https:\/\/wateryou.eu\/de\/wp-json\/wp\/v2\/product_tag?post=22704"}],"curies":[{"name":"wp","href":"https:\/\/api.w.org\/{rel}","templated":true}]}}