{"id":22699,"date":"2023-04-20T13:55:37","date_gmt":"2023-04-20T11:55:37","guid":{"rendered":"https:\/\/wateryou.eu\/product\/v-tech-air-pump-set-beluftungspumpe\/"},"modified":"2025-12-19T10:38:39","modified_gmt":"2025-12-19T09:38:39","slug":"v-tech-air-pump-set-beluftungspumpe","status":"publish","type":"product","link":"https:\/\/wateryou.eu\/de\/produkt\/v-tech-air-pump-set-beluftungspumpe\/","title":{"rendered":"V-Tech Air Pump Set &#8211; Bel\u00fcftungspumpe"},"content":{"rendered":"<p>Die Luftpumpe AP-30, 40 und 50 ist eine \u00e4u\u00dferst sparsame Kleinpumpe, die sich zum Bel\u00fcften von Gartenteichen eignet. Mit hoher Luftleistung, zwei Luftausl\u00e4ssen und elektronischer Steuerung ist diese Pumpe eine leistungsstarke Wahl zur Aufrechterhaltung einer gesunden Wasserqualit\u00e4t. <\/p>\n<p>Merkmale:<br \/>\n&#8211; Ultrasparsam und klein<br \/>\n&#8211; Hohe Luftleistung<br \/>\n&#8211; Doppelter Luftauslass (AP-30, 40 und 50)<br \/>\n&#8211; Elektronische Steuerung zur stufenlosen Einstellung<br \/>\n&#8211; An einem trockenen Ort oberhalb des Wasserspiegels platziert<br \/>\n&#8211; Ideal zum Bel\u00fcften im Sommer und zum Eisfreihalten im Winter<br \/>\n&#8211; Schadstoffe aus der Umwelt entfernen<br \/>\n&#8211; Gesundes Wasser erhalten<\/p>\n<p>Das Set besteht aus:<br \/>\n&#8211; Luftpumpe<br \/>\n&#8211; 4mm Luftschlauch, 3 Meter lang (2 St\u00fcck f\u00fcr AP-30, 40 und 50)<br \/>\n&#8211; Ausstr\u00f6merstein (2 St\u00fcck bei AP-30, 40 und 50)<br \/>\n&#8211; Ersatzmembran<\/p>\n","protected":false},"excerpt":{"rendered":"<p>Luftpumpe mit Luftschlauch und Ausstr\u00f6merstein<\/p>\n","protected":false},"featured_media":22235,"comment_status":"closed","ping_status":"closed","template":"","meta":{"_acf_changed":false,"_seopress_robots_primary_cat":"none","_seopress_titles_title":"","_seopress_titles_desc":"","_seopress_robots_index":""},"product_brand":[],"product_cat":[1231,1230],"product_tag":[],"class_list":{"0":"post-22699","1":"product","2":"type-product","3":"status-publish","4":"has-post-thumbnail","6":"product_cat-beluftung","7":"product_cat-pumpen-und-filter","8":"product_shipping_class-nl-standard-de","9":"pa_formaat-2-watt-de","10":"pa_formaat-4-watt-de","11":"pa_formaat-5-watt-de","12":"pa_formaat-65-watt-de","13":"yith_product_brand-vt-de-2","14":"entry","15":"has-media","17":"first","18":"instock","19":"taxable","20":"shipping-taxable","21":"purchasable","22":"product-type-variable","23":"has-default-attributes","24":"col","25":"span_1_of_4","26":"wvn-content-left","27":"wvn-thumbs-layout-vertical","28":"wvn-btn-normal","29":"wvn-tabs-layout-vertical"},"acf":[],"_links":{"self":[{"href":"https:\/\/wateryou.eu\/de\/wp-json\/wp\/v2\/product\/22699","targetHints":{"allow":["GET"]}}],"collection":[{"href":"https:\/\/wateryou.eu\/de\/wp-json\/wp\/v2\/product"}],"about":[{"href":"https:\/\/wateryou.eu\/de\/wp-json\/wp\/v2\/types\/product"}],"replies":[{"embeddable":true,"href":"https:\/\/wateryou.eu\/de\/wp-json\/wp\/v2\/comments?post=22699"}],"wp:featuredmedia":[{"embeddable":true,"href":"https:\/\/wateryou.eu\/de\/wp-json\/wp\/v2\/media\/22235"}],"wp:attachment":[{"href":"https:\/\/wateryou.eu\/de\/wp-json\/wp\/v2\/media?parent=22699"}],"wp:term":[{"taxonomy":"product_brand","embeddable":true,"href":"https:\/\/wateryou.eu\/de\/wp-json\/wp\/v2\/product_brand?post=22699"},{"taxonomy":"product_cat","embeddable":true,"href":"https:\/\/wateryou.eu\/de\/wp-json\/wp\/v2\/product_cat?post=22699"},{"taxonomy":"product_tag","embeddable":true,"href":"https:\/\/wateryou.eu\/de\/wp-json\/wp\/v2\/product_tag?post=22699"}],"curies":[{"name":"wp","href":"https:\/\/api.w.org\/{rel}","templated":true}]}}