{"id":22698,"date":"2023-04-20T13:55:48","date_gmt":"2023-04-20T11:55:48","guid":{"rendered":"https:\/\/wateryou.eu\/product\/filter-hose-50-mm-filterpumpenschlauch-pro-meter\/"},"modified":"2025-07-07T15:12:31","modified_gmt":"2025-07-07T13:12:31","slug":"filter-hose-50-mm-filterpumpenschlauch-pro-meter","status":"publish","type":"product","link":"https:\/\/wateryou.eu\/de\/produkt\/filter-hose-50-mm-filterpumpenschlauch-pro-meter\/","title":{"rendered":"Filter Hose 50 mm &#8211; Filterpumpenschlauch pro Meter"},"content":{"rendered":"<p>Der starke universelle schwarze Filterschlauch ist die perfekte L\u00f6sung f\u00fcr jede Filter-\/Pumpenkombination. Erh\u00e4ltlich in verschiedenen Durchmessern von 20, 25, 32, 40 und 50 mm, besteht dieser Filterschlauch aus hochwertigem Material mit langer Lebensdauer. Dieser Filterschlauch ist best\u00e4ndig gegen UV-Strahlung, Witterungseinfl\u00fcsse und Chemikalien und somit sowohl f\u00fcr den Innen- als auch f\u00fcr den Au\u00dfenbereich geeignet. Mit seiner flexiblen und dennoch robusten Konstruktion eignet sich dieser Filterschlauch ideal zum Herstellen einer luftdichten Verbindung. Mit diesem Filterschlauch erhalten Sie eine langlebige L\u00f6sung, die die Lebensdauer Ihrer Filter-\/Pumpenkombination verl\u00e4ngert.<\/p>\n","protected":false},"excerpt":{"rendered":"<p><strong>Achtung! Die Produktmenge entspricht der Meterzahl. Eine einzelne Rolle ist bis zu 50 Meter lang. Wenn Sie beispielsweise 9 Meter ben\u00f6tigen, w\u00e4hlen Sie eine Menge von 9 und legen Sie das Produkt in den Warenkorb! Preis gilt pro Meter und wird auf Ma\u00df zugeschnitten.    <\/strong><\/p>\n","protected":false},"featured_media":22259,"comment_status":"closed","ping_status":"closed","template":"","meta":{"_acf_changed":false,"_seopress_robots_primary_cat":"none","_seopress_titles_title":"","_seopress_titles_desc":"","_seopress_robots_index":""},"product_brand":[],"product_cat":[1137,1120],"product_tag":[1541],"class_list":{"0":"post-22698","1":"product","2":"type-product","3":"status-publish","4":"has-post-thumbnail","6":"product_cat-filter-materialien","7":"product_cat-nicht-kategorisiert","8":"product_tag-pro-meter","9":"product_shipping_class-nl-standard-de","10":"pa_diameter-50-mm-de","11":"pa_geschikt-voor-pro-meter","12":"yith_product_brand-vt-de-2","13":"entry","14":"has-media","16":"first","17":"instock","18":"taxable","19":"shipping-taxable","20":"purchasable","21":"product-type-simple","22":"col","23":"span_1_of_4","24":"wvn-content-left","25":"wvn-thumbs-layout-vertical","26":"wvn-btn-normal","27":"wvn-tabs-layout-vertical"},"acf":[],"_links":{"self":[{"href":"https:\/\/wateryou.eu\/de\/wp-json\/wp\/v2\/product\/22698","targetHints":{"allow":["GET"]}}],"collection":[{"href":"https:\/\/wateryou.eu\/de\/wp-json\/wp\/v2\/product"}],"about":[{"href":"https:\/\/wateryou.eu\/de\/wp-json\/wp\/v2\/types\/product"}],"replies":[{"embeddable":true,"href":"https:\/\/wateryou.eu\/de\/wp-json\/wp\/v2\/comments?post=22698"}],"wp:featuredmedia":[{"embeddable":true,"href":"https:\/\/wateryou.eu\/de\/wp-json\/wp\/v2\/media\/22259"}],"wp:attachment":[{"href":"https:\/\/wateryou.eu\/de\/wp-json\/wp\/v2\/media?parent=22698"}],"wp:term":[{"taxonomy":"product_brand","embeddable":true,"href":"https:\/\/wateryou.eu\/de\/wp-json\/wp\/v2\/product_brand?post=22698"},{"taxonomy":"product_cat","embeddable":true,"href":"https:\/\/wateryou.eu\/de\/wp-json\/wp\/v2\/product_cat?post=22698"},{"taxonomy":"product_tag","embeddable":true,"href":"https:\/\/wateryou.eu\/de\/wp-json\/wp\/v2\/product_tag?post=22698"}],"curies":[{"name":"wp","href":"https:\/\/api.w.org\/{rel}","templated":true}]}}