{"id":22697,"date":"2023-04-20T13:55:57","date_gmt":"2023-04-20T11:55:57","guid":{"rendered":"https:\/\/wateryou.eu\/product\/replacement-blades-ersatzklingen\/"},"modified":"2023-04-20T13:55:57","modified_gmt":"2023-04-20T11:55:57","slug":"replacement-blades-ersatzklingen","status":"publish","type":"product","link":"https:\/\/wateryou.eu\/de\/produkt\/replacement-blades-ersatzklingen\/","title":{"rendered":"Replacement Blades -Ersatzklingen"},"content":{"rendered":"<p>Das Velda Duo Pond Tool ist das perfekte Werkzeug, um Ihren Teich in gutem Zustand zu halten. Dieses 2-in-1-Werkzeug besteht aus einer Teichschere und einer Zange und wird mit einem Satz Greifelemente geliefert. So k\u00f6nnen Sie abgestorbene Pflanzenteile, Zweige und andere Verschmutzungen sicher und effizient aus dem Teich entfernen. Die gro\u00dfe Reichweite und das Ersatzmesser sorgen f\u00fcr eine gute Leistung. Dar\u00fcber hinaus ist das Werkzeug korrosionsbest\u00e4ndig, sodass Sie viele Jahre Freude daran haben werden.<\/p>\n","protected":false},"excerpt":{"rendered":"<p>auswechselbare Klingen<\/p>\n","protected":false},"featured_media":21897,"comment_status":"closed","ping_status":"closed","template":"","meta":{"_acf_changed":false,"_seopress_robots_primary_cat":"","_seopress_titles_title":"","_seopress_titles_desc":"","_seopress_robots_index":""},"product_brand":[],"product_cat":[1120,1148],"product_tag":[],"class_list":{"0":"post-22697","1":"product","2":"type-product","3":"status-publish","4":"has-post-thumbnail","6":"product_cat-nicht-kategorisiert","7":"product_cat-wartung","8":"product_shipping_class-nl-standard-de","9":"pa_formaat-5-stuks-de","10":"pa_geschikt-voor-fuer-duo-pond-tool","11":"yith_product_brand-velda-de","12":"entry","13":"has-media","15":"first","16":"instock","17":"taxable","18":"shipping-taxable","19":"purchasable","20":"product-type-simple","21":"col","22":"span_1_of_4","23":"wvn-content-left","24":"wvn-thumbs-layout-vertical","25":"wvn-btn-normal","26":"wvn-tabs-layout-vertical"},"acf":[],"_links":{"self":[{"href":"https:\/\/wateryou.eu\/de\/wp-json\/wp\/v2\/product\/22697","targetHints":{"allow":["GET"]}}],"collection":[{"href":"https:\/\/wateryou.eu\/de\/wp-json\/wp\/v2\/product"}],"about":[{"href":"https:\/\/wateryou.eu\/de\/wp-json\/wp\/v2\/types\/product"}],"replies":[{"embeddable":true,"href":"https:\/\/wateryou.eu\/de\/wp-json\/wp\/v2\/comments?post=22697"}],"wp:featuredmedia":[{"embeddable":true,"href":"https:\/\/wateryou.eu\/de\/wp-json\/wp\/v2\/media\/21897"}],"wp:attachment":[{"href":"https:\/\/wateryou.eu\/de\/wp-json\/wp\/v2\/media?parent=22697"}],"wp:term":[{"taxonomy":"product_brand","embeddable":true,"href":"https:\/\/wateryou.eu\/de\/wp-json\/wp\/v2\/product_brand?post=22697"},{"taxonomy":"product_cat","embeddable":true,"href":"https:\/\/wateryou.eu\/de\/wp-json\/wp\/v2\/product_cat?post=22697"},{"taxonomy":"product_tag","embeddable":true,"href":"https:\/\/wateryou.eu\/de\/wp-json\/wp\/v2\/product_tag?post=22697"}],"curies":[{"name":"wp","href":"https:\/\/api.w.org\/{rel}","templated":true}]}}