{"id":22692,"date":"2023-04-20T13:56:34","date_gmt":"2023-04-20T11:56:34","guid":{"rendered":"https:\/\/wateryou.eu\/product\/sludge-cleaner-bodenschlammraumer\/"},"modified":"2026-02-15T16:28:35","modified_gmt":"2026-02-15T15:28:35","slug":"sludge-cleaner-bodenschlammraumer","status":"publish","type":"product","link":"https:\/\/wateryou.eu\/de\/produkt\/sludge-cleaner-bodenschlammraumer\/","title":{"rendered":"Sludge Cleaner &#8211; Bodenschlammr\u00e4umer"},"content":{"rendered":"<p>Vincia Sludge Cleaner ist die nat\u00fcrliche Wahl, um den Teichboden sauber zu halten. Diese 100 % umweltfreundliche und biologisch abbaubare Formel besteht aus pH-senkendem Granulat, nat\u00fcrlichem Kalk und Mikroorganismen, die die bakterielle Umwandlung des Bodenschmutzes einleiten. Die Formel hilft, die Versauerung der Bodenoberfl\u00e4che zu verhindern und verhindert das Wachstum von Wasserpflanzen und die Vermehrung von Algen. Mit den 100 % nat\u00fcrlichen Teichprodukten von Vincia k\u00f6nnen Sie auf nat\u00fcrliche Weise einen klaren, gesunden und sch\u00f6nen Teich, Fische und Pflanzen genie\u00dfen.   <\/p>\n","protected":false},"excerpt":{"rendered":"<p>entfernt auf nat\u00fcrliche Weise Teichbodenschlamm<\/p>\n","protected":false},"featured_media":22299,"comment_status":"closed","ping_status":"closed","template":"","meta":{"_acf_changed":false,"_seopress_robots_primary_cat":"none","_seopress_titles_title":"","_seopress_titles_desc":"Vincia Schlammreiniger zur Sauberhaltung des Teichbodens. 100 % umweltfreundlich und biologisch. Hilft, die Versauerung der Bodenoberfl\u00e4che zu verhindern und hemmt das Wachstum von Wasserpflanzen und die Vermehrung von Algen.  ","_seopress_robots_index":""},"product_brand":[],"product_cat":[1241],"product_tag":[],"class_list":{"0":"post-22692","1":"product","2":"type-product","3":"status-publish","4":"has-post-thumbnail","6":"product_cat-wasserverbesserung","7":"product_shipping_class-nl-standard-de","8":"pa_formaat-1700-g-de","9":"pa_formaat-4250-g-de","10":"pa_geschikt-voor-fuer-10-m","11":"yith_product_brand-vincia-de","12":"entry","13":"has-media","15":"first","16":"instock","17":"taxable","18":"shipping-taxable","19":"purchasable","20":"product-type-variable","21":"has-default-attributes","22":"col","23":"span_1_of_4","24":"wvn-content-left","25":"wvn-thumbs-layout-vertical","26":"wvn-btn-normal","27":"wvn-tabs-layout-vertical"},"acf":[],"_links":{"self":[{"href":"https:\/\/wateryou.eu\/de\/wp-json\/wp\/v2\/product\/22692","targetHints":{"allow":["GET"]}}],"collection":[{"href":"https:\/\/wateryou.eu\/de\/wp-json\/wp\/v2\/product"}],"about":[{"href":"https:\/\/wateryou.eu\/de\/wp-json\/wp\/v2\/types\/product"}],"replies":[{"embeddable":true,"href":"https:\/\/wateryou.eu\/de\/wp-json\/wp\/v2\/comments?post=22692"}],"wp:featuredmedia":[{"embeddable":true,"href":"https:\/\/wateryou.eu\/de\/wp-json\/wp\/v2\/media\/22299"}],"wp:attachment":[{"href":"https:\/\/wateryou.eu\/de\/wp-json\/wp\/v2\/media?parent=22692"}],"wp:term":[{"taxonomy":"product_brand","embeddable":true,"href":"https:\/\/wateryou.eu\/de\/wp-json\/wp\/v2\/product_brand?post=22692"},{"taxonomy":"product_cat","embeddable":true,"href":"https:\/\/wateryou.eu\/de\/wp-json\/wp\/v2\/product_cat?post=22692"},{"taxonomy":"product_tag","embeddable":true,"href":"https:\/\/wateryou.eu\/de\/wp-json\/wp\/v2\/product_tag?post=22692"}],"curies":[{"name":"wp","href":"https:\/\/api.w.org\/{rel}","templated":true}]}}