{"id":22688,"date":"2023-04-20T13:56:34","date_gmt":"2023-04-20T11:56:34","guid":{"rendered":"https:\/\/wateryou.eu\/product\/maerl-crystal-wasserverbesserung\/"},"modified":"2026-03-22T18:52:47","modified_gmt":"2026-03-22T17:52:47","slug":"maerl-crystal-wasserverbesserung","status":"publish","type":"product","link":"https:\/\/wateryou.eu\/de\/produkt\/maerl-crystal-wasserverbesserung\/","title":{"rendered":"Ma\u00ebrl Crystal &#8211; Wasserverbesserung"},"content":{"rendered":"<p>Vincia Ma\u00ebrl Crystal ist ein einzigartiges Naturprodukt mit sehr niedrigem Phosphatgehalt, das speziell f\u00fcr neue Teiche entwickelt wurde. Es aktiviert die Entwicklung von Mikroorganismen und erh\u00f6ht die Gesamth\u00e4rte des Wassers, wodurch das Wasser klar und gesund bleibt. Das Granulat l\u00e4sst sich ganz einfach dem Teich hinzuf\u00fcgen, sodass Sie sofort von den Vorteilen dieses 100 % umweltfreundlichen und biologisch abbaubaren Produkts profitieren k\u00f6nnen. Vincia Ma\u00ebrl Crystal hilft, Algen vorzubeugen und verbessert die Wasserqualit\u00e4t auf nat\u00fcrliche Weise, sodass Sie Ihr klares Wasserspiel in vollen Z\u00fcgen genie\u00dfen k\u00f6nnen.   <\/p>\n<p>Zusammensetzung: 100 % nat\u00fcrliche Ma\u00ebrl-K\u00f6rner<br \/>\nN\u00e4hrwert: Niedriger Phosphatgehalt<br \/>\nNeuzug\u00e4nge: Keine<br \/>\nEinfache Anwendung: Kann direkt in den Teich gegeben werden<\/p>\n","protected":false},"excerpt":{"rendered":"<p>Naturprodukt in Granulatform f\u00fcr klares Wasser<\/p>\n","protected":false},"featured_media":22298,"comment_status":"closed","ping_status":"closed","template":"","meta":{"_acf_changed":false,"_seopress_robots_primary_cat":"none","_seopress_titles_title":"Ma\u00ebrl Crystal - Wasserverbesserung - Wateryou","_seopress_titles_desc":"Vincia Ma\u00ebrl Crystal ist ein einzigartiges Naturprodukt, das speziell f\u00fcr neue Teiche entwickelt wurde. Es aktiviert die Entwicklung von Mikroorganismen und erh\u00f6ht die Gesamth\u00e4rte des Wassers. ","_seopress_robots_index":""},"product_brand":[],"product_cat":[1241],"product_tag":[],"class_list":{"0":"post-22688","1":"product","2":"type-product","3":"status-publish","4":"has-post-thumbnail","6":"product_cat-wasserverbesserung","7":"product_shipping_class-nl-standard-de","8":"pa_formaat-1500-g-de","9":"pa_formaat-3600-g-de","10":"pa_geschikt-voor-fur-20-000-liter-wasser","11":"yith_product_brand-vincia-de","12":"entry","13":"has-media","15":"first","16":"instock","17":"taxable","18":"shipping-taxable","19":"purchasable","20":"product-type-variable","21":"has-default-attributes","22":"col","23":"span_1_of_4","24":"wvn-content-left","25":"wvn-thumbs-layout-vertical","26":"wvn-btn-normal","27":"wvn-tabs-layout-vertical"},"acf":[],"_links":{"self":[{"href":"https:\/\/wateryou.eu\/de\/wp-json\/wp\/v2\/product\/22688","targetHints":{"allow":["GET"]}}],"collection":[{"href":"https:\/\/wateryou.eu\/de\/wp-json\/wp\/v2\/product"}],"about":[{"href":"https:\/\/wateryou.eu\/de\/wp-json\/wp\/v2\/types\/product"}],"replies":[{"embeddable":true,"href":"https:\/\/wateryou.eu\/de\/wp-json\/wp\/v2\/comments?post=22688"}],"wp:featuredmedia":[{"embeddable":true,"href":"https:\/\/wateryou.eu\/de\/wp-json\/wp\/v2\/media\/22298"}],"wp:attachment":[{"href":"https:\/\/wateryou.eu\/de\/wp-json\/wp\/v2\/media?parent=22688"}],"wp:term":[{"taxonomy":"product_brand","embeddable":true,"href":"https:\/\/wateryou.eu\/de\/wp-json\/wp\/v2\/product_brand?post=22688"},{"taxonomy":"product_cat","embeddable":true,"href":"https:\/\/wateryou.eu\/de\/wp-json\/wp\/v2\/product_cat?post=22688"},{"taxonomy":"product_tag","embeddable":true,"href":"https:\/\/wateryou.eu\/de\/wp-json\/wp\/v2\/product_tag?post=22688"}],"curies":[{"name":"wp","href":"https:\/\/api.w.org\/{rel}","templated":true}]}}