{"id":22684,"date":"2023-04-20T13:56:43","date_gmt":"2023-04-20T11:56:43","guid":{"rendered":"https:\/\/wateryou.eu\/product\/plant-sock-2\/"},"modified":"2023-04-20T13:56:43","modified_gmt":"2023-04-20T11:56:43","slug":"plant-sock-2","status":"publish","type":"product","link":"https:\/\/wateryou.eu\/de\/produkt\/plant-sock-2\/","title":{"rendered":"Plant Sock"},"content":{"rendered":"<p>Der Plant Sock von Velda ist ein flexibles und robustes Gewebe, das sich perfekt f\u00fcr die Bepflanzung von Teichr\u00e4ndern und -biegungen eignet. Das feinmaschige Gewebe verhindert das Verwildern der Wurzeln von Teichpflanzen und das Ausschwemmen der Teicherde. Mit dem Pflanzensocken k\u00f6nnen Sie ganz einfach verschiedene Teichpflanzenarten in die Abdeckung einsetzen, die Erde gut anfeuchten und den Sock anschlie\u00dfend mit den Druckkn\u00f6pfen verschlie\u00dfen. F\u00fcr \u00fcppiges Wachstum k\u00f6nnen Sie Wachstumsb\u00e4lle hinzuf\u00fcgen. Der Plant Sock eignet sich daher optimal zur Teichbepflanzung und verf\u00fcgt \u00fcber folgende Eigenschaften:<br \/>\n&#8211; Flexibel<br \/>\n&#8211; Stark gewebtes Material<br \/>\n&#8211; Feines Netz<br \/>\n&#8211; Stabil zu platzieren    <\/p>\n","protected":false},"excerpt":{"rendered":"<p>gro\u00dfer Pflanzkorb f\u00fcr Teichpflanzen<\/p>\n","protected":false},"featured_media":22284,"comment_status":"closed","ping_status":"closed","template":"","meta":{"_acf_changed":false,"_seopress_robots_primary_cat":"none","_seopress_titles_title":"Plant Sock - Wateryou","_seopress_titles_desc":"Die Plant sock ist sehr feinmaschig und stabil, wodurch verhindert wird, dass die Wurzeln von Wasserpflanzen wild wachsen und den Teichboden wegsp\u00fclen. Geeignet f\u00fcr alle Teichpflanzen. ","_seopress_robots_index":""},"product_brand":[],"product_cat":[1227],"product_tag":[],"class_list":{"0":"post-22684","1":"product","2":"type-product","3":"status-publish","4":"has-post-thumbnail","6":"product_cat-pflanzenkorbe","7":"product_shipping_class-nl-standard-de","8":"pa_formaat-o-10-x-80-cm-de","9":"pa_formaat-o-15-x-80-cm-de","10":"pa_geschikt-voor-35-stuks-in-display-de","11":"yith_product_brand-velda-de","12":"entry","13":"has-media","15":"first","16":"instock","17":"taxable","18":"shipping-taxable","19":"purchasable","20":"product-type-variable","21":"has-default-attributes","22":"col","23":"span_1_of_4","24":"wvn-content-left","25":"wvn-thumbs-layout-vertical","26":"wvn-btn-normal","27":"wvn-tabs-layout-vertical"},"acf":[],"_links":{"self":[{"href":"https:\/\/wateryou.eu\/de\/wp-json\/wp\/v2\/product\/22684","targetHints":{"allow":["GET"]}}],"collection":[{"href":"https:\/\/wateryou.eu\/de\/wp-json\/wp\/v2\/product"}],"about":[{"href":"https:\/\/wateryou.eu\/de\/wp-json\/wp\/v2\/types\/product"}],"replies":[{"embeddable":true,"href":"https:\/\/wateryou.eu\/de\/wp-json\/wp\/v2\/comments?post=22684"}],"wp:featuredmedia":[{"embeddable":true,"href":"https:\/\/wateryou.eu\/de\/wp-json\/wp\/v2\/media\/22284"}],"wp:attachment":[{"href":"https:\/\/wateryou.eu\/de\/wp-json\/wp\/v2\/media?parent=22684"}],"wp:term":[{"taxonomy":"product_brand","embeddable":true,"href":"https:\/\/wateryou.eu\/de\/wp-json\/wp\/v2\/product_brand?post=22684"},{"taxonomy":"product_cat","embeddable":true,"href":"https:\/\/wateryou.eu\/de\/wp-json\/wp\/v2\/product_cat?post=22684"},{"taxonomy":"product_tag","embeddable":true,"href":"https:\/\/wateryou.eu\/de\/wp-json\/wp\/v2\/product_tag?post=22684"}],"curies":[{"name":"wp","href":"https:\/\/api.w.org\/{rel}","templated":true}]}}