{"id":22682,"date":"2023-04-20T13:56:51","date_gmt":"2023-04-20T11:56:51","guid":{"rendered":"https:\/\/wateryou.eu\/product\/natru-sal-teichsalz\/"},"modified":"2023-04-20T13:56:51","modified_gmt":"2023-04-20T11:56:51","slug":"natru-sal-teichsalz","status":"publish","type":"product","link":"https:\/\/wateryou.eu\/de\/produkt\/natru-sal-teichsalz\/","title":{"rendered":"Natru-Sal &#8211; Teichsalz"},"content":{"rendered":"<p>Natru-Sal ist ein nat\u00fcrliches Salz, das eine Reihe wichtiger Prozesse in der Teichumgebung unterst\u00fctzt. Es aktiviert und st\u00e4rkt die Mikroorganismen und verhindert so extreme pH-Schwankungen. Natru-Sal verhindert hohe Konzentrationen von Ammonium (NH4) und Nitrit (NO2). Dar\u00fcber hinaus hat es sehr positive Eigenschaften f\u00fcr den Fischbestand, beispielsweise eine Aktivierung der Schleimh\u00e4ute sowie die Vorbeugung von Pilz- und Parasitenbefall. Dar\u00fcber hinaus reduziert Natru-Sal die Stressempfindlichkeit bei \u00dcberbelegung und Neubesatz. Au\u00dferdem verst\u00e4rkt es die Wirkung von Medikamenten im Teich. Natru-Sal ist f\u00fcr 2.000 \u2013 10.000 Liter Wasser geeignet und enth\u00e4lt folgende Inhaltsstoffe: Natriumchlorid, Natriumcarbonat, Natriumhydroxid, Natriumcitrat und Natriumhydroxid.<\/p>\n","protected":false},"excerpt":{"rendered":"<p>Teichsalz stabilisiert den pH-Wert und aktiviert die Schleimhaut der Fische<\/p>\n","protected":false},"featured_media":21650,"comment_status":"closed","ping_status":"closed","template":"","meta":{"_acf_changed":false,"_seopress_robots_primary_cat":"none","_seopress_titles_title":"","_seopress_titles_desc":"","_seopress_robots_index":""},"product_brand":[],"product_cat":[1241],"product_tag":[],"class_list":{"0":"post-22682","1":"product","2":"type-product","3":"status-publish","4":"has-post-thumbnail","6":"product_cat-wasserverbesserung","7":"product_shipping_class-nl-standard-de","8":"pa_formaat-1000-ml-de","9":"pa_geschikt-voor-fuer-2000-liter-wasser","10":"yith_product_brand-velda-de","11":"entry","12":"has-media","14":"first","15":"instock","16":"taxable","17":"shipping-taxable","18":"purchasable","19":"product-type-simple","20":"col","21":"span_1_of_4","22":"wvn-content-left","23":"wvn-thumbs-layout-vertical","24":"wvn-btn-normal","25":"wvn-tabs-layout-vertical"},"acf":[],"_links":{"self":[{"href":"https:\/\/wateryou.eu\/de\/wp-json\/wp\/v2\/product\/22682","targetHints":{"allow":["GET"]}}],"collection":[{"href":"https:\/\/wateryou.eu\/de\/wp-json\/wp\/v2\/product"}],"about":[{"href":"https:\/\/wateryou.eu\/de\/wp-json\/wp\/v2\/types\/product"}],"replies":[{"embeddable":true,"href":"https:\/\/wateryou.eu\/de\/wp-json\/wp\/v2\/comments?post=22682"}],"wp:featuredmedia":[{"embeddable":true,"href":"https:\/\/wateryou.eu\/de\/wp-json\/wp\/v2\/media\/21650"}],"wp:attachment":[{"href":"https:\/\/wateryou.eu\/de\/wp-json\/wp\/v2\/media?parent=22682"}],"wp:term":[{"taxonomy":"product_brand","embeddable":true,"href":"https:\/\/wateryou.eu\/de\/wp-json\/wp\/v2\/product_brand?post=22682"},{"taxonomy":"product_cat","embeddable":true,"href":"https:\/\/wateryou.eu\/de\/wp-json\/wp\/v2\/product_cat?post=22682"},{"taxonomy":"product_tag","embeddable":true,"href":"https:\/\/wateryou.eu\/de\/wp-json\/wp\/v2\/product_tag?post=22682"}],"curies":[{"name":"wp","href":"https:\/\/api.w.org\/{rel}","templated":true}]}}