{"id":22677,"date":"2023-04-20T13:56:51","date_gmt":"2023-04-20T11:56:51","guid":{"rendered":"https:\/\/wateryou.eu\/product\/teichklar\/"},"modified":"2026-03-04T13:27:46","modified_gmt":"2026-03-04T12:27:46","slug":"teichklar","status":"publish","type":"product","link":"https:\/\/wateryou.eu\/de\/produkt\/teichklar\/","title":{"rendered":"Teichklar"},"content":{"rendered":"<p>Teichklar von VT ist ein leistungsstarkes Produkt, das alle Arten von schwimmendem Schmutz bindet, sodass dieser leicht aus dem Teich entfernt werden kann und das Teichwasser wieder klar ist. Mit dem GH Plus von Velda k\u00f6nnen Sie die Qualit\u00e4t des Teichwassers \u00fcberpr\u00fcfen und die H\u00e4rte anpassen. Der ideale GH-Wert liegt zwischen 8 und 12\u00ba DH. Bei zu warmem Wasser und vielen Fischen im Teichwasser kann es zu Sauerstoffmangel kommen. Eine Bel\u00fcftung oder ein teilweiser Wasserwechsel kann dann notwendig sein.    <\/p>\n<p>VT Teichklar enth\u00e4lt eine einzigartige Zusammensetzung nat\u00fcrlicher Inhaltsstoffe, darunter Algizide, Bakterizide und Adsorbentien, und ist in Packungen zu 500 ml, 1000 ml, 2000 ml und 10.000 ml erh\u00e4ltlich. Es ist ein sicheres, biologisch abbaubares Produkt, das die Umwelt nicht sch\u00e4digt. Es ist ideal zur Verbesserung der Wasserqualit\u00e4t und zur Wiederherstellung eines klaren Teichs.  <\/p>\n","protected":false},"excerpt":{"rendered":"<p>macht tr\u00fcbes Teichwasser wieder klar<\/p>\n","protected":false},"featured_media":22344,"comment_status":"closed","ping_status":"closed","template":"","meta":{"_acf_changed":false,"_seopress_robots_primary_cat":"none","_seopress_titles_title":"Teichklar - Wateryou","_seopress_titles_desc":"Teichklar von Velda kann jede Form von schwimmendem Schmutz binden, sodass dieser leicht aus dem Teichwasser entfernt werden kann.","_seopress_robots_index":""},"product_brand":[],"product_cat":[1245],"product_tag":[],"class_list":{"0":"post-22677","1":"product","2":"type-product","3":"status-publish","4":"has-post-thumbnail","6":"product_cat-grunes-wasser","7":"product_shipping_class-nl-standard-de","8":"pa_formaat-1000-ml-de","9":"pa_formaat-2000-ml-de","10":"pa_formaat-2500-ml-de","11":"pa_formaat-500-ml-de","12":"pa_geschikt-voor-fuer-5000-liter-wasser","13":"yith_product_brand-velda-de","14":"yith_product_brand-vt-de-2","15":"entry","16":"has-media","18":"first","19":"instock","20":"taxable","21":"shipping-taxable","22":"purchasable","23":"product-type-variable","24":"has-default-attributes","25":"col","26":"span_1_of_4","27":"wvn-content-left","28":"wvn-thumbs-layout-vertical","29":"wvn-btn-normal","30":"wvn-tabs-layout-vertical"},"acf":[],"_links":{"self":[{"href":"https:\/\/wateryou.eu\/de\/wp-json\/wp\/v2\/product\/22677","targetHints":{"allow":["GET"]}}],"collection":[{"href":"https:\/\/wateryou.eu\/de\/wp-json\/wp\/v2\/product"}],"about":[{"href":"https:\/\/wateryou.eu\/de\/wp-json\/wp\/v2\/types\/product"}],"replies":[{"embeddable":true,"href":"https:\/\/wateryou.eu\/de\/wp-json\/wp\/v2\/comments?post=22677"}],"wp:featuredmedia":[{"embeddable":true,"href":"https:\/\/wateryou.eu\/de\/wp-json\/wp\/v2\/media\/22344"}],"wp:attachment":[{"href":"https:\/\/wateryou.eu\/de\/wp-json\/wp\/v2\/media?parent=22677"}],"wp:term":[{"taxonomy":"product_brand","embeddable":true,"href":"https:\/\/wateryou.eu\/de\/wp-json\/wp\/v2\/product_brand?post=22677"},{"taxonomy":"product_cat","embeddable":true,"href":"https:\/\/wateryou.eu\/de\/wp-json\/wp\/v2\/product_cat?post=22677"},{"taxonomy":"product_tag","embeddable":true,"href":"https:\/\/wateryou.eu\/de\/wp-json\/wp\/v2\/product_tag?post=22677"}],"curies":[{"name":"wp","href":"https:\/\/api.w.org\/{rel}","templated":true}]}}