{"id":22670,"date":"2023-04-20T13:56:55","date_gmt":"2023-04-20T11:56:55","guid":{"rendered":"https:\/\/wateryou.eu\/product\/maerl-wasserverbesserung\/"},"modified":"2026-05-03T13:03:20","modified_gmt":"2026-05-03T11:03:20","slug":"maerl-wasserverbesserung","status":"publish","type":"product","link":"https:\/\/wateryou.eu\/de\/produkt\/maerl-wasserverbesserung\/","title":{"rendered":"Ma\u00ebrl &#8211; Wasserverbesserung"},"content":{"rendered":"<p>Mit den 100 % nat\u00fcrlichen Teichprodukten von Vincia bietet Velda eine umweltfreundliche L\u00f6sung, um Ihren Teich, Ihre Fische und Ihre Pflanzen klar, gesund und sch\u00f6n zu halten. Ma\u00ebrl ist ein Naturprodukt mit sehr niedrigem Phosphatgehalt, das sich ideal f\u00fcr neue Teiche und zur Klar- und Gesunderhaltung tr\u00fcben Wassers eignet. Dadurch erh\u00f6ht sich die Gesamth\u00e4rte des Wassers und die Entwicklung von Mikroorganismen wird aktiviert. Vorteile:   <\/p>\n<p>&#8211; 100% umweltfreundlich und biologisch abbaubar<br \/>\n&#8211; Erh\u00f6ht die Gesamth\u00e4rte des Wassers<br \/>\n&#8211; Aktiviert die Entwicklung von Mikroorganismen<br \/>\n&#8211; Ideal f\u00fcr neu angelegte Teiche<br \/>\n&#8211; Niedriger Phosphatgehalt<br \/>\n&#8211; Beugt Problemen durch niedrige Wasserh\u00e4rte vor<\/p>\n","protected":false},"excerpt":{"rendered":"<p>Naturprodukt f\u00fcr klares Wasser und einen gesunden Teich<\/p>\n","protected":false},"featured_media":22296,"comment_status":"closed","ping_status":"closed","template":"","meta":{"_acf_changed":false,"_seopress_robots_primary_cat":"none","_seopress_titles_title":"Ma\u00ebrl Original - Wasserverbesserung - Wateryou","_seopress_titles_desc":"Vincia 100 % nat\u00fcrliche Teichprodukte f\u00fcr klare, gesunde und sch\u00f6ne Teiche. Ma\u00ebrl ist ein Naturprodukt mit niedrigem Phosphatgehalt, perfekt zur Kl\u00e4rung von tr\u00fcbem Wasser. Erh\u00f6ht die Wasserh\u00e4rte und aktiviert Mikroorganismen. Umweltfreundlich, biologisch abbaubar und beugt Problemen durch niedrige Wasserh\u00e4rte vor.   ","_seopress_robots_index":""},"product_brand":[],"product_cat":[1241],"product_tag":[],"class_list":{"0":"post-22670","1":"product","2":"type-product","3":"status-publish","4":"has-post-thumbnail","6":"product_cat-wasserverbesserung","7":"product_shipping_class-nl-standard-de","8":"pa_formaat-1800-g-de","9":"pa_formaat-3300-g-de","10":"pa_formaat-700-g-de","11":"pa_geschikt-voor-fur-20-000-liter-wasser","12":"yith_product_brand-vincia-de","13":"entry","14":"has-media","16":"first","17":"instock","18":"taxable","19":"shipping-taxable","20":"purchasable","21":"product-type-variable","22":"has-default-attributes","23":"col","24":"span_1_of_4","25":"wvn-content-left","26":"wvn-thumbs-layout-vertical","27":"wvn-btn-normal","28":"wvn-tabs-layout-vertical"},"acf":[],"_links":{"self":[{"href":"https:\/\/wateryou.eu\/de\/wp-json\/wp\/v2\/product\/22670","targetHints":{"allow":["GET"]}}],"collection":[{"href":"https:\/\/wateryou.eu\/de\/wp-json\/wp\/v2\/product"}],"about":[{"href":"https:\/\/wateryou.eu\/de\/wp-json\/wp\/v2\/types\/product"}],"replies":[{"embeddable":true,"href":"https:\/\/wateryou.eu\/de\/wp-json\/wp\/v2\/comments?post=22670"}],"wp:featuredmedia":[{"embeddable":true,"href":"https:\/\/wateryou.eu\/de\/wp-json\/wp\/v2\/media\/22296"}],"wp:attachment":[{"href":"https:\/\/wateryou.eu\/de\/wp-json\/wp\/v2\/media?parent=22670"}],"wp:term":[{"taxonomy":"product_brand","embeddable":true,"href":"https:\/\/wateryou.eu\/de\/wp-json\/wp\/v2\/product_brand?post=22670"},{"taxonomy":"product_cat","embeddable":true,"href":"https:\/\/wateryou.eu\/de\/wp-json\/wp\/v2\/product_cat?post=22670"},{"taxonomy":"product_tag","embeddable":true,"href":"https:\/\/wateryou.eu\/de\/wp-json\/wp\/v2\/product_tag?post=22670"}],"curies":[{"name":"wp","href":"https:\/\/api.w.org\/{rel}","templated":true}]}}